{"id":23174,"date":"2025-04-10T12:05:47","date_gmt":"2025-04-10T10:05:47","guid":{"rendered":"https:\/\/myspainfood.com\/producto\/gewuerzgurke-225-kg-nettogewicht\/"},"modified":"2025-05-08T20:41:09","modified_gmt":"2025-05-08T18:41:09","slug":"gewuerzgurke-225-kg-nettogewicht","status":"publish","type":"product","link":"https:\/\/myspainfood.com\/de\/producto\/gewuerzgurke-225-kg-nettogewicht\/","title":{"rendered":"Gew\u00fcrzgurke 2,25 Kg Nettogewicht"},"content":{"rendered":"<p>Gew\u00fcrzgurken 2,25 kg netto - Nur mit Gurken, Wasser und Salz erhalten Sie einen der k\u00f6stlichsten <a href=\"https:\/\/www.google.com\/search?q=pepinillos+gordos&amp;tbm=isch&amp;ved=2ahUKEwj6xNCv8-_1AhWXiP0HHcNGC0QQ2-cCegQIABAA&amp;oq=pepinillos+gordos&amp;gs_lcp=CgNpbWcQA1DZFVjlJ2DcK2gAcAB4AIABYYgB4wqSAQIxOJgBAKABAaoBC2d3cy13aXotaW1nwAEB&amp;sclient=img&amp;ei=WUYCYrq0IpeR9u8Pw42toAQ&amp;bih=780&amp;biw=1577\" target=\"_blank\" rel=\"noopener noreferrer nofollow\">Snacks<\/a> \u00fcberhaupt.<\/p>\n<p>Die Mischung der Aromen der Zutaten zusammen mit dem Hauch von Essig verleiht ihm einen besonderen Geschmack, der sehr angenehm f\u00fcr den Gaumen ist.<\/p>\n<p>Essiggurken sind ein Snack, der das Immunsystem st\u00e4rkt, d.h. sie unterst\u00fctzen die Abwehrkr\u00e4fte und die allgemeine Gesundheit.<\/p>\n<h3><strong>Vorteile des Gurkengewichts 2,25kg Nettogewicht<\/strong><\/h3>\n<p>Kennen Sie die Vorteile von Essiggurken im Allgemeinen? Hier ist eine Liste mit den wichtigsten davon: <\/p>\n<ul>\n<li>Reich an Probiotika.<\/li>\n<li>Sie f\u00f6rdern die Verdauung.<\/li>\n<li>Sie st\u00e4rken das Immunsystem.<\/li>\n<li>Sie reduzieren den Hei\u00dfhunger auf Zucker.<\/li>\n<li>G\u00fcnstig f\u00fcr die Gallenblase.<\/li>\n<\/ul>\n<p>Wenn Sie Oliven oder eine andere Art von <a href=\"https:\/\/latiendadesami.com\/categoria-producto\/encurtidos\/\" rel=\"noopener noreferrer nofollow\" target=\"_blank\">Essiggurken<\/a> kaufen m\u00f6chten, z\u00f6gern Sie nicht, einen Blick in unseren Online-Katalog zu werfen, um die gro\u00dfe Auswahl an <a href=\"https:\/\/latiendadesami.com\/categoria-producto\/encurtidos\/pepinillos\/\" target=\"_blank\" rel=\"noopener noreferrer nofollow\">Essiggurken<\/a> zu sehen, die wir anbieten.<\/p>\n","protected":false},"excerpt":{"rendered":"<p>Gew\u00fcrzgurken 2,25 kg netto - Nur mit Gurken, Wasser und Salz erhalten Sie einen der k\u00f6stlichsten Snacks \u00fcberhaupt. Die Mischung der Aromen der Zutaten zusammen mit dem Hauch von Essig verleiht ihm einen besonderen Geschmack, der sehr angenehm f\u00fcr den Gaumen ist. Essiggurken sind ein Snack, der das Immunsystem st\u00e4rkt, d.h. sie unterst\u00fctzen die Abwehrkr\u00e4fte [&hellip;]<\/p>\n","protected":false},"featured_media":7812,"template":"","meta":{"_et_pb_use_builder":"","_et_pb_old_content":"","_et_gb_content_width":""},"product_brand":[],"product_cat":[1597,1638],"product_tag":[2024],"class_list":{"0":"post-23174","1":"product","2":"type-product","3":"status-publish","4":"has-post-thumbnail","6":"product_cat-essiggurken","7":"product_cat-gewurzgurken","8":"product_tag-gewurzgurke","10":"first","11":"instock","12":"taxable","13":"shipping-taxable","14":"purchasable","15":"product-type-simple"},"_links":{"self":[{"href":"https:\/\/myspainfood.com\/de\/wp-json\/wp\/v2\/product\/23174","targetHints":{"allow":["GET"]}}],"collection":[{"href":"https:\/\/myspainfood.com\/de\/wp-json\/wp\/v2\/product"}],"about":[{"href":"https:\/\/myspainfood.com\/de\/wp-json\/wp\/v2\/types\/product"}],"wp:featuredmedia":[{"embeddable":true,"href":"https:\/\/myspainfood.com\/de\/wp-json\/wp\/v2\/media\/7812"}],"wp:attachment":[{"href":"https:\/\/myspainfood.com\/de\/wp-json\/wp\/v2\/media?parent=23174"}],"wp:term":[{"taxonomy":"product_brand","embeddable":true,"href":"https:\/\/myspainfood.com\/de\/wp-json\/wp\/v2\/product_brand?post=23174"},{"taxonomy":"product_cat","embeddable":true,"href":"https:\/\/myspainfood.com\/de\/wp-json\/wp\/v2\/product_cat?post=23174"},{"taxonomy":"product_tag","embeddable":true,"href":"https:\/\/myspainfood.com\/de\/wp-json\/wp\/v2\/product_tag?post=23174"}],"curies":[{"name":"wp","href":"https:\/\/api.w.org\/{rel}","templated":true}]}}