{"id":23214,"date":"2025-04-10T12:05:54","date_gmt":"2025-04-10T10:05:54","guid":{"rendered":"https:\/\/myspainfood.com\/producto\/sardinillas-oti-925gr\/"},"modified":"2025-04-10T12:05:54","modified_gmt":"2025-04-10T10:05:54","slug":"sardinillas-oti-925gr","status":"publish","type":"product","link":"https:\/\/myspainfood.com\/de\/producto\/sardinillas-oti-925gr\/","title":{"rendered":"Sardinillas Oti 925gr"},"content":{"rendered":"<p>Conservas Oti w\u00e4hlt die besten Sardinen aus, die von Hand geschnitten, gek\u00f6pft und ges\u00e4ubert, dann dampfger\u00f6stet und in Sonnenblumen\u00f6l verpackt werden. Sie zeichnen sich durch ihr attraktives silbriges Aussehen, ihre cremige Textur, ihren intensiven Fischgeschmack und ihre gro\u00dfartige Pr\u00e4sentation aus. Dank ihres hohen Omega-3-Gehalts tragen sie zu einer mediterranen Ern\u00e4hrung bei.  <\/p>\n","protected":false},"excerpt":{"rendered":"<p>Conservas Oti w\u00e4hlt die besten Sardinen aus, die von Hand geschnitten, gek\u00f6pft und ges\u00e4ubert, dann dampfger\u00f6stet und in Sonnenblumen\u00f6l verpackt werden. Sie zeichnen sich durch ihr attraktives silbriges Aussehen, ihre cremige Textur, ihren intensiven Fischgeschmack und ihre gro\u00dfartige Pr\u00e4sentation aus. Dank ihres hohen Omega-3-Gehalts tragen sie zu einer mediterranen Ern\u00e4hrung bei.<\/p>\n","protected":false},"featured_media":8280,"template":"","meta":{"_et_pb_use_builder":"","_et_pb_old_content":"","_et_gb_content_width":""},"product_brand":[1075],"product_cat":[1948,3772],"product_tag":[],"class_list":{"0":"post-23214","1":"product","2":"type-product","3":"status-publish","4":"has-post-thumbnail","6":"product_brand-oti","7":"product_cat-konserven","8":"product_cat-sardinillas-de","10":"first","11":"outofstock","12":"taxable","13":"shipping-taxable","14":"purchasable","15":"product-type-variable"},"_links":{"self":[{"href":"https:\/\/myspainfood.com\/de\/wp-json\/wp\/v2\/product\/23214","targetHints":{"allow":["GET"]}}],"collection":[{"href":"https:\/\/myspainfood.com\/de\/wp-json\/wp\/v2\/product"}],"about":[{"href":"https:\/\/myspainfood.com\/de\/wp-json\/wp\/v2\/types\/product"}],"wp:featuredmedia":[{"embeddable":true,"href":"https:\/\/myspainfood.com\/de\/wp-json\/wp\/v2\/media\/8280"}],"wp:attachment":[{"href":"https:\/\/myspainfood.com\/de\/wp-json\/wp\/v2\/media?parent=23214"}],"wp:term":[{"taxonomy":"product_brand","embeddable":true,"href":"https:\/\/myspainfood.com\/de\/wp-json\/wp\/v2\/product_brand?post=23214"},{"taxonomy":"product_cat","embeddable":true,"href":"https:\/\/myspainfood.com\/de\/wp-json\/wp\/v2\/product_cat?post=23214"},{"taxonomy":"product_tag","embeddable":true,"href":"https:\/\/myspainfood.com\/de\/wp-json\/wp\/v2\/product_tag?post=23214"}],"curies":[{"name":"wp","href":"https:\/\/api.w.org\/{rel}","templated":true}]}}