{"id":25158,"date":"2025-04-10T12:05:46","date_gmt":"2025-04-10T10:05:46","guid":{"rendered":"https:\/\/myspainfood.com\/producto\/gefuellte-gewuerzgurken-mit-sardellen-2-kg-nein\/"},"modified":"2025-07-31T20:07:00","modified_gmt":"2025-07-31T18:07:00","slug":"gefuellte-gewuerzgurken-mit-sardellen-2-kg-nein","status":"publish","type":"product","link":"https:\/\/myspainfood.com\/de\/producto\/gefuellte-gewuerzgurken-mit-sardellen-2-kg-nein\/","title":{"rendered":"Gef\u00fcllte Gew\u00fcrzgurken mit Sardellen 2 kg nein"},"content":{"rendered":"<p>Gef\u00fcllte Sardellengurke 2kg - Gurke, Sardelle, Zwiebel, Olive, Pfeffer, Salz. Zum Genie\u00dfen als <a href=\"https:\/\/www.google.com\/search?q=pepinillos+rellenos+de+anchoa&amp;sxsrf=APq-WBt_i-Tka1Uv3POveVZqwLAkAbPIVg:1644316240904&amp;source=lnms&amp;tbm=isch&amp;sa=X&amp;ved=2ahUKEwj7or-r8-_1AhXO57sIHTYYAU0Q_AUoAXoECAEQAw&amp;biw=1577&amp;bih=780&amp;dpr=1\" target=\"_blank\" rel=\"noopener noreferrer nofollow\">Vorspeise<\/a>. <\/p>\n<p>Die Mischung der Aromen der Zutaten zusammen mit dem Hauch von Essig verleiht ihm einen besonderen Geschmack, der sehr angenehm f\u00fcr den Gaumen ist.<\/p>\n<p>Essiggurken sind ein Snack, der das Immunsystem st\u00e4rkt, d.h. sie unterst\u00fctzen die Abwehrkr\u00e4fte und die allgemeine Gesundheit.<\/p>\n<h3><strong>Vorteile von Gef\u00fcllte Sardellengurke 2kg<\/strong><\/h3>\n<p>Kennen Sie die Vorteile von Essiggurken im Allgemeinen? Hier ist eine Liste mit den wichtigsten davon: <\/p>\n<ul>\n<li>Reich an Probiotika.<\/li>\n<li>Sie f\u00f6rdern die Verdauung.<\/li>\n<li>Sie st\u00e4rken das Immunsystem.<\/li>\n<li>Sie reduzieren den Hei\u00dfhunger auf Zucker.<\/li>\n<li>G\u00fcnstig f\u00fcr die Gallenblase.<\/li>\n<\/ul>\n<p>Wenn Sie Oliven oder eine andere Art von <a href=\"https:\/\/latiendadesami.com\/categoria-producto\/encurtidos\/\" rel=\"noopener noreferrer nofollow\" target=\"_blank\">Essiggurken<\/a> kaufen m\u00f6chten, z\u00f6gern Sie nicht, einen Blick in unseren Online-Katalog zu werfen, um die gro\u00dfe Auswahl an <a href=\"https:\/\/latiendadesami.com\/categoria-producto\/encurtidos\/pepinillos\/\" target=\"_blank\" rel=\"noopener noreferrer nofollow\">Essiggurken<\/a> zu sehen, die wir anbieten.<\/p>\n","protected":false},"excerpt":{"rendered":"<p>Gef\u00fcllte Sardellengurke 2kg - Gurke, Sardelle, Zwiebel, Olive, Pfeffer, Salz. Zum Genie\u00dfen als Vorspeise. Die Mischung der Aromen der Zutaten zusammen mit dem Hauch von Essig verleiht ihm einen besonderen Geschmack, der sehr angenehm f\u00fcr den Gaumen ist. Essiggurken sind ein Snack, der das Immunsystem st\u00e4rkt, d.h. sie unterst\u00fctzen die Abwehrkr\u00e4fte und die allgemeine Gesundheit. [&hellip;]<\/p>\n","protected":false},"featured_media":7794,"template":"","meta":{"_et_pb_use_builder":"","_et_pb_old_content":"","_et_gb_content_width":""},"product_brand":[1069],"product_cat":[1597,1638,1856],"product_tag":[2024,5004],"class_list":{"0":"post-25158","1":"product","2":"type-product","3":"status-publish","4":"has-post-thumbnail","6":"product_brand-sangar","7":"product_cat-essiggurken","8":"product_cat-gewurzgurken","9":"product_cat-kalt","10":"product_tag-gewurzgurke","11":"product_tag-sardellen","12":"product_shipping_class-kalter-versand","14":"first","15":"instock","16":"taxable","17":"shipping-taxable","18":"purchasable","19":"product-type-simple"},"_links":{"self":[{"href":"https:\/\/myspainfood.com\/de\/wp-json\/wp\/v2\/product\/25158","targetHints":{"allow":["GET"]}}],"collection":[{"href":"https:\/\/myspainfood.com\/de\/wp-json\/wp\/v2\/product"}],"about":[{"href":"https:\/\/myspainfood.com\/de\/wp-json\/wp\/v2\/types\/product"}],"wp:featuredmedia":[{"embeddable":true,"href":"https:\/\/myspainfood.com\/de\/wp-json\/wp\/v2\/media\/7794"}],"wp:attachment":[{"href":"https:\/\/myspainfood.com\/de\/wp-json\/wp\/v2\/media?parent=25158"}],"wp:term":[{"taxonomy":"product_brand","embeddable":true,"href":"https:\/\/myspainfood.com\/de\/wp-json\/wp\/v2\/product_brand?post=25158"},{"taxonomy":"product_cat","embeddable":true,"href":"https:\/\/myspainfood.com\/de\/wp-json\/wp\/v2\/product_cat?post=25158"},{"taxonomy":"product_tag","embeddable":true,"href":"https:\/\/myspainfood.com\/de\/wp-json\/wp\/v2\/product_tag?post=25158"}],"curies":[{"name":"wp","href":"https:\/\/api.w.org\/{rel}","templated":true}]}}