{"id":25327,"date":"2025-04-10T12:05:46","date_gmt":"2025-04-10T10:05:46","guid":{"rendered":"https:\/\/myspainfood.com\/producto\/ohne-knochen-45-kg\/"},"modified":"2025-05-08T20:41:49","modified_gmt":"2025-05-08T18:41:49","slug":"ohne-knochen-45-kg","status":"publish","type":"product","link":"https:\/\/myspainfood.com\/de\/producto\/ohne-knochen-45-kg\/","title":{"rendered":"Ohne Knochen 4,5 kg"},"content":{"rendered":"<p>Die entsteinte Olive 4,5 kg hat eine gr\u00fcne Farbe und ist <a href=\"https:\/\/www.google.com\/search?q=aceitunas+deshuesadas&amp;sxsrf=APq-WBvbn4FM7rlwj2SbPE3GYq4nrKA1Ug:1644314369924&amp;source=lnms&amp;tbm=isch&amp;sa=X&amp;ved=2ahUKEwjE56uv7O_1AhWrgf0HHWvsDTUQ_AUoAXoECAEQAw&amp;biw=1577&amp;bih=780&amp;dpr=1\" target=\"_blank\" rel=\"noopener noreferrer nofollow\">entsteint<\/a>. Sie beh\u00e4lt ihre urspr\u00fcngliche Form. <\/p>\n<p>Er ist eine sehr gesunde Erg\u00e4nzung zu unserer traditionellen, nahrhaften mediterranen Ern\u00e4hrung.<\/p>\n<p>In Spanien finden wir Oliven, Gurken, Almagro-Auberginen, Karotten, Zwiebeln, ganz traditionell Kapern, Knoblauch oder sogar eine Mischung daraus.<\/p>\n<p>Sie werden oft als Tapas zu Bier serviert (nicht zu Wein, da sie Essig enthalten).<\/p>\n<p>Essiggurken haben sich von einer uralten Technik zur Konservierung von Lebensmitteln auf der ganzen Welt zu einer der beliebtesten Tapas oder Vorspeisen in der spanischen Gastronomie entwickelt.<\/p>\n<h3>Vorteile von entkernten Oliven 4,5 kg<\/h3>\n<p>Wussten Sie schon, dass diese Oliven sehr wirksam bei der Vorbeugung von Herz- und Kreislauferkrankungen im Allgemeinen sind? <\/p>\n<p>Das liegt an seinem hohen Gehalt an unges\u00e4ttigten Fetten. Au\u00dferdem ist es ein Lebensmittel, das viel Eisen und Ballaststoffe enth\u00e4lt und sehr s\u00e4ttigend ist, was es zu einem perfekten Snack macht. <\/p>\n<p>Wenn Sie Oliven oder eine andere Art von <a href=\"https:\/\/latiendadesami.com\/categoria-producto\/encurtidos\/\" rel=\"noopener noreferrer nofollow\" target=\"_blank\">eingelegten Lebensmitteln<\/a> kaufen m\u00f6chten, z\u00f6gern Sie nicht, einen Blick in unseren Online-Katalog zu werfen, um die gro\u00dfe Auswahl an <a href=\"https:\/\/latiendadesami.com\/categoria-producto\/encurtidos\/aceitunas\/\" target=\"_blank\" rel=\"noopener noreferrer nofollow\">Oliven<\/a> zu sehen, die wir anbieten.<\/p>\n<p>Sie k\u00f6nnen uns schreiben, um weitere Informationen \u00fcber unsere gesamte Musterkollektion zu erhalten.<\/p>\n","protected":false},"excerpt":{"rendered":"<p>Die entsteinte Olive 4,5 kg hat eine gr\u00fcne Farbe und ist entsteint. Sie beh\u00e4lt ihre urspr\u00fcngliche Form. Er ist eine sehr gesunde Erg\u00e4nzung zu unserer traditionellen, nahrhaften mediterranen Ern\u00e4hrung. In Spanien finden wir Oliven, Gurken, Almagro-Auberginen, Karotten, Zwiebeln, ganz traditionell Kapern, Knoblauch oder sogar eine Mischung daraus. Sie werden oft als Tapas zu Bier serviert [&hellip;]<\/p>\n","protected":false},"featured_media":7776,"template":"","meta":{"_et_pb_use_builder":"","_et_pb_old_content":"","_et_gb_content_width":""},"product_brand":[1069],"product_cat":[1597,1633],"product_tag":[5194],"class_list":{"0":"post-25327","1":"product","2":"type-product","3":"status-publish","4":"has-post-thumbnail","6":"product_brand-sangar","7":"product_cat-essiggurken","8":"product_cat-oliven-de","9":"product_tag-ohne-knochen","11":"first","12":"outofstock","13":"taxable","14":"shipping-taxable","15":"product-type-variable"},"_links":{"self":[{"href":"https:\/\/myspainfood.com\/de\/wp-json\/wp\/v2\/product\/25327","targetHints":{"allow":["GET"]}}],"collection":[{"href":"https:\/\/myspainfood.com\/de\/wp-json\/wp\/v2\/product"}],"about":[{"href":"https:\/\/myspainfood.com\/de\/wp-json\/wp\/v2\/types\/product"}],"wp:featuredmedia":[{"embeddable":true,"href":"https:\/\/myspainfood.com\/de\/wp-json\/wp\/v2\/media\/7776"}],"wp:attachment":[{"href":"https:\/\/myspainfood.com\/de\/wp-json\/wp\/v2\/media?parent=25327"}],"wp:term":[{"taxonomy":"product_brand","embeddable":true,"href":"https:\/\/myspainfood.com\/de\/wp-json\/wp\/v2\/product_brand?post=25327"},{"taxonomy":"product_cat","embeddable":true,"href":"https:\/\/myspainfood.com\/de\/wp-json\/wp\/v2\/product_cat?post=25327"},{"taxonomy":"product_tag","embeddable":true,"href":"https:\/\/myspainfood.com\/de\/wp-json\/wp\/v2\/product_tag?post=25327"}],"curies":[{"name":"wp","href":"https:\/\/api.w.org\/{rel}","templated":true}]}}