{"id":25710,"date":"2025-04-10T12:06:58","date_gmt":"2025-04-10T10:06:58","guid":{"rendered":"https:\/\/myspainfood.com\/producto\/bonito-en-escabeche-el-pescador-de-cantabria-220-g\/"},"modified":"2025-07-10T13:36:23","modified_gmt":"2025-07-10T11:36:23","slug":"bonito-en-escabeche-el-pescador-de-cantabria-220-g","status":"publish","type":"product","link":"https:\/\/myspainfood.com\/de\/producto\/bonito-en-escabeche-el-pescador-de-cantabria-220-g\/","title":{"rendered":"Bonito en Escabeche El Pescador de cantabria 220 g"},"content":{"rendered":"<p>Bonito en Escabeche Alta Cocina zubereitet von El <a href=\"https:\/\/elpescadordecantabria.es\/\" target=\"_blank\" rel=\"noopener noreferrer nofollow\">Pescador<\/a> de Cantabria. Qualit\u00e4t, Handwerkskunst und Tradition. <\/p>\n<p>Das Glasgef\u00e4\u00df ist 250 g schwer.<\/p>\n<p>Zutaten: Wei\u00dfer Thunfisch, Wasser, Essig, Sonnenblumen\u00f6l und Salz.<\/p>\n<p>El Pescador de Cantabria ist ein Unternehmen mit Sitz in Santo\u00f1a, in Kantabrien. Von diesem Standort aus wird die sorgf\u00e4ltige Produktionstechnik, die sie in Sizilien gelernt haben, beibehalten. <\/p>\n<p>Dieses Produkt ist dank seines hohen Gehalts an Omega-3-Fetts\u00e4uren und der Auswahl an \u00d6len und Salz hervorragend f\u00fcr die Gesundheit geeignet.<\/p>\n<p>Es ist ein schmackhaftes, gesundes und praktisches Produkt.<\/p>\n<h4>Die wichtigsten Vorteile von Dosenfutter<\/h4>\n<ol>\n<li>Sie bewahren alle ern\u00e4hrungsphysiologischen Eigenschaften der Lebensmittel selbst. Die Lebensmittel bewahren ihre Frische. <\/li>\n<li>Die verwendeten Lebensmittel sind gesund und eignen sich aufgrund ihres hohen Vitamin- und Proteingehalts f\u00fcr eine optimale Ern\u00e4hrung.<\/li>\n<li>Diese Produkte haben eine l\u00e4ngere Lebensdauer (typisch sind 2-5 Jahre).<\/li>\n<li>Die Konserven sind sehr einfach zu lagern, da ihre Verpackung leicht zu handhaben ist.<\/li>\n<\/ol>\n<p>Wenn Sie Albacore Thunfisch in Escabeche Alta Cocina oder eine andere Art von <a href=\"https:\/\/latiendadesami.com\/categoria-producto\/conservas\/\" rel=\"noopener noreferrer nofollow\" target=\"_blank\">Konserven<\/a> kaufen m\u00f6chten, z\u00f6gern Sie nicht, einen Blick in unseren Online-Katalog zu werfen, um die gro\u00dfe Auswahl an <a href=\"https:\/\/latiendadesami.com\/categoria-producto\/conservas\/atun-y-bonito\/\" target=\"_blank\" rel=\"noopener noreferrer nofollow\">Thunfisch<\/a> zu sehen, die wir haben.<\/p>\n<p>Schreiben Sie uns f\u00fcr weitere Informationen.<\/p>\n","protected":false},"excerpt":{"rendered":"<p>Eingelegter Harlekin Thunfisch gr<\/p>\n","protected":false},"featured_media":9378,"template":"","meta":{"_et_pb_use_builder":"","_et_pb_old_content":"","_et_gb_content_width":""},"product_brand":[1162],"product_cat":[1948,4250],"product_tag":[],"class_list":{"0":"post-25710","1":"product","2":"type-product","3":"status-publish","4":"has-post-thumbnail","6":"product_brand-arlequin","7":"product_cat-konserven","8":"product_cat-thunfisch-und-bonito","10":"first","11":"instock","12":"taxable","13":"shipping-taxable","14":"purchasable","15":"product-type-variable"},"_links":{"self":[{"href":"https:\/\/myspainfood.com\/de\/wp-json\/wp\/v2\/product\/25710","targetHints":{"allow":["GET"]}}],"collection":[{"href":"https:\/\/myspainfood.com\/de\/wp-json\/wp\/v2\/product"}],"about":[{"href":"https:\/\/myspainfood.com\/de\/wp-json\/wp\/v2\/types\/product"}],"wp:featuredmedia":[{"embeddable":true,"href":"https:\/\/myspainfood.com\/de\/wp-json\/wp\/v2\/media\/9378"}],"wp:attachment":[{"href":"https:\/\/myspainfood.com\/de\/wp-json\/wp\/v2\/media?parent=25710"}],"wp:term":[{"taxonomy":"product_brand","embeddable":true,"href":"https:\/\/myspainfood.com\/de\/wp-json\/wp\/v2\/product_brand?post=25710"},{"taxonomy":"product_cat","embeddable":true,"href":"https:\/\/myspainfood.com\/de\/wp-json\/wp\/v2\/product_cat?post=25710"},{"taxonomy":"product_tag","embeddable":true,"href":"https:\/\/myspainfood.com\/de\/wp-json\/wp\/v2\/product_tag?post=25710"}],"curies":[{"name":"wp","href":"https:\/\/api.w.org\/{rel}","templated":true}]}}