{"id":25902,"date":"2025-04-10T12:06:58","date_gmt":"2025-04-10T10:06:58","guid":{"rendered":"https:\/\/myspainfood.com\/producto\/thunfischbauch-arlequin-olivenoel-120-g\/"},"modified":"2025-09-02T10:38:39","modified_gmt":"2025-09-02T08:38:39","slug":"thunfischbauch-arlequin-olivenoel-120-g","status":"publish","type":"product","link":"https:\/\/myspainfood.com\/de\/producto\/thunfischbauch-arlequin-olivenoel-120-g\/","title":{"rendered":"Thunfischbauch Arlequ\u00edn Oliven\u00f6l 120 g"},"content":{"rendered":"<p>Der Arlequ\u00edn Thunfischbauch 120 gr von <a href=\"https:\/\/conservasarlequin.com\/arlequin\/\" target=\"_blank\" rel=\"noopener noreferrer nofollow\">Arlequ\u00edn<\/a> ist ein Konservenprodukt, das auf traditionelle Weise hergestellt wird.<\/p>\n<p><strong>Netto-\/Trockengewicht:<\/strong> 115g\/78g<\/p>\n<p><strong>Haltbarkeitsdauer:<\/strong> 5 Jahre<\/p>\n<p><strong>Naturschutz:<\/strong> Umwelt<\/p>\n<p>Conservas <a href=\"https:\/\/latiendadesami.com\/marca\/arlequin\/\" target=\"_blank\" rel=\"noopener noreferrer nofollow\">Arlequ\u00edn<\/a> hat es sich zur Aufgabe gemacht, ein hervorragendes Produkt, den besten Service und eine gro\u00dfe Auswahl an Fischkonserven zum besten Preis anzubieten.<\/p>\n<p>Sie sind auch spezialisiert auf Sardellen, Sardellen, Sardellen, Bonito, Gelbflossen-Thunfisch, Muscheln, Makrelen, Harlekin Thunfisch Bauch 120 gr und Sardinen.<\/p>\n<p>So sagte der Comidista in der Zeitung El Pa\u00eds \u00fcber die Ventresca: &#8222;Sie ist so zart, fast cremig, dass man sie heiraten und gl\u00fccklich leben m\u00f6chte, bis der Herr sie zu sich nimmt&#8220;.<\/p>\n<h4>Die wichtigsten Vorteile von Dosenfutter<\/h4>\n<ol>\n<li>Sie bewahren alle ern\u00e4hrungsphysiologischen Eigenschaften der Lebensmittel selbst. Die Lebensmittel bewahren ihre Frische. <\/li>\n<li>Die verwendeten Lebensmittel sind gesund und eignen sich aufgrund ihres hohen Vitamin- und Proteingehalts f\u00fcr eine optimale Ern\u00e4hrung.<\/li>\n<li>Diese Produkte haben eine l\u00e4ngere Lebensdauer (typisch sind 2-5 Jahre).<\/li>\n<li>Die Konserven sind sehr einfach zu lagern, da ihre Verpackung leicht zu handhaben ist.<\/li>\n<\/ol>\n<p>Wenn Sie Thunfisch oder eine andere Art von <a href=\"https:\/\/latiendadesami.com\/categoria-producto\/conservas\/\" rel=\"noopener noreferrer nofollow\" target=\"_blank\">Konserven<\/a> kaufen m\u00f6chten, z\u00f6gern Sie nicht, einen Blick in unseren Online-Katalog zu werfen, um die gro\u00dfe Auswahl an <a href=\"https:\/\/latiendadesami.com\/categoria-producto\/conservas\/atun-y-bonito\/\" target=\"_blank\" rel=\"noopener noreferrer nofollow\">Thunfisch<\/a> zu sehen, die wir anbieten.<\/p>\n<p>Schreiben Sie uns f\u00fcr weitere Informationen.<\/p>\n","protected":false},"excerpt":{"rendered":"<p>leichte Thunfischbauchfilets in Oliven\u00f6l<\/p>\n","protected":false},"featured_media":9288,"template":"","meta":{"_et_pb_use_builder":"","_et_pb_old_content":"","_et_gb_content_width":""},"product_brand":[1162],"product_cat":[1948,4250,3464],"product_tag":[],"class_list":{"0":"post-25902","1":"product","2":"type-product","3":"status-publish","4":"has-post-thumbnail","6":"product_brand-arlequin","7":"product_cat-konserven","8":"product_cat-thunfisch-und-bonito","9":"product_cat-ventresca-de","11":"first","12":"outofstock","13":"taxable","14":"shipping-taxable","15":"product-type-variable"},"_links":{"self":[{"href":"https:\/\/myspainfood.com\/de\/wp-json\/wp\/v2\/product\/25902","targetHints":{"allow":["GET"]}}],"collection":[{"href":"https:\/\/myspainfood.com\/de\/wp-json\/wp\/v2\/product"}],"about":[{"href":"https:\/\/myspainfood.com\/de\/wp-json\/wp\/v2\/types\/product"}],"wp:featuredmedia":[{"embeddable":true,"href":"https:\/\/myspainfood.com\/de\/wp-json\/wp\/v2\/media\/9288"}],"wp:attachment":[{"href":"https:\/\/myspainfood.com\/de\/wp-json\/wp\/v2\/media?parent=25902"}],"wp:term":[{"taxonomy":"product_brand","embeddable":true,"href":"https:\/\/myspainfood.com\/de\/wp-json\/wp\/v2\/product_brand?post=25902"},{"taxonomy":"product_cat","embeddable":true,"href":"https:\/\/myspainfood.com\/de\/wp-json\/wp\/v2\/product_cat?post=25902"},{"taxonomy":"product_tag","embeddable":true,"href":"https:\/\/myspainfood.com\/de\/wp-json\/wp\/v2\/product_tag?post=25902"}],"curies":[{"name":"wp","href":"https:\/\/api.w.org\/{rel}","templated":true}]}}