{"id":26599,"date":"2025-04-10T12:07:09","date_gmt":"2025-04-10T10:07:09","guid":{"rendered":"https:\/\/myspainfood.com\/producto\/herzmuscheln-serie-oro-20-30-stueck\/"},"modified":"2025-04-10T12:07:09","modified_gmt":"2025-04-10T10:07:09","slug":"herzmuscheln-serie-oro-20-30-stueck","status":"publish","type":"product","link":"https:\/\/myspainfood.com\/de\/producto\/herzmuscheln-serie-oro-20-30-stueck\/","title":{"rendered":"Herzmuscheln Serie ORO 20\/30 St\u00fcck"},"content":{"rendered":"<p>Die Serie <a href=\"https:\/\/conservasarlequin.com\/serie-oro\/\" target=\"_blank\" rel=\"noopener noreferrer nofollow\">Arlequ\u00edn<\/a> Golden Cockles 00 ist ein Konservenprodukt, das auf traditionelle Weise hergestellt wird.<\/p>\n<p><strong>Nettogewicht\/ Escu:<\/strong> 113g\/63g<\/p>\n<p><strong>Haltbarkeitsdauer:<\/strong> 4 Jahre<\/p>\n<p><strong>Naturschutz:<\/strong> Umwelt<\/p>\n<p><strong>Anzahl der Filets\/ Anzahl der St\u00fccke:<\/strong> 20\/30<\/p>\n<p>Conservas Arlequ\u00edn hat es sich zur Aufgabe gemacht, ein hervorragendes Produkt, den besten Service und eine gro\u00dfe Auswahl an Fischkonserven zum besten Preis anzubieten. Conservas <a href=\"https:\/\/latiendadesami.com\/marca\/arlequin\/\" target=\"_blank\" rel=\"noopener noreferrer nofollow\">Arlequ\u00edn<\/a> hat es sich zur Aufgabe gemacht, ein hervorragendes Produkt, den besten Service und eine gro\u00dfe Auswahl an Fischkonserven zum besten Preis anzubieten.<\/p>\n<p>Sie sind auch spezialisiert auf Sardellen, Herzmuscheln, Sardellen, Sardellen, Thunfisch, leichten Thunfisch, Muscheln, Makrelen und Sardinen.<\/p>\n<p>So sagte der Comidista in der Zeitung El Pa\u00eds \u00fcber die Ventresca: &#8222;Sie ist so zart, fast cremig, dass man sie heiraten und gl\u00fccklich leben m\u00f6chte, bis der Herr sie zu sich nimmt&#8220;.<\/p>\n<h4>Die wichtigsten Vorteile von Dosenfutter<\/h4>\n<ol>\n<li>Sie bewahren alle ern\u00e4hrungsphysiologischen Eigenschaften der Lebensmittel selbst. Die Lebensmittel bewahren ihre Frische. <\/li>\n<li>Die verwendeten Lebensmittel sind gesund und eignen sich aufgrund ihres hohen Vitamin- und Proteingehalts f\u00fcr eine optimale Ern\u00e4hrung.<\/li>\n<li>Diese Produkte haben eine l\u00e4ngere Lebensdauer (typisch sind 2-5 Jahre).<\/li>\n<li>Die Konserven sind sehr einfach zu lagern, da ihre Verpackung leicht zu handhaben ist.<\/li>\n<\/ol>\n<p>Wenn Sie Thunfisch oder eine andere Art von <a href=\"https:\/\/latiendadesami.com\/categoria-producto\/conservas\/\" rel=\"noopener noreferrer nofollow\" target=\"_blank\">Konserven<\/a> kaufen m\u00f6chten, z\u00f6gern Sie nicht, einen Blick in unseren Online-Katalog zu werfen, um die gro\u00dfe Auswahl an <a href=\"https:\/\/latiendadesami.com\/categoria-producto\/conservas\/atun-y-bonito\/\" target=\"_blank\" rel=\"noopener noreferrer nofollow\">Thunfisch<\/a> zu sehen, die wir anbieten.<\/p>\n<p>Schreiben Sie uns f\u00fcr weitere Informationen.<\/p>\n","protected":false},"excerpt":{"rendered":"<p><strong>Von der R\u00eda de Noia<\/p>\n<p>Ausgew\u00e4hlte Qualit\u00e4t<\/strong><\/p>\n<p><strong>Anzahl der St\u00fccke:<\/strong> 15\/25 St\u00fcck<\/p>\n<p><strong>Nettogewicht:<\/strong> 113 g<\/p>\n<p><strong>Abtropfgewicht: <\/strong>63 g<\/p>\n<p><strong>Zutaten: <\/strong><em>Herzmuscheln,<\/em> Wasser, Salz, S\u00e4uerungsmittel (E330, E331) und Antioxidationsmittel (E385).<\/p>\n<p><strong>Allergene:<\/strong> <em>Enth\u00e4lt Mollusken, Herzmuscheln.<\/em><\/p>\n<p>Bei Zimmertemperatur aufbewahren.<\/p>\n<p>Es wird empfohlen, ihn nach dem \u00d6ffnen vollst\u00e4ndig zu verzehren.<\/p>\n","protected":false},"featured_media":9351,"template":"","meta":{"_et_pb_use_builder":"","_et_pb_old_content":"","_et_gb_content_width":""},"product_brand":[1162],"product_cat":[5675,1948],"product_tag":[5629],"class_list":{"0":"post-26599","1":"product","2":"type-product","3":"status-publish","4":"has-post-thumbnail","6":"product_brand-arlequin","7":"product_cat-herzmuscheln","8":"product_cat-konserven","9":"product_tag-serieoro-de","11":"first","12":"outofstock","13":"sale","14":"taxable","15":"shipping-taxable","16":"purchasable","17":"product-type-simple"},"_links":{"self":[{"href":"https:\/\/myspainfood.com\/de\/wp-json\/wp\/v2\/product\/26599","targetHints":{"allow":["GET"]}}],"collection":[{"href":"https:\/\/myspainfood.com\/de\/wp-json\/wp\/v2\/product"}],"about":[{"href":"https:\/\/myspainfood.com\/de\/wp-json\/wp\/v2\/types\/product"}],"wp:featuredmedia":[{"embeddable":true,"href":"https:\/\/myspainfood.com\/de\/wp-json\/wp\/v2\/media\/9351"}],"wp:attachment":[{"href":"https:\/\/myspainfood.com\/de\/wp-json\/wp\/v2\/media?parent=26599"}],"wp:term":[{"taxonomy":"product_brand","embeddable":true,"href":"https:\/\/myspainfood.com\/de\/wp-json\/wp\/v2\/product_brand?post=26599"},{"taxonomy":"product_cat","embeddable":true,"href":"https:\/\/myspainfood.com\/de\/wp-json\/wp\/v2\/product_cat?post=26599"},{"taxonomy":"product_tag","embeddable":true,"href":"https:\/\/myspainfood.com\/de\/wp-json\/wp\/v2\/product_tag?post=26599"}],"curies":[{"name":"wp","href":"https:\/\/api.w.org\/{rel}","templated":true}]}}