{"id":26680,"date":"2025-04-10T12:07:15","date_gmt":"2025-04-10T10:07:15","guid":{"rendered":"https:\/\/myspainfood.com\/producto\/andalusische-makrele-d-o-olivenoel\/"},"modified":"2025-09-02T10:39:05","modified_gmt":"2025-09-02T08:39:05","slug":"andalusische-makrele-d-o-olivenoel","status":"publish","type":"product","link":"https:\/\/myspainfood.com\/de\/producto\/andalusische-makrele-d-o-olivenoel\/","title":{"rendered":"Andalusische Makrele D.O. Oliven\u00f6l"},"content":{"rendered":"<p style=\"text-align: left\">Saubere Filets der andalusischen Makrele, verpackt in einem Glasgef\u00e4\u00df und einer Metallkapsel.<\/p>\n<p style=\"text-align: left\">Produktion und Qualit\u00e4t sind durch die Vorschriften der <span class=\"file\">Aufsichtsbeh\u00f6rde f\u00fcr gesch\u00fctzte geografische Angaben f\u00fcr Makrelen und Fregattmakrelen aus Andalusien<\/span> festgelegt, zu der <a href=\"https:\/\/pesasur.com\/calidad\/\" target=\"_blank\" rel=\"noopener noreferrer nofollow\">Pesasur<\/a> geh\u00f6rt.<\/p>\n<p style=\"text-align: left\">Grau-wei\u00dfe Farbe, weiche Konsistenz und angenehmer Geruch, ein charakteristischer, einzigartiger Geschmack.<\/p>\n<p><strong>ZUTATEN<\/strong><\/p>\n<ul>\n<li>Makrelen<\/li>\n<li>Oliven\u00f6l<\/li>\n<li>Salz<\/li>\n<\/ul>\n<p>PESASUR verwendet andalusische Makrele (I.G.P. Spezifische Ursprungsbezeichnung der Region Andalusien), die die meiste Zeit des Jahres frisch in der Fabrik verarbeitet wird.<\/p>\n<p>PESASUR verwendet keine chemischen Produkte w\u00e4hrend des Produktionsprozesses und die Erfahrung der Arbeitskr\u00e4fte, die seit Generationen mit Makrelenfilets arbeiten, gew\u00e4hrleistet die perfekte Sauberkeit des Fisches und eine hervorragende Pr\u00e4sentation der Filets in Gl\u00e4sern und Dosen aller Formate.<\/p>\n<h4>Die wichtigsten Vorteile von Dosenfutter<\/h4>\n<ol>\n<li>Sie bewahren alle ern\u00e4hrungsphysiologischen Eigenschaften der Lebensmittel selbst. Die Lebensmittel bewahren ihre Frische. <\/li>\n<li>Die verwendeten Lebensmittel sind gesund und eignen sich aufgrund ihres hohen Vitamin- und Proteingehalts f\u00fcr eine optimale Ern\u00e4hrung.<\/li>\n<li>Diese Produkte haben eine l\u00e4ngere Lebensdauer (typisch sind 2-5 Jahre).<\/li>\n<li>Die Konserven sind sehr einfach zu lagern, da ihre Verpackung leicht zu handhaben ist.<\/li>\n<\/ol>\n<p>Wenn Sie andalusische Makrele oder eine andere Art von <a href=\"https:\/\/latiendadesami.com\/categoria-producto\/conservas\/\" rel=\"noopener noreferrer nofollow\" target=\"_blank\">Dosenfutter<\/a> kaufen m\u00f6chten, z\u00f6gern Sie nicht, einen Blick in unseren Online-Katalog zu werfen, um die gro\u00dfe Auswahl an <a href=\"https:\/\/latiendadesami.com\/categoria-producto\/conservas\/atun-y-bonito\/\" target=\"_blank\" rel=\"noopener noreferrer nofollow\">Thunfisch<\/a> zu sehen, die wir anbieten.<\/p>\n<p>Schreiben Sie uns f\u00fcr weitere Informationen.<\/p>\n","protected":false},"excerpt":{"rendered":"<p>Oliven\u00f6l aus andalusischer Makrele<\/p>\n","protected":false},"featured_media":9540,"template":"","meta":{"_et_pb_use_builder":"","_et_pb_old_content":"","_et_gb_content_width":""},"product_brand":[1205],"product_cat":[1948,3465],"product_tag":[],"class_list":{"0":"post-26680","1":"product","2":"type-product","3":"status-publish","4":"has-post-thumbnail","6":"product_brand-pesasur","7":"product_cat-konserven","8":"product_cat-makrele-de","10":"first","11":"outofstock","12":"taxable","13":"shipping-taxable","14":"product-type-variable"},"_links":{"self":[{"href":"https:\/\/myspainfood.com\/de\/wp-json\/wp\/v2\/product\/26680","targetHints":{"allow":["GET"]}}],"collection":[{"href":"https:\/\/myspainfood.com\/de\/wp-json\/wp\/v2\/product"}],"about":[{"href":"https:\/\/myspainfood.com\/de\/wp-json\/wp\/v2\/types\/product"}],"wp:featuredmedia":[{"embeddable":true,"href":"https:\/\/myspainfood.com\/de\/wp-json\/wp\/v2\/media\/9540"}],"wp:attachment":[{"href":"https:\/\/myspainfood.com\/de\/wp-json\/wp\/v2\/media?parent=26680"}],"wp:term":[{"taxonomy":"product_brand","embeddable":true,"href":"https:\/\/myspainfood.com\/de\/wp-json\/wp\/v2\/product_brand?post=26680"},{"taxonomy":"product_cat","embeddable":true,"href":"https:\/\/myspainfood.com\/de\/wp-json\/wp\/v2\/product_cat?post=26680"},{"taxonomy":"product_tag","embeddable":true,"href":"https:\/\/myspainfood.com\/de\/wp-json\/wp\/v2\/product_tag?post=26680"}],"curies":[{"name":"wp","href":"https:\/\/api.w.org\/{rel}","templated":true}]}}