{"id":26742,"date":"2025-04-10T12:07:40","date_gmt":"2025-04-10T10:07:40","guid":{"rendered":"https:\/\/myspainfood.com\/producto\/grosse-gewuerzgurken-225-kg-gewicht-n\/"},"modified":"2026-01-29T21:57:37","modified_gmt":"2026-01-29T20:57:37","slug":"grosse-gewuerzgurken-225-kg-gewicht-n","status":"publish","type":"product","link":"https:\/\/myspainfood.com\/de\/producto\/grosse-gewuerzgurken-225-kg-gewicht-n\/","title":{"rendered":"Gro\u00dfe Gew\u00fcrzgurken 2,25 kg Gewicht n"},"content":{"rendered":"<p>Gew\u00fcrzgurken 2,25 kg Nettogewicht - Nur mit Wasser &amp; Salzgurken erhalten Sie einen der leckersten <a href=\"https:\/\/www.google.com\/search?q=pepinillos+gordos&amp;tbm=isch&amp;ved=2ahUKEwj6xNCv8-_1AhWXiP0HHcNGC0QQ2-cCegQIABAA&amp;oq=pepinillos+gordos&amp;gs_lcp=CgNpbWcQA1DZFVjlJ2DcK2gAcAB4AIABYYgB4wqSAQIxOJgBAKABAaoBC2d3cy13aXotaW1nwAEB&amp;sclient=img&amp;ei=WUYCYrq0IpeR9u8Pw42toAQ&amp;bih=780&amp;biw=1577\" target=\"_blank\" rel=\"noopener noreferrer nofollow\">Snacks<\/a> \u00fcberhaupt.<\/p>\n<p>Die Mischung der Aromen der Zutaten zusammen mit dem Hauch von Essig verleiht ihm einen besonderen Geschmack, der sehr angenehm f\u00fcr den Gaumen ist.<\/p>\n<p>Essiggurken sind ein Snack, der das Immunsystem st\u00e4rkt, d.h. sie unterst\u00fctzen die Abwehrkr\u00e4fte und die allgemeine Gesundheit.<\/p>\n<h3><strong>Vorteile von Fettgurken<\/strong><\/h3>\n<p>Kennen Sie die Vorteile von Essiggurken im Allgemeinen? Hier ist eine Liste mit den wichtigsten davon: <\/p>\n<ul>\n<li>Reich an Probiotika.<\/li>\n<li>Sie f\u00f6rdern die Verdauung.<\/li>\n<li>Sie st\u00e4rken das Immunsystem.<\/li>\n<li>Sie reduzieren den Hei\u00dfhunger auf Zucker.<\/li>\n<li>G\u00fcnstig f\u00fcr die Gallenblase.<\/li>\n<\/ul>\n<p>Wenn Sie Oliven oder eine andere Art von <a href=\"https:\/\/latiendadesami.com\/categoria-producto\/encurtidos\/\" rel=\"noopener noreferrer nofollow\" target=\"_blank\">Essiggurken<\/a> kaufen m\u00f6chten, z\u00f6gern Sie nicht, einen Blick in unseren Online-Katalog zu werfen, um die gro\u00dfe Auswahl an <a href=\"https:\/\/latiendadesami.com\/categoria-producto\/encurtidos\/pepinillos\/\" target=\"_blank\" rel=\"noopener noreferrer nofollow\">Essiggurken<\/a> zu sehen, die wir anbieten.<\/p>\n","protected":false},"excerpt":{"rendered":"<p>Gew\u00fcrzgurken 2,25 kg Nettogewicht - Nur mit Wasser &amp; Salzgurken erhalten Sie einen der leckersten Snacks \u00fcberhaupt. Die Mischung der Aromen der Zutaten zusammen mit dem Hauch von Essig verleiht ihm einen besonderen Geschmack, der sehr angenehm f\u00fcr den Gaumen ist. Essiggurken sind ein Snack, der das Immunsystem st\u00e4rkt, d.h. sie unterst\u00fctzen die Abwehrkr\u00e4fte und [&hellip;]<\/p>\n","protected":false},"featured_media":9990,"template":"","meta":{"_et_pb_use_builder":"","_et_pb_old_content":"","_et_gb_content_width":""},"product_brand":[],"product_cat":[1597,1638],"product_tag":[2024],"class_list":{"0":"post-26742","1":"product","2":"type-product","3":"status-publish","4":"has-post-thumbnail","6":"product_cat-essiggurken","7":"product_cat-gewurzgurken","8":"product_tag-gewurzgurke","10":"first","11":"instock","12":"taxable","13":"shipping-taxable","14":"purchasable","15":"product-type-simple"},"_links":{"self":[{"href":"https:\/\/myspainfood.com\/de\/wp-json\/wp\/v2\/product\/26742","targetHints":{"allow":["GET"]}}],"collection":[{"href":"https:\/\/myspainfood.com\/de\/wp-json\/wp\/v2\/product"}],"about":[{"href":"https:\/\/myspainfood.com\/de\/wp-json\/wp\/v2\/types\/product"}],"wp:featuredmedia":[{"embeddable":true,"href":"https:\/\/myspainfood.com\/de\/wp-json\/wp\/v2\/media\/9990"}],"wp:attachment":[{"href":"https:\/\/myspainfood.com\/de\/wp-json\/wp\/v2\/media?parent=26742"}],"wp:term":[{"taxonomy":"product_brand","embeddable":true,"href":"https:\/\/myspainfood.com\/de\/wp-json\/wp\/v2\/product_brand?post=26742"},{"taxonomy":"product_cat","embeddable":true,"href":"https:\/\/myspainfood.com\/de\/wp-json\/wp\/v2\/product_cat?post=26742"},{"taxonomy":"product_tag","embeddable":true,"href":"https:\/\/myspainfood.com\/de\/wp-json\/wp\/v2\/product_tag?post=26742"}],"curies":[{"name":"wp","href":"https:\/\/api.w.org\/{rel}","templated":true}]}}