{"id":26788,"date":"2025-04-10T12:07:33","date_gmt":"2025-04-10T10:07:33","guid":{"rendered":"https:\/\/myspainfood.com\/producto\/muschel-in-eingelegter-sauce-13-18-harlekin-in-jakobsmuschelsauce\/"},"modified":"2025-04-10T12:07:33","modified_gmt":"2025-04-10T10:07:33","slug":"muschel-in-eingelegter-sauce-13-18-harlekin-in-jakobsmuschelsauce","status":"publish","type":"product","link":"https:\/\/myspainfood.com\/de\/producto\/muschel-in-eingelegter-sauce-13-18-harlekin-in-jakobsmuschelsauce\/","title":{"rendered":"Muschel in eingelegter Sauce 13\/18 Harlekin in Jakobsmuschelsauce"},"content":{"rendered":"<p>Die <a href=\"https:\/\/conservasarlequin.com\/arlequin\/\" target=\"_blank\" rel=\"noopener noreferrer nofollow\">Harlequin<\/a> Muschel 13\/18 in Jakobsmuschelsauce ist ein handwerklich hergestelltes Konservenprodukt.<\/p>\n<p><strong>Nettogewicht\/ Escu:<\/strong> 112g\/69g<\/p>\n<p><strong>Haltbarkeitsdauer:<\/strong> 5 Jahre<\/p>\n<p><strong>Naturschutz:<\/strong> Umwelt<\/p>\n<p><strong>Anzahl der Filets\/ Anzahl der St\u00fccke:<\/strong> 13\/18<\/p>\n<p>Conservas <a href=\"https:\/\/latiendadesami.com\/marca\/arlequin\/\" target=\"_blank\" rel=\"noopener noreferrer nofollow\">Arlequ\u00edn<\/a> hat es sich zur Aufgabe gemacht, ein hervorragendes Produkt, den besten Service und eine gro\u00dfe Auswahl an Fischkonserven zum besten Preis anzubieten.<\/p>\n<p>Sie sind auch spezialisiert auf Sardellen, Sardellen, Sardellen, Bonito, Gelbflossen-Thunfisch, Muscheln, 13\/18 Harlekin-Muscheln in Jakobsmuschelsauce, Makrele, Gulas und Sardinillas.<\/p>\n<p>So sagte der Comidista in der Zeitung El Pa\u00eds \u00fcber die Ventresca: &#8222;Sie ist so zart, fast cremig, dass man sie heiraten und gl\u00fccklich leben m\u00f6chte, bis der Herr sie zu sich nimmt&#8220;.<\/p>\n<h4>Die wichtigsten Vorteile von Dosenfutter<\/h4>\n<ol>\n<li>Sie bewahren alle ern\u00e4hrungsphysiologischen Eigenschaften der Lebensmittel selbst. Die Lebensmittel bewahren ihre Frische. <\/li>\n<li>Die verwendeten Lebensmittel sind gesund und eignen sich aufgrund ihres hohen Vitamin- und Proteingehalts f\u00fcr eine optimale Ern\u00e4hrung.<\/li>\n<li>Diese Produkte haben eine l\u00e4ngere Lebensdauer (typisch sind 2-5 Jahre).<\/li>\n<li>Die Konserven sind sehr einfach zu lagern, da ihre Verpackung leicht zu handhaben ist.<\/li>\n<\/ol>\n<p>Wenn Sie Thunfisch oder eine andere Art von <a href=\"https:\/\/latiendadesami.com\/categoria-producto\/conservas\/\" rel=\"noopener noreferrer nofollow\" target=\"_blank\">Konserven<\/a> kaufen m\u00f6chten, z\u00f6gern Sie nicht, einen Blick in unseren Online-Katalog zu werfen, um die gro\u00dfe Auswahl an <a href=\"https:\/\/latiendadesami.com\/categoria-producto\/conservas\/atun-y-bonito\/\" target=\"_blank\" rel=\"noopener noreferrer nofollow\">Thunfisch<\/a> zu sehen, die wir anbieten.<\/p>\n<p>Schreiben Sie uns f\u00fcr weitere Informationen.<\/p>\n","protected":false},"excerpt":{"rendered":"<p>Die Harlequin Muschel 13\/18 in Jakobsmuschelsauce ist ein handwerklich hergestelltes Konservenprodukt. Nettogewicht\/ Escu: 112g\/69g Haltbarkeitsdauer: 5 Jahre Naturschutz: Umwelt Anzahl der Filets\/ Anzahl der St\u00fccke: 13\/18 Conservas Arlequ\u00edn hat es sich zur Aufgabe gemacht, ein hervorragendes Produkt, den besten Service und eine gro\u00dfe Auswahl an Fischkonserven zum besten Preis anzubieten. Sie sind auch spezialisiert auf [&hellip;]<\/p>\n","protected":false},"featured_media":9819,"template":"","meta":{"_et_pb_use_builder":"","_et_pb_old_content":"","_et_gb_content_width":""},"product_brand":[1162],"product_cat":[1948,4066],"product_tag":[],"class_list":{"0":"post-26788","1":"product","2":"type-product","3":"status-publish","4":"has-post-thumbnail","6":"product_brand-arlequin","7":"product_cat-konserven","8":"product_cat-muscheln-de","10":"first","11":"outofstock","12":"sale","13":"taxable","14":"shipping-taxable","15":"purchasable","16":"product-type-simple"},"_links":{"self":[{"href":"https:\/\/myspainfood.com\/de\/wp-json\/wp\/v2\/product\/26788","targetHints":{"allow":["GET"]}}],"collection":[{"href":"https:\/\/myspainfood.com\/de\/wp-json\/wp\/v2\/product"}],"about":[{"href":"https:\/\/myspainfood.com\/de\/wp-json\/wp\/v2\/types\/product"}],"wp:featuredmedia":[{"embeddable":true,"href":"https:\/\/myspainfood.com\/de\/wp-json\/wp\/v2\/media\/9819"}],"wp:attachment":[{"href":"https:\/\/myspainfood.com\/de\/wp-json\/wp\/v2\/media?parent=26788"}],"wp:term":[{"taxonomy":"product_brand","embeddable":true,"href":"https:\/\/myspainfood.com\/de\/wp-json\/wp\/v2\/product_brand?post=26788"},{"taxonomy":"product_cat","embeddable":true,"href":"https:\/\/myspainfood.com\/de\/wp-json\/wp\/v2\/product_cat?post=26788"},{"taxonomy":"product_tag","embeddable":true,"href":"https:\/\/myspainfood.com\/de\/wp-json\/wp\/v2\/product_tag?post=26788"}],"curies":[{"name":"wp","href":"https:\/\/api.w.org\/{rel}","templated":true}]}}