{"id":26813,"date":"2025-04-10T12:07:39","date_gmt":"2025-04-10T10:07:39","guid":{"rendered":"https:\/\/myspainfood.com\/producto\/gereifter-ziegenkaese-mit-paprika-ca-320gr\/"},"modified":"2025-08-12T11:23:10","modified_gmt":"2025-08-12T09:23:10","slug":"gereifter-ziegenkaese-mit-paprika-ca-320gr","status":"publish","type":"product","link":"https:\/\/myspainfood.com\/de\/producto\/gereifter-ziegenkaese-mit-paprika-ca-320gr\/","title":{"rendered":"Gereifter Ziegenk\u00e4se mit Paprika ca. 320gr"},"content":{"rendered":"<p>Gereifter Ziegenk\u00e4se mit Paprika ca. 320gr wird von Queser\u00eda El <a href=\"https:\/\/www.facebook.com\/Queser%C3%ADa-El-Manjar-1564604537177140\/\" target=\"_blank\" rel=\"noopener noreferrer nofollow\">Manjar<\/a> hergestellt.<\/p>\n<p>Diese K\u00e4sefabrik befindet sich in Velada, Toledo, in der N\u00e4he von Talavera de la Reina.<\/p>\n<p>Er wird aus pasteurisierter Milch hergestellt und ist mit einer Schicht Paprika auf der Rinde \u00fcberzogen, die ihm seinen besonderen und unverwechselbaren Geschmack verleiht.<\/p>\n<p>Neben der Herstellung von paprikareifem Ziegenk\u00e4se umfasst der Produktkatalog auch eine Vielzahl anderer K\u00e4sesorten wie Frischk\u00e4se.<\/p>\n<p>Alle Produkte werden auf traditionelle Weise handgefertigt. Das ungef\u00e4hre Gewicht jeder Portion betr\u00e4gt 320 Gramm. <\/p>\n<p>Dieses Produkt muss gek\u00fchlt von 0\u00ba bis 8\u00ba aufbewahrt werden.<\/p>\n<p>Ziegenk\u00e4se, oder genauer gesagt Ziegenmilchk\u00e4se, wird als Ch\u00e8vre (franz\u00f6sisch f\u00fcr Ziege) bezeichnet und ist der Name f\u00fcr jeden K\u00e4se, der aus Ziegenmilch hergestellt wird.<\/p>\n<p>Ziegenk\u00e4se wird seit Tausenden von Jahren hergestellt und war wahrscheinlich eines der fr\u00fchesten zubereiteten Molkereiprodukte. In seiner einfachsten Form wird Ziegenk\u00e4se zubereitet, indem man die Rohmilch auf nat\u00fcrliche Weise schneiden l\u00e4sst, dann abtropfen l\u00e4sst und den K\u00e4sebruch presst. <\/p>\n<p>Wenn Sie andere K\u00e4sesorten oder andere <a href=\"https:\/\/latiendadesami.com\/\" rel=\"noopener noreferrer nofollow\" target=\"_blank\">Lebensmittel<\/a> kaufen m\u00f6chten, z\u00f6gern Sie nicht, einen Blick in unseren Online-Katalog zu werfen, um die gro\u00dfe Auswahl an Produkten zu sehen, die wir anbieten.<\/p>\n<p>Schreiben Sie uns f\u00fcr weitere Informationen.<\/p>\n","protected":false},"excerpt":{"rendered":"<p>Gereifter Ziegenk\u00e4se mit Paprika ca. 320gr wird von Queser\u00eda El Manjar hergestellt. Diese K\u00e4sefabrik befindet sich in Velada, Toledo, in der N\u00e4he von Talavera de la Reina. Er wird aus pasteurisierter Milch hergestellt und ist mit einer Schicht Paprika auf der Rinde \u00fcberzogen, die ihm seinen besonderen und unverwechselbaren Geschmack verleiht. Neben der Herstellung von [&hellip;]<\/p>\n","protected":false},"featured_media":9954,"template":"","meta":{"_et_pb_use_builder":"","_et_pb_old_content":"","_et_gb_content_width":""},"product_brand":[1246],"product_cat":[5731,1856,2288],"product_tag":[],"class_list":{"0":"post-26813","1":"product","2":"type-product","3":"status-publish","4":"has-post-thumbnail","6":"product_brand-el-manjar","7":"product_cat-ausharten-de","8":"product_cat-kalt","9":"product_cat-kase-und-wurst","10":"product_shipping_class-kalter-versand","12":"first","13":"instock","14":"taxable","15":"shipping-taxable","16":"purchasable","17":"product-type-simple"},"_links":{"self":[{"href":"https:\/\/myspainfood.com\/de\/wp-json\/wp\/v2\/product\/26813","targetHints":{"allow":["GET"]}}],"collection":[{"href":"https:\/\/myspainfood.com\/de\/wp-json\/wp\/v2\/product"}],"about":[{"href":"https:\/\/myspainfood.com\/de\/wp-json\/wp\/v2\/types\/product"}],"wp:featuredmedia":[{"embeddable":true,"href":"https:\/\/myspainfood.com\/de\/wp-json\/wp\/v2\/media\/9954"}],"wp:attachment":[{"href":"https:\/\/myspainfood.com\/de\/wp-json\/wp\/v2\/media?parent=26813"}],"wp:term":[{"taxonomy":"product_brand","embeddable":true,"href":"https:\/\/myspainfood.com\/de\/wp-json\/wp\/v2\/product_brand?post=26813"},{"taxonomy":"product_cat","embeddable":true,"href":"https:\/\/myspainfood.com\/de\/wp-json\/wp\/v2\/product_cat?post=26813"},{"taxonomy":"product_tag","embeddable":true,"href":"https:\/\/myspainfood.com\/de\/wp-json\/wp\/v2\/product_tag?post=26813"}],"curies":[{"name":"wp","href":"https:\/\/api.w.org\/{rel}","templated":true}]}}