{"id":26924,"date":"2025-04-10T12:07:32","date_gmt":"2025-04-10T10:07:32","guid":{"rendered":"https:\/\/myspainfood.com\/producto\/geraeucherter-kaese-vier-stangen-ca-25kg\/"},"modified":"2025-09-02T10:39:27","modified_gmt":"2025-09-02T08:39:27","slug":"geraeucherter-kaese-vier-stangen-ca-25kg","status":"publish","type":"product","link":"https:\/\/myspainfood.com\/de\/producto\/geraeucherter-kaese-vier-stangen-ca-25kg\/","title":{"rendered":"Ger\u00e4ucherter K\u00e4se Vier Stangen ca. 2,5kg."},"content":{"rendered":"<p>Cuatro barras ist ein gereifter K\u00e4se aus <a href=\"https:\/\/es.wikipedia.org\/wiki\/Queso_de_leche_de_oveja\" target=\"_blank\" rel=\"noopener noreferrer nofollow\">Schafsmilch<\/a>, der etwa 12 Monate lang reift.<\/p>\n<p>Das ganze St\u00fcck wiegt ungef\u00e4hr 2,5 Kilo.<\/p>\n<p>K\u00e4se aus pasteurisierter Schafsmilch (mind. 65%) und Kuhmilch, mit einem exquisiten Geschmack, dessen feste Textur seinen intensiven Geschmack unterstreicht. Ein ausgezeichneter K\u00e4se, der Sie nicht gleichg\u00fcltig lassen wird. <\/p>\n<p>Wir empfehlen die Aufbewahrung an einem trockenen und k\u00fchlen Ort, zwischen 4-8 \u00baC, um die Haltbarkeit zu verbessern.<\/p>\n<p>Schafe haben nur zwei Zitzen und produzieren eine viel geringere Milchmenge als K\u00fche.<\/p>\n<p>Da Schafsmilch jedoch viel mehr Fett, Feststoffe und Mineralien enth\u00e4lt als Kuhmilch, ist sie ideal f\u00fcr die K\u00e4seherstellung.<\/p>\n<p>Au\u00dferdem ist es aufgrund seines viel h\u00f6heren Kalziumgehalts widerstandsf\u00e4higer gegen Verunreinigungen beim Abk\u00fchlen.<\/p>\n<p>Obwohl Schafsmilch frisch getrunken werden kann, wird sie heute haupts\u00e4chlich f\u00fcr die Herstellung von K\u00e4se und Joghurt verwendet.<\/p>\n<p>Wenn Sie Queso Curado Cuatro barras oder eine andere Art von <a href=\"https:\/\/latiendadesami.com\/categoria-producto\/queso-embutido\/\" rel=\"noopener noreferrer nofollow\" target=\"_blank\">K\u00e4se oder Wurstwaren<\/a> kaufen m\u00f6chten, z\u00f6gern Sie nicht, einen Blick in unseren Online-Katalog zu werfen. Wir haben die h\u00f6chste Qualit\u00e4t zum besten Preis.<\/p>\n<p>Schreiben Sie uns f\u00fcr weitere Informationen oder wenn Sie Fragen zu diesem oder einem anderen Produkt haben.<\/p>\n","protected":false},"excerpt":{"rendered":"<p>Cuatro barras ist ein gereifter K\u00e4se aus Schafsmilch, der etwa 12 Monate lang reift. Das ganze St\u00fcck wiegt ungef\u00e4hr 2,5 Kilo. K\u00e4se aus pasteurisierter Schafsmilch (mind. 65%) und Kuhmilch, mit einem exquisiten Geschmack, dessen feste Textur seinen intensiven Geschmack unterstreicht. Ein ausgezeichneter K\u00e4se, der Sie nicht gleichg\u00fcltig lassen wird. Wir empfehlen die Aufbewahrung an einem [&hellip;]<\/p>\n","protected":false},"featured_media":9801,"template":"","meta":{"_et_pb_use_builder":"","_et_pb_old_content":"","_et_gb_content_width":""},"product_brand":[1234],"product_cat":[5731,1856,2288],"product_tag":[],"class_list":{"0":"post-26924","1":"product","2":"type-product","3":"status-publish","4":"has-post-thumbnail","6":"product_brand-cuatro-barras","7":"product_cat-ausharten-de","8":"product_cat-kalt","9":"product_cat-kase-und-wurst","10":"product_shipping_class-kalter-versand","12":"first","13":"outofstock","14":"taxable","15":"shipping-taxable","16":"product-type-variable"},"_links":{"self":[{"href":"https:\/\/myspainfood.com\/de\/wp-json\/wp\/v2\/product\/26924","targetHints":{"allow":["GET"]}}],"collection":[{"href":"https:\/\/myspainfood.com\/de\/wp-json\/wp\/v2\/product"}],"about":[{"href":"https:\/\/myspainfood.com\/de\/wp-json\/wp\/v2\/types\/product"}],"wp:featuredmedia":[{"embeddable":true,"href":"https:\/\/myspainfood.com\/de\/wp-json\/wp\/v2\/media\/9801"}],"wp:attachment":[{"href":"https:\/\/myspainfood.com\/de\/wp-json\/wp\/v2\/media?parent=26924"}],"wp:term":[{"taxonomy":"product_brand","embeddable":true,"href":"https:\/\/myspainfood.com\/de\/wp-json\/wp\/v2\/product_brand?post=26924"},{"taxonomy":"product_cat","embeddable":true,"href":"https:\/\/myspainfood.com\/de\/wp-json\/wp\/v2\/product_cat?post=26924"},{"taxonomy":"product_tag","embeddable":true,"href":"https:\/\/myspainfood.com\/de\/wp-json\/wp\/v2\/product_tag?post=26924"}],"curies":[{"name":"wp","href":"https:\/\/api.w.org\/{rel}","templated":true}]}}