{"id":27212,"date":"2025-04-10T12:07:30","date_gmt":"2025-04-10T10:07:30","guid":{"rendered":"https:\/\/myspainfood.com\/producto\/cusumano-olympos-d-o-bonitokruemel\/"},"modified":"2025-04-10T12:07:30","modified_gmt":"2025-04-10T10:07:30","slug":"cusumano-olympos-d-o-bonitokruemel","status":"publish","type":"product","link":"https:\/\/myspainfood.com\/de\/producto\/cusumano-olympos-d-o-bonitokruemel\/","title":{"rendered":"Cusumano Olympos D.O. Bonitokr\u00fcmel"},"content":{"rendered":"<p>OLYMPOS Bonitobr\u00f6sel in Sonnenblumen\u00f6l, 900 grs. netto \/ 650 grs. abgetropft.<\/p>\n","protected":false},"excerpt":{"rendered":"<p>OLYMPOS Bonitobr\u00f6sel in Sonnenblumen\u00f6l, 900 grs. netto \/ 650 grs. abgetropft.<\/p>\n","protected":false},"featured_media":10071,"template":"","meta":{"_et_pb_use_builder":"","_et_pb_old_content":"","_et_gb_content_width":""},"product_brand":[1248],"product_cat":[1948,4250],"product_tag":[],"class_list":{"0":"post-27212","1":"product","2":"type-product","3":"status-publish","4":"has-post-thumbnail","6":"product_brand-olympos","7":"product_cat-konserven","8":"product_cat-thunfisch-und-bonito","10":"first","11":"outofstock","12":"featured","13":"taxable","14":"shipping-taxable","15":"product-type-variable"},"_links":{"self":[{"href":"https:\/\/myspainfood.com\/de\/wp-json\/wp\/v2\/product\/27212","targetHints":{"allow":["GET"]}}],"collection":[{"href":"https:\/\/myspainfood.com\/de\/wp-json\/wp\/v2\/product"}],"about":[{"href":"https:\/\/myspainfood.com\/de\/wp-json\/wp\/v2\/types\/product"}],"wp:featuredmedia":[{"embeddable":true,"href":"https:\/\/myspainfood.com\/de\/wp-json\/wp\/v2\/media\/10071"}],"wp:attachment":[{"href":"https:\/\/myspainfood.com\/de\/wp-json\/wp\/v2\/media?parent=27212"}],"wp:term":[{"taxonomy":"product_brand","embeddable":true,"href":"https:\/\/myspainfood.com\/de\/wp-json\/wp\/v2\/product_brand?post=27212"},{"taxonomy":"product_cat","embeddable":true,"href":"https:\/\/myspainfood.com\/de\/wp-json\/wp\/v2\/product_cat?post=27212"},{"taxonomy":"product_tag","embeddable":true,"href":"https:\/\/myspainfood.com\/de\/wp-json\/wp\/v2\/product_tag?post=27212"}],"curies":[{"name":"wp","href":"https:\/\/api.w.org\/{rel}","templated":true}]}}