{"id":27264,"date":"2025-04-10T12:07:30","date_gmt":"2025-04-10T10:07:30","guid":{"rendered":"https:\/\/myspainfood.com\/producto\/wermut-los-cantabros-075l\/"},"modified":"2025-04-10T12:07:30","modified_gmt":"2025-04-10T10:07:30","slug":"wermut-los-cantabros-075l","status":"publish","type":"product","link":"https:\/\/myspainfood.com\/de\/producto\/wermut-los-cantabros-075l\/","title":{"rendered":"Wermut Los C\u00e1ntabros 0,75l"},"content":{"rendered":"<p>Verm\u00fa los C\u00e1ntabros ist eine Hommage an all jene M\u00e4nner und Frauen, die es verstanden haben, unsere Kultur zu bewahren und zu verbreiten.<\/p>\n<p>Auch unsere Wurzeln und Traditionen, begleitet von Messen, Festen, Spielen und Gastronomie, vom Meer bis zu den Bergen unseres geliebten Kantabriens.<\/p>\n<p>Dieses Produkt wird von <a href=\"https:\/\/bodegasigarmi.es\/mayoristas-de-bebidas-en-cantabria\/\" target=\"_blank\" rel=\"noopener noreferrer nofollow\">Bodegas Igarmi  abgef\u00fcllt . <\/a> <\/p>\n<p>Bodegas Igarmi ist die Gegenwart einer Tradition, die sich seit 1890 durch ihre Qualit\u00e4t und ihren Kundenservice auszeichnet.<\/p>\n<p>Ein Familienunternehmen, das sich mit Leidenschaft und Hingabe dem Wein verschrieben hat und Weine mit einem unschlagbaren Preis-Leistungs-Verh\u00e4ltnis abf\u00fcllt und vertreibt, die auf dem Markt und bei den Verbrauchern hoch gesch\u00e4tzt werden.<\/p>\n<p>Bodegas Igarmi verf\u00fcgt \u00fcber 3.000 m\u00b2 R\u00e4umlichkeiten in der Stadt Heras mit einer Lagerkapazit\u00e4t von etwa einer Million Litern.<\/p>\n<p>Es ist auch das gr\u00f6\u00dfte Weingut in Kantabrien.<\/p>\n<p>Sie sind ein gro\u00dfartiges Team von mehr als 30 Mitarbeitern, die sich daf\u00fcr einsetzen, dem Kunden das beste Produkt und den besten Service zu bieten, f\u00fcr den wir uns auszeichnen.<\/p>\n<p>&nbsp;<\/p>\n","protected":false},"excerpt":{"rendered":"<p>Verm\u00fa los C\u00e1ntabros ist eine Hommage an all jene M\u00e4nner und Frauen, die es verstanden haben, unsere Kultur zu bewahren und zu verbreiten. Auch unsere Wurzeln und Traditionen, begleitet von Messen, Festen, Spielen und Gastronomie, vom Meer bis zu den Bergen unseres geliebten Kantabriens. Dieses Produkt wird von Bodegas Igarmi abgef\u00fcllt . Bodegas Igarmi ist [&hellip;]<\/p>\n","protected":false},"featured_media":9927,"template":"","meta":{"_et_pb_use_builder":"","_et_pb_old_content":"","_et_gb_content_width":""},"product_brand":[1244,1245],"product_cat":[4892,5788],"product_tag":[5790],"class_list":{"0":"post-27264","1":"product","2":"type-product","3":"status-publish","4":"has-post-thumbnail","6":"product_brand-igarmi","7":"product_brand-los-cantabros","8":"product_cat-getranke","9":"product_cat-wermut-de","10":"product_tag-igarmi-de","12":"first","13":"instock","14":"taxable","15":"shipping-taxable","16":"purchasable","17":"product-type-variable"},"_links":{"self":[{"href":"https:\/\/myspainfood.com\/de\/wp-json\/wp\/v2\/product\/27264","targetHints":{"allow":["GET"]}}],"collection":[{"href":"https:\/\/myspainfood.com\/de\/wp-json\/wp\/v2\/product"}],"about":[{"href":"https:\/\/myspainfood.com\/de\/wp-json\/wp\/v2\/types\/product"}],"wp:featuredmedia":[{"embeddable":true,"href":"https:\/\/myspainfood.com\/de\/wp-json\/wp\/v2\/media\/9927"}],"wp:attachment":[{"href":"https:\/\/myspainfood.com\/de\/wp-json\/wp\/v2\/media?parent=27264"}],"wp:term":[{"taxonomy":"product_brand","embeddable":true,"href":"https:\/\/myspainfood.com\/de\/wp-json\/wp\/v2\/product_brand?post=27264"},{"taxonomy":"product_cat","embeddable":true,"href":"https:\/\/myspainfood.com\/de\/wp-json\/wp\/v2\/product_cat?post=27264"},{"taxonomy":"product_tag","embeddable":true,"href":"https:\/\/myspainfood.com\/de\/wp-json\/wp\/v2\/product_tag?post=27264"}],"curies":[{"name":"wp","href":"https:\/\/api.w.org\/{rel}","templated":true}]}}