{"id":27903,"date":"2025-04-10T12:07:50","date_gmt":"2025-04-10T10:07:50","guid":{"rendered":"https:\/\/myspainfood.com\/producto\/oti-eingelegte-muscheln-40-50-stueck\/"},"modified":"2025-04-10T12:07:50","modified_gmt":"2025-04-10T10:07:50","slug":"oti-eingelegte-muscheln-40-50-stueck","status":"publish","type":"product","link":"https:\/\/myspainfood.com\/de\/producto\/oti-eingelegte-muscheln-40-50-stueck\/","title":{"rendered":"Oti eingelegte Muscheln 40\/50 St\u00fcck"},"content":{"rendered":"<p>Die beste Qualit\u00e4t und die gr\u00f6\u00dften Exemplare werden zum optimalen Zeitpunkt aus den besten Pfannen geerntet. Sie haben ein ausgezeichnetes Aussehen, eine einheitliche Farbe, sind frei von B\u00e4rten und sehr appetitlich. Sie sind das Ergebnis einer sorgf\u00e4ltigen Auswahl und Verarbeitung. Aus erstklassigen Zutaten wird eine k\u00f6stliche eingelegte Sauce hergestellt, die sich ideal als Beilage zu dieser Muschel eignet.  <\/p>\n","protected":false},"excerpt":{"rendered":"<p>Die beste Qualit\u00e4t und die gr\u00f6\u00dften Exemplare werden zum optimalen Zeitpunkt aus den besten Pfannen geerntet. Sie haben ein ausgezeichnetes Aussehen, eine einheitliche Farbe, sind frei von B\u00e4rten und sehr appetitlich. Sie sind das Ergebnis einer sorgf\u00e4ltigen Auswahl und Verarbeitung. Aus erstklassigen Zutaten wird eine k\u00f6stliche eingelegte Sauce hergestellt, die sich ideal als Beilage zu [&hellip;]<\/p>\n","protected":false},"featured_media":10179,"template":"","meta":{"_et_pb_use_builder":"","_et_pb_old_content":"","_et_gb_content_width":""},"product_brand":[1075],"product_cat":[1948,4066],"product_tag":[],"class_list":{"0":"post-27903","1":"product","2":"type-product","3":"status-publish","4":"has-post-thumbnail","6":"product_brand-oti","7":"product_cat-konserven","8":"product_cat-muscheln-de","10":"first","11":"outofstock","12":"taxable","13":"shipping-taxable","14":"product-type-variable"},"_links":{"self":[{"href":"https:\/\/myspainfood.com\/de\/wp-json\/wp\/v2\/product\/27903","targetHints":{"allow":["GET"]}}],"collection":[{"href":"https:\/\/myspainfood.com\/de\/wp-json\/wp\/v2\/product"}],"about":[{"href":"https:\/\/myspainfood.com\/de\/wp-json\/wp\/v2\/types\/product"}],"wp:featuredmedia":[{"embeddable":true,"href":"https:\/\/myspainfood.com\/de\/wp-json\/wp\/v2\/media\/10179"}],"wp:attachment":[{"href":"https:\/\/myspainfood.com\/de\/wp-json\/wp\/v2\/media?parent=27903"}],"wp:term":[{"taxonomy":"product_brand","embeddable":true,"href":"https:\/\/myspainfood.com\/de\/wp-json\/wp\/v2\/product_brand?post=27903"},{"taxonomy":"product_cat","embeddable":true,"href":"https:\/\/myspainfood.com\/de\/wp-json\/wp\/v2\/product_cat?post=27903"},{"taxonomy":"product_tag","embeddable":true,"href":"https:\/\/myspainfood.com\/de\/wp-json\/wp\/v2\/product_tag?post=27903"}],"curies":[{"name":"wp","href":"https:\/\/api.w.org\/{rel}","templated":true}]}}