{"id":28502,"date":"2025-04-10T12:07:50","date_gmt":"2025-04-10T10:07:50","guid":{"rendered":"https:\/\/myspainfood.com\/producto\/pfirsich-in-sirup-oti-530-gr-12-units\/"},"modified":"2025-04-10T12:07:50","modified_gmt":"2025-04-10T10:07:50","slug":"pfirsich-in-sirup-oti-530-gr-12-units","status":"publish","type":"product","link":"https:\/\/myspainfood.com\/de\/producto\/pfirsich-in-sirup-oti-530-gr-12-units\/","title":{"rendered":"Pfirsich in Sirup Oti 530 gr 12 UNITS"},"content":{"rendered":"<p>Obst in Sirup ist eine Art Konfit\u00fcre1, die aus Fruchtst\u00fccken (St\u00fccke k\u00f6nnen Quadrate, H\u00e4lften, Viertel, Scheiben, Julienne sein) gewonnen wird, die in einem Sirup oder einer Fl\u00fcssigkeit gekocht werden, bis sie eindicken. Bei diesem Prozess findet ein Austausch oder eine Verdr\u00e4ngung von Wasser aus dem hypotonischen Medium (in dem weniger gel\u00f6ste Stoffe vorhanden sind) in das hypertonische Medium (in dem mehr gel\u00f6ste Stoffe vorhanden sind) statt, das durch gel\u00f6ste Stoffe (l\u00f6sliche Feststoffe) ersetzt wird, die sich im hypertonischen Medium befinden, d.h. das in den Fruchtbl\u00e4ttern enthaltene Wasser und die Zucker des Sirups oder der Sirup gehen in dieses ein. Dieser Prozess dient der Konservierung von Fr\u00fcchten, die nach einer langen Zeit konsumiert werden sollen.    <\/p>\n","protected":false},"excerpt":{"rendered":"<p>Obst in Sirup ist eine Art Konfit\u00fcre1, die aus Fruchtst\u00fccken (St\u00fccke k\u00f6nnen Quadrate, H\u00e4lften, Viertel, Scheiben, Julienne sein) gewonnen wird, die in einem Sirup oder einer Fl\u00fcssigkeit gekocht werden, bis sie eindicken. Bei diesem Prozess findet ein Austausch oder eine Verdr\u00e4ngung von Wasser aus dem hypotonischen Medium (in dem weniger gel\u00f6ste Stoffe vorhanden sind) in [&hellip;]<\/p>\n","protected":false},"featured_media":8325,"template":"","meta":{"_et_pb_use_builder":"","_et_pb_old_content":"","_et_gb_content_width":""},"product_brand":[1075],"product_cat":[1948,5044],"product_tag":[3201],"class_list":{"0":"post-28502","1":"product","2":"type-product","3":"status-publish","4":"has-post-thumbnail","6":"product_brand-oti","7":"product_cat-konserven","8":"product_cat-pfirsich","9":"product_tag-sirup-de","11":"first","12":"outofstock","13":"sale","14":"taxable","15":"shipping-taxable","16":"purchasable","17":"product-type-simple"},"_links":{"self":[{"href":"https:\/\/myspainfood.com\/de\/wp-json\/wp\/v2\/product\/28502","targetHints":{"allow":["GET"]}}],"collection":[{"href":"https:\/\/myspainfood.com\/de\/wp-json\/wp\/v2\/product"}],"about":[{"href":"https:\/\/myspainfood.com\/de\/wp-json\/wp\/v2\/types\/product"}],"wp:featuredmedia":[{"embeddable":true,"href":"https:\/\/myspainfood.com\/de\/wp-json\/wp\/v2\/media\/8325"}],"wp:attachment":[{"href":"https:\/\/myspainfood.com\/de\/wp-json\/wp\/v2\/media?parent=28502"}],"wp:term":[{"taxonomy":"product_brand","embeddable":true,"href":"https:\/\/myspainfood.com\/de\/wp-json\/wp\/v2\/product_brand?post=28502"},{"taxonomy":"product_cat","embeddable":true,"href":"https:\/\/myspainfood.com\/de\/wp-json\/wp\/v2\/product_cat?post=28502"},{"taxonomy":"product_tag","embeddable":true,"href":"https:\/\/myspainfood.com\/de\/wp-json\/wp\/v2\/product_tag?post=28502"}],"curies":[{"name":"wp","href":"https:\/\/api.w.org\/{rel}","templated":true}]}}