{"id":28858,"date":"2025-04-10T12:07:50","date_gmt":"2025-04-10T10:07:50","guid":{"rendered":"https:\/\/myspainfood.com\/producto\/carzorlas-gourmet-blutwurst-320-gr\/"},"modified":"2025-04-10T12:07:50","modified_gmt":"2025-04-10T10:07:50","slug":"carzorlas-gourmet-blutwurst-320-gr","status":"publish","type":"product","link":"https:\/\/myspainfood.com\/de\/producto\/carzorlas-gourmet-blutwurst-320-gr\/","title":{"rendered":"Carzorla&#8217;s Gourmet Blutwurst 320 gr"},"content":{"rendered":"<pre>Morcilla de caldera Gourmet de Carzorla<\/pre>\n<p>Es ist nichts anderes als der ungef\u00fcllte Blutwurstteig, der im Kessel gekocht wird. Sie k\u00f6nnen ihn als F\u00fcllung f\u00fcr Pasteten, Kn\u00f6del, ger\u00f6stetes Brot oder als Gericht verwenden, in das Sie das Brot &#8222;dippen&#8220; k\u00f6nnen. <\/p>\n","protected":false},"excerpt":{"rendered":"<p>Morcilla de caldera Gourmet de Carzorla Es ist nichts anderes als der ungef\u00fcllte Blutwurstteig, der im Kessel gekocht wird. Sie k\u00f6nnen ihn als F\u00fcllung f\u00fcr Pasteten, Kn\u00f6del, ger\u00f6stetes Brot oder als Gericht verwenden, in das Sie das Brot &#8222;dippen&#8220; k\u00f6nnen.<\/p>\n","protected":false},"featured_media":10260,"template":"","meta":{"_et_pb_use_builder":"","_et_pb_old_content":"","_et_gb_content_width":""},"product_brand":[1252],"product_cat":[3726,1948],"product_tag":[],"class_list":{"0":"post-28858","1":"product","2":"type-product","3":"status-publish","4":"has-post-thumbnail","6":"product_brand-gourmet-de-cazorla","7":"product_cat-gemuse","8":"product_cat-konserven","10":"first","11":"instock","12":"taxable","13":"shipping-taxable","14":"purchasable","15":"product-type-variable"},"_links":{"self":[{"href":"https:\/\/myspainfood.com\/de\/wp-json\/wp\/v2\/product\/28858","targetHints":{"allow":["GET"]}}],"collection":[{"href":"https:\/\/myspainfood.com\/de\/wp-json\/wp\/v2\/product"}],"about":[{"href":"https:\/\/myspainfood.com\/de\/wp-json\/wp\/v2\/types\/product"}],"wp:featuredmedia":[{"embeddable":true,"href":"https:\/\/myspainfood.com\/de\/wp-json\/wp\/v2\/media\/10260"}],"wp:attachment":[{"href":"https:\/\/myspainfood.com\/de\/wp-json\/wp\/v2\/media?parent=28858"}],"wp:term":[{"taxonomy":"product_brand","embeddable":true,"href":"https:\/\/myspainfood.com\/de\/wp-json\/wp\/v2\/product_brand?post=28858"},{"taxonomy":"product_cat","embeddable":true,"href":"https:\/\/myspainfood.com\/de\/wp-json\/wp\/v2\/product_cat?post=28858"},{"taxonomy":"product_tag","embeddable":true,"href":"https:\/\/myspainfood.com\/de\/wp-json\/wp\/v2\/product_tag?post=28858"}],"curies":[{"name":"wp","href":"https:\/\/api.w.org\/{rel}","templated":true}]}}