{"id":29363,"date":"2025-04-10T12:08:13","date_gmt":"2025-04-10T10:08:13","guid":{"rendered":"https:\/\/myspainfood.com\/producto\/eierkoestlichkeiten-mit-sardellen-65-einheiten\/"},"modified":"2025-07-28T13:01:18","modified_gmt":"2025-07-28T11:01:18","slug":"eierkoestlichkeiten-mit-sardellen-65-einheiten","status":"publish","type":"product","link":"https:\/\/myspainfood.com\/de\/producto\/eierkoestlichkeiten-mit-sardellen-65-einheiten\/","title":{"rendered":"Eierk\u00f6stlichkeiten mit Sardellen 65 Einheiten"},"content":{"rendered":"<p>\u00d6l (85% Sonnenblumen\u00f6l, 15% Oliven\u00f6l), mit <strong>Sardellen<\/strong> gef\u00fcllte Oliven, <strong>Sardellen<\/strong> in Essig, <strong>Wachtelei<\/strong>, Piparra und roter Pfeffer.<\/p>\n","protected":false},"excerpt":{"rendered":"<p>\u00d6l (85% Sonnenblumen\u00f6l, 15% Oliven\u00f6l), mit Sardellen gef\u00fcllte Oliven, Sardellen in Essig, Wachtelei, Piparra und roter Pfeffer.<\/p>\n","protected":false},"featured_media":10656,"template":"","meta":{"_et_pb_use_builder":"","_et_pb_old_content":"","_et_gb_content_width":""},"product_brand":[1277],"product_cat":[1597,1856,1633,1858,1893],"product_tag":[],"class_list":{"0":"post-29363","1":"product","2":"type-product","3":"status-publish","4":"has-post-thumbnail","6":"product_brand-bokeo","7":"product_cat-essiggurken","8":"product_cat-kalt","9":"product_cat-oliven-de","10":"product_cat-pintxos-de","11":"product_cat-sardellen-de","12":"product_shipping_class-kalter-versand","14":"first","15":"outofstock","16":"taxable","17":"shipping-taxable","18":"purchasable","19":"product-type-simple"},"_links":{"self":[{"href":"https:\/\/myspainfood.com\/de\/wp-json\/wp\/v2\/product\/29363","targetHints":{"allow":["GET"]}}],"collection":[{"href":"https:\/\/myspainfood.com\/de\/wp-json\/wp\/v2\/product"}],"about":[{"href":"https:\/\/myspainfood.com\/de\/wp-json\/wp\/v2\/types\/product"}],"wp:featuredmedia":[{"embeddable":true,"href":"https:\/\/myspainfood.com\/de\/wp-json\/wp\/v2\/media\/10656"}],"wp:attachment":[{"href":"https:\/\/myspainfood.com\/de\/wp-json\/wp\/v2\/media?parent=29363"}],"wp:term":[{"taxonomy":"product_brand","embeddable":true,"href":"https:\/\/myspainfood.com\/de\/wp-json\/wp\/v2\/product_brand?post=29363"},{"taxonomy":"product_cat","embeddable":true,"href":"https:\/\/myspainfood.com\/de\/wp-json\/wp\/v2\/product_cat?post=29363"},{"taxonomy":"product_tag","embeddable":true,"href":"https:\/\/myspainfood.com\/de\/wp-json\/wp\/v2\/product_tag?post=29363"}],"curies":[{"name":"wp","href":"https:\/\/api.w.org\/{rel}","templated":true}]}}