{"id":29549,"date":"2025-04-10T12:08:11","date_gmt":"2025-04-10T10:08:11","guid":{"rendered":"https:\/\/myspainfood.com\/producto\/kaesespezialitaeten-mit-sardellen-75-einheiten\/"},"modified":"2025-08-06T12:56:43","modified_gmt":"2025-08-06T10:56:43","slug":"kaesespezialitaeten-mit-sardellen-75-einheiten","status":"publish","type":"product","link":"https:\/\/myspainfood.com\/de\/producto\/kaesespezialitaeten-mit-sardellen-75-einheiten\/","title":{"rendered":"K\u00e4sespezialit\u00e4ten mit Sardellen 75 Einheiten"},"content":{"rendered":"<p>\u00d6l (85% Sonnenblumen\u00f6l, 15% Oliven\u00f6l), gef\u00fcllte Oliven,<strong> Sardellenfilet<\/strong>, halbgereifter K\u00e4se, Piparra und roter Pfeffer.<\/p>\n","protected":false},"excerpt":{"rendered":"<p>\u00d6l (85% Sonnenblumen\u00f6l, 15% Oliven\u00f6l), gef\u00fcllte Oliven, Sardellenfilet, halbgereifter K\u00e4se, Piparra und roter Pfeffer.<\/p>\n","protected":false},"featured_media":10602,"template":"","meta":{"_et_pb_use_builder":"","_et_pb_old_content":"","_et_gb_content_width":""},"product_brand":[1277],"product_cat":[1597,1856,1633,1858,1857],"product_tag":[],"class_list":{"0":"post-29549","1":"product","2":"type-product","3":"status-publish","4":"has-post-thumbnail","6":"product_brand-bokeo","7":"product_cat-essiggurken","8":"product_cat-kalt","9":"product_cat-oliven-de","10":"product_cat-pintxos-de","11":"product_cat-sardellen","12":"product_shipping_class-kalter-versand","14":"first","15":"instock","16":"taxable","17":"shipping-taxable","18":"purchasable","19":"product-type-simple"},"_links":{"self":[{"href":"https:\/\/myspainfood.com\/de\/wp-json\/wp\/v2\/product\/29549","targetHints":{"allow":["GET"]}}],"collection":[{"href":"https:\/\/myspainfood.com\/de\/wp-json\/wp\/v2\/product"}],"about":[{"href":"https:\/\/myspainfood.com\/de\/wp-json\/wp\/v2\/types\/product"}],"wp:featuredmedia":[{"embeddable":true,"href":"https:\/\/myspainfood.com\/de\/wp-json\/wp\/v2\/media\/10602"}],"wp:attachment":[{"href":"https:\/\/myspainfood.com\/de\/wp-json\/wp\/v2\/media?parent=29549"}],"wp:term":[{"taxonomy":"product_brand","embeddable":true,"href":"https:\/\/myspainfood.com\/de\/wp-json\/wp\/v2\/product_brand?post=29549"},{"taxonomy":"product_cat","embeddable":true,"href":"https:\/\/myspainfood.com\/de\/wp-json\/wp\/v2\/product_cat?post=29549"},{"taxonomy":"product_tag","embeddable":true,"href":"https:\/\/myspainfood.com\/de\/wp-json\/wp\/v2\/product_tag?post=29549"}],"curies":[{"name":"wp","href":"https:\/\/api.w.org\/{rel}","templated":true}]}}