{"id":29640,"date":"2025-04-10T12:08:03","date_gmt":"2025-04-10T10:08:03","guid":{"rendered":"https:\/\/myspainfood.com\/producto\/sardellen-verlockungen-170-gr\/"},"modified":"2025-07-31T16:43:04","modified_gmt":"2025-07-31T14:43:04","slug":"sardellen-verlockungen-170-gr","status":"publish","type":"product","link":"https:\/\/myspainfood.com\/de\/producto\/sardellen-verlockungen-170-gr\/","title":{"rendered":"Sardellen Verlockungen 170 gr"},"content":{"rendered":"<p>\u00d6l (100% Sonnenblumen\u00f6l), S\u00fc\u00dfkirschpaprika, Frischk\u00e4se und zerdr\u00fcckte <strong>Sardellen<\/strong>.<\/p>\n","protected":false},"excerpt":{"rendered":"<p>\u00d6l (100% Sonnenblumen\u00f6l), S\u00fc\u00dfkirschpaprika, Frischk\u00e4se und zerdr\u00fcckte Sardellen.<\/p>\n","protected":false},"featured_media":10512,"template":"","meta":{"_et_pb_use_builder":"","_et_pb_old_content":"","_et_gb_content_width":""},"product_brand":[1277],"product_cat":[2288,1948,2359],"product_tag":[],"class_list":{"0":"post-29640","1":"product","2":"type-product","3":"status-publish","4":"has-post-thumbnail","6":"product_brand-bokeo","7":"product_cat-kase-und-wurst","8":"product_cat-konserven","9":"product_cat-paprika-de","10":"product_shipping_class-kalter-versand","12":"first","13":"outofstock","14":"taxable","15":"shipping-taxable","16":"product-type-variable"},"_links":{"self":[{"href":"https:\/\/myspainfood.com\/de\/wp-json\/wp\/v2\/product\/29640","targetHints":{"allow":["GET"]}}],"collection":[{"href":"https:\/\/myspainfood.com\/de\/wp-json\/wp\/v2\/product"}],"about":[{"href":"https:\/\/myspainfood.com\/de\/wp-json\/wp\/v2\/types\/product"}],"wp:featuredmedia":[{"embeddable":true,"href":"https:\/\/myspainfood.com\/de\/wp-json\/wp\/v2\/media\/10512"}],"wp:attachment":[{"href":"https:\/\/myspainfood.com\/de\/wp-json\/wp\/v2\/media?parent=29640"}],"wp:term":[{"taxonomy":"product_brand","embeddable":true,"href":"https:\/\/myspainfood.com\/de\/wp-json\/wp\/v2\/product_brand?post=29640"},{"taxonomy":"product_cat","embeddable":true,"href":"https:\/\/myspainfood.com\/de\/wp-json\/wp\/v2\/product_cat?post=29640"},{"taxonomy":"product_tag","embeddable":true,"href":"https:\/\/myspainfood.com\/de\/wp-json\/wp\/v2\/product_tag?post=29640"}],"curies":[{"name":"wp","href":"https:\/\/api.w.org\/{rel}","templated":true}]}}