{"id":30038,"date":"2025-04-10T12:08:03","date_gmt":"2025-04-10T10:08:03","guid":{"rendered":"https:\/\/myspainfood.com\/producto\/kantabrische-sardelle-gildas-5-einheiten\/"},"modified":"2025-06-24T14:17:48","modified_gmt":"2025-06-24T12:17:48","slug":"kantabrische-sardelle-gildas-5-einheiten","status":"publish","type":"product","link":"https:\/\/myspainfood.com\/de\/producto\/kantabrische-sardelle-gildas-5-einheiten\/","title":{"rendered":"Kantabrische Sardelle Gildas 5 Einheiten"},"content":{"rendered":"<p>\u00d6l (85% Sonnenblumen\u00f6l, 15% Oliven\u00f6l), gef\u00fcllte Oliven <strong>mit Sardellen<\/strong>, <strong>kantabrisches Sardellenfilet<\/strong> und Piparra.<\/p>\n","protected":false},"excerpt":{"rendered":"<p>\u00d6l (85% Sonnenblumen\u00f6l, 15% Oliven\u00f6l), gef\u00fcllte Oliven mit Sardellen, kantabrisches Sardellenfilet und Piparra.<\/p>\n","protected":false},"featured_media":10746,"template":"","meta":{"_et_pb_use_builder":"","_et_pb_old_content":"","_et_gb_content_width":""},"product_brand":[1277],"product_cat":[2075,4009,1597,1856,1858,1857],"product_tag":[],"class_list":{"0":"post-30038","1":"product","2":"type-product","3":"status-publish","4":"has-post-thumbnail","6":"product_brand-bokeo","7":"product_cat-banderillas-de","8":"product_cat-chilischoten","9":"product_cat-essiggurken","10":"product_cat-kalt","11":"product_cat-pintxos-de","12":"product_cat-sardellen","13":"product_shipping_class-kalter-versand","15":"first","16":"instock","17":"taxable","18":"shipping-taxable","19":"product-type-variable"},"_links":{"self":[{"href":"https:\/\/myspainfood.com\/de\/wp-json\/wp\/v2\/product\/30038","targetHints":{"allow":["GET"]}}],"collection":[{"href":"https:\/\/myspainfood.com\/de\/wp-json\/wp\/v2\/product"}],"about":[{"href":"https:\/\/myspainfood.com\/de\/wp-json\/wp\/v2\/types\/product"}],"wp:featuredmedia":[{"embeddable":true,"href":"https:\/\/myspainfood.com\/de\/wp-json\/wp\/v2\/media\/10746"}],"wp:attachment":[{"href":"https:\/\/myspainfood.com\/de\/wp-json\/wp\/v2\/media?parent=30038"}],"wp:term":[{"taxonomy":"product_brand","embeddable":true,"href":"https:\/\/myspainfood.com\/de\/wp-json\/wp\/v2\/product_brand?post=30038"},{"taxonomy":"product_cat","embeddable":true,"href":"https:\/\/myspainfood.com\/de\/wp-json\/wp\/v2\/product_cat?post=30038"},{"taxonomy":"product_tag","embeddable":true,"href":"https:\/\/myspainfood.com\/de\/wp-json\/wp\/v2\/product_tag?post=30038"}],"curies":[{"name":"wp","href":"https:\/\/api.w.org\/{rel}","templated":true}]}}