{"id":30140,"date":"2025-04-10T12:08:03","date_gmt":"2025-04-10T10:08:03","guid":{"rendered":"https:\/\/myspainfood.com\/producto\/kantabrischer-kaese-und-anchovis-gildas-5-einheiten\/"},"modified":"2025-06-24T16:13:58","modified_gmt":"2025-06-24T14:13:58","slug":"kantabrischer-kaese-und-anchovis-gildas-5-einheiten","status":"publish","type":"product","link":"https:\/\/myspainfood.com\/de\/producto\/kantabrischer-kaese-und-anchovis-gildas-5-einheiten\/","title":{"rendered":"Kantabrischer K\u00e4se und Anchovis Gildas 5 Einheiten"},"content":{"rendered":"<p>\u00d6l (85% Sonnenblumen\u00f6l, 15% Oliven\u00f6l), gef\u00fcllte Oliven <strong>mit Sardellen<\/strong>,<strong> kantabrisches Sardellenfilet<\/strong>, halbgep\u00f6kelter K\u00e4se, rote Paprika und roter Pfeffer.<\/p>\n","protected":false},"excerpt":{"rendered":"<p>\u00d6l (85% Sonnenblumen\u00f6l, 15% Oliven\u00f6l), gef\u00fcllte Oliven mit Sardellen, kantabrisches Sardellenfilet, halbgep\u00f6kelter K\u00e4se, rote Paprika und roter Pfeffer.<\/p>\n","protected":false},"featured_media":10719,"template":"","meta":{"_et_pb_use_builder":"","_et_pb_old_content":"","_et_gb_content_width":""},"product_brand":[1277],"product_cat":[4009,1597,1856,2288,1948,1633,2359,1858,1857],"product_tag":[],"class_list":{"0":"post-30140","1":"product","2":"type-product","3":"status-publish","4":"has-post-thumbnail","6":"product_brand-bokeo","7":"product_cat-chilischoten","8":"product_cat-essiggurken","9":"product_cat-kalt","10":"product_cat-kase-und-wurst","11":"product_cat-konserven","12":"product_cat-oliven-de","13":"product_cat-paprika-de","14":"product_cat-pintxos-de","15":"product_cat-sardellen","16":"product_shipping_class-kalter-versand","18":"first","19":"instock","20":"taxable","21":"shipping-taxable","22":"product-type-variable"},"_links":{"self":[{"href":"https:\/\/myspainfood.com\/de\/wp-json\/wp\/v2\/product\/30140","targetHints":{"allow":["GET"]}}],"collection":[{"href":"https:\/\/myspainfood.com\/de\/wp-json\/wp\/v2\/product"}],"about":[{"href":"https:\/\/myspainfood.com\/de\/wp-json\/wp\/v2\/types\/product"}],"wp:featuredmedia":[{"embeddable":true,"href":"https:\/\/myspainfood.com\/de\/wp-json\/wp\/v2\/media\/10719"}],"wp:attachment":[{"href":"https:\/\/myspainfood.com\/de\/wp-json\/wp\/v2\/media?parent=30140"}],"wp:term":[{"taxonomy":"product_brand","embeddable":true,"href":"https:\/\/myspainfood.com\/de\/wp-json\/wp\/v2\/product_brand?post=30140"},{"taxonomy":"product_cat","embeddable":true,"href":"https:\/\/myspainfood.com\/de\/wp-json\/wp\/v2\/product_cat?post=30140"},{"taxonomy":"product_tag","embeddable":true,"href":"https:\/\/myspainfood.com\/de\/wp-json\/wp\/v2\/product_tag?post=30140"}],"curies":[{"name":"wp","href":"https:\/\/api.w.org\/{rel}","templated":true}]}}