{"id":30197,"date":"2025-04-10T12:08:03","date_gmt":"2025-04-10T10:08:03","guid":{"rendered":"https:\/\/myspainfood.com\/producto\/gildas-de-boqueron-bokeo-5-einheiten\/"},"modified":"2025-09-02T10:40:57","modified_gmt":"2025-09-02T08:40:57","slug":"gildas-de-boqueron-bokeo-5-einheiten","status":"publish","type":"product","link":"https:\/\/myspainfood.com\/de\/producto\/gildas-de-boqueron-bokeo-5-einheiten\/","title":{"rendered":"Gildas de Boquer\u00f3n Bokeo 5 Einheiten"},"content":{"rendered":"<p>\u00d6l (85% Sonnenblumen\u00f6l, 15% Oliven\u00f6l), mit <strong>Sardellen<\/strong> gef\u00fcllte Oliven, <strong>Sardellen<\/strong> in Essig, roter Pfeffer, Petersilie und Knoblauch.<\/p>\n","protected":false},"excerpt":{"rendered":"<p>\u00d6l (85% Sonnenblumen\u00f6l, 15% Oliven\u00f6l), mit Sardellen gef\u00fcllte Oliven, Sardellen in Essig, roter Pfeffer, Petersilie und Knoblauch.<\/p>\n","protected":false},"featured_media":10683,"template":"","meta":{"_et_pb_use_builder":"","_et_pb_old_content":"","_et_gb_content_width":""},"product_brand":[1277],"product_cat":[1597,1856,1948,1633,2359,1858,1893],"product_tag":[],"class_list":{"0":"post-30197","1":"product","2":"type-product","3":"status-publish","4":"has-post-thumbnail","6":"product_brand-bokeo","7":"product_cat-essiggurken","8":"product_cat-kalt","9":"product_cat-konserven","10":"product_cat-oliven-de","11":"product_cat-paprika-de","12":"product_cat-pintxos-de","13":"product_cat-sardellen-de","14":"product_shipping_class-kalter-versand","16":"first","17":"instock","18":"taxable","19":"shipping-taxable","20":"product-type-variable"},"_links":{"self":[{"href":"https:\/\/myspainfood.com\/de\/wp-json\/wp\/v2\/product\/30197","targetHints":{"allow":["GET"]}}],"collection":[{"href":"https:\/\/myspainfood.com\/de\/wp-json\/wp\/v2\/product"}],"about":[{"href":"https:\/\/myspainfood.com\/de\/wp-json\/wp\/v2\/types\/product"}],"wp:featuredmedia":[{"embeddable":true,"href":"https:\/\/myspainfood.com\/de\/wp-json\/wp\/v2\/media\/10683"}],"wp:attachment":[{"href":"https:\/\/myspainfood.com\/de\/wp-json\/wp\/v2\/media?parent=30197"}],"wp:term":[{"taxonomy":"product_brand","embeddable":true,"href":"https:\/\/myspainfood.com\/de\/wp-json\/wp\/v2\/product_brand?post=30197"},{"taxonomy":"product_cat","embeddable":true,"href":"https:\/\/myspainfood.com\/de\/wp-json\/wp\/v2\/product_cat?post=30197"},{"taxonomy":"product_tag","embeddable":true,"href":"https:\/\/myspainfood.com\/de\/wp-json\/wp\/v2\/product_tag?post=30197"}],"curies":[{"name":"wp","href":"https:\/\/api.w.org\/{rel}","templated":true}]}}