{"id":30835,"date":"2025-04-10T12:09:09","date_gmt":"2025-04-10T10:09:09","guid":{"rendered":"https:\/\/myspainfood.com\/producto\/el-gran-cardenal-ziegen-und-kuh-paprikakaese\/"},"modified":"2025-06-24T14:16:09","modified_gmt":"2025-06-24T12:16:09","slug":"el-gran-cardenal-ziegen-und-kuh-paprikakaese","status":"publish","type":"product","link":"https:\/\/myspainfood.com\/de\/producto\/el-gran-cardenal-ziegen-und-kuh-paprikakaese\/","title":{"rendered":"El Gran Cardenal Ziegen- und Kuh-Paprikak\u00e4se"},"content":{"rendered":"<div class=\"et_pb_blurb_container\">\n<div class=\"et_pb_blurb_container\">\n<h4 class=\"et_pb_module_header\">Ziege mit Paprika<\/h4>\n<div class=\"et_pb_blurb_description\">Die Au\u00dfenseite ist mit nat\u00fcrlichem Paprika bestrichen (der durch Trocknen und Mahlen von rotem Pfeffer gewonnen wird) und verleiht dem K\u00e4se eine attraktive r\u00f6tliche Farbe sowie ein ganz besonderes Aroma und einen besonderen Geschmack.<\/p>\n<p>Die Kombination aus der Cremigkeit von Ziegenmilch und dem Geschmack von nat\u00fcrlichem Paprika ist eine der besten m\u00f6glichen Kombinationen bei K\u00e4se.<\/p><\/div>\n<\/div>\n<\/div>\n","protected":false},"excerpt":{"rendered":"<p>Ziege mit Paprika Die Au\u00dfenseite ist mit nat\u00fcrlichem Paprika bestrichen (der durch Trocknen und Mahlen von rotem Pfeffer gewonnen wird) und verleiht dem K\u00e4se eine attraktive r\u00f6tliche Farbe sowie ein ganz besonderes Aroma und einen besonderen Geschmack. Die Kombination aus der Cremigkeit von Ziegenmilch und dem Geschmack von nat\u00fcrlichem Paprika ist eine der besten m\u00f6glichen [&hellip;]<\/p>\n","protected":false},"featured_media":11709,"template":"","meta":{"_et_pb_use_builder":"","_et_pb_old_content":"","_et_gb_content_width":""},"product_brand":[1319],"product_cat":[2748,1856,2288],"product_tag":[],"class_list":{"0":"post-30835","1":"product","2":"type-product","3":"status-publish","4":"has-post-thumbnail","6":"product_brand-el-gran-cardenal","7":"product_cat-ausharten","8":"product_cat-kalt","9":"product_cat-kase-und-wurst","10":"product_shipping_class-kalter-versand","12":"first","13":"outofstock","14":"taxable","15":"shipping-taxable","16":"product-type-variable"},"_links":{"self":[{"href":"https:\/\/myspainfood.com\/de\/wp-json\/wp\/v2\/product\/30835","targetHints":{"allow":["GET"]}}],"collection":[{"href":"https:\/\/myspainfood.com\/de\/wp-json\/wp\/v2\/product"}],"about":[{"href":"https:\/\/myspainfood.com\/de\/wp-json\/wp\/v2\/types\/product"}],"wp:featuredmedia":[{"embeddable":true,"href":"https:\/\/myspainfood.com\/de\/wp-json\/wp\/v2\/media\/11709"}],"wp:attachment":[{"href":"https:\/\/myspainfood.com\/de\/wp-json\/wp\/v2\/media?parent=30835"}],"wp:term":[{"taxonomy":"product_brand","embeddable":true,"href":"https:\/\/myspainfood.com\/de\/wp-json\/wp\/v2\/product_brand?post=30835"},{"taxonomy":"product_cat","embeddable":true,"href":"https:\/\/myspainfood.com\/de\/wp-json\/wp\/v2\/product_cat?post=30835"},{"taxonomy":"product_tag","embeddable":true,"href":"https:\/\/myspainfood.com\/de\/wp-json\/wp\/v2\/product_tag?post=30835"}],"curies":[{"name":"wp","href":"https:\/\/api.w.org\/{rel}","templated":true}]}}