{"id":31044,"date":"2025-04-10T12:08:39","date_gmt":"2025-04-10T10:08:39","guid":{"rendered":"https:\/\/myspainfood.com\/producto\/kokotxas-island-extra-500gr\/"},"modified":"2025-07-28T10:39:21","modified_gmt":"2025-07-28T08:39:21","slug":"kokotxas-island-extra-500gr","status":"publish","type":"product","link":"https:\/\/myspainfood.com\/de\/producto\/kokotxas-island-extra-500gr\/","title":{"rendered":"Kokotxas Island Extra 500gr"},"content":{"rendered":"<p>Die Kokotxas Islandia Extra 500gr von <a href=\"https:\/\/labarajilla.es\/bacalao\/\" target=\"_blank\" rel=\"noopener noreferrer nofollow\">La Barajilla<\/a> werden wegen ihrer Textur sehr gesch\u00e4tzt.<\/p>\n<p>Diese Kokotxas haben eine gute Muskelmasse, die sich zwischen den beiden Unterkiefern des Fisches befindet.<\/p>\n<ul>\n<li><strong>SPEZIES<\/strong>: Kabeljau ( Gadus Morhua )<u><\/u><u><\/u><\/li>\n<li><strong>FISCHEREIZONE<\/strong>: Nordwestatlantik ( FAO 27 )<u><\/u><u><\/u><\/li>\n<li><strong>LAGERUNG<\/strong>: zwischen 0\u00baC und 5\u00baC.<\/li>\n<\/ul>\n<p>Aus ern\u00e4hrungsphysiologischer Sicht ist Kabeljau ein eiwei\u00dfreiches Nahrungsmittel mit hohem biologischem Wert und hoher Verdaulichkeit, mit geringem Fett- und Kaloriengehalt.<\/p>\n<p>Der Wassergehalt betr\u00e4gt etwa 80% (bei frischem Kabeljau).<\/p>\n<p>Dieser Kabeljau ist eine gute Quelle von Vitaminen (haupts\u00e4chlich der B-Gruppe) und Mineralsalzen, die f\u00fcr den K\u00f6rper wichtig sind.<\/p>\n<p>Frischer oder entsalzter Kabeljau kann von Menschen mit hohem Blutdruck verzehrt werden, da er natriumarm und reich an Kalium ist.<\/p>\n<p>&#8222;Kabeljau ist der gebr\u00e4uchliche Name f\u00fcr mehrere Fischarten der Gattung Gadus, obwohl einige Arten derselben Gattung auch andere Namen haben k\u00f6nnen.<\/p>\n<p>Die h\u00e4ufigste Art ist der Atlantische Kabeljau (Gadus morhua oder Gemeiner Kabeljau).<\/p>\n<p>Wenn Sie Kokotxas Islandia Extra 500gr oder ein anderes <a href=\"https:\/\/latiendadesami.com\/categoria-producto\/frio\/\" rel=\"noopener noreferrer nofollow\" target=\"_blank\">kaltes<\/a> Produkt kaufen m\u00f6chten, z\u00f6gern Sie nicht, einen Blick in unseren Online-Katalog zu werfen, um die gro\u00dfe Auswahl an Kabeljau zu sehen, die wir haben.<\/p>\n<p>Schreiben Sie uns f\u00fcr weitere Informationen.<\/p>\n","protected":false},"excerpt":{"rendered":"<p>Die Kokotxas Islandia Extra 500gr von La Barajilla werden wegen ihrer Textur sehr gesch\u00e4tzt. Diese Kokotxas haben eine gute Muskelmasse, die sich zwischen den beiden Unterkiefern des Fisches befindet. SPEZIES: Kabeljau ( Gadus Morhua ) FISCHEREIZONE: Nordwestatlantik ( FAO 27 ) LAGERUNG: zwischen 0\u00baC und 5\u00baC. Aus ern\u00e4hrungsphysiologischer Sicht ist Kabeljau ein eiwei\u00dfreiches Nahrungsmittel mit [&hellip;]<\/p>\n","protected":false},"featured_media":11160,"template":"","meta":{"_et_pb_use_builder":"","_et_pb_old_content":"","_et_gb_content_width":""},"product_brand":[1290],"product_cat":[3517,1856],"product_tag":[],"class_list":{"0":"post-31044","1":"product","2":"type-product","3":"status-publish","4":"has-post-thumbnail","6":"product_brand-la-barajilla","7":"product_cat-kabeljau","8":"product_cat-kalt","9":"product_shipping_class-kalter-versand","11":"first","12":"outofstock","13":"taxable","14":"shipping-taxable","15":"purchasable","16":"product-type-simple"},"_links":{"self":[{"href":"https:\/\/myspainfood.com\/de\/wp-json\/wp\/v2\/product\/31044","targetHints":{"allow":["GET"]}}],"collection":[{"href":"https:\/\/myspainfood.com\/de\/wp-json\/wp\/v2\/product"}],"about":[{"href":"https:\/\/myspainfood.com\/de\/wp-json\/wp\/v2\/types\/product"}],"wp:featuredmedia":[{"embeddable":true,"href":"https:\/\/myspainfood.com\/de\/wp-json\/wp\/v2\/media\/11160"}],"wp:attachment":[{"href":"https:\/\/myspainfood.com\/de\/wp-json\/wp\/v2\/media?parent=31044"}],"wp:term":[{"taxonomy":"product_brand","embeddable":true,"href":"https:\/\/myspainfood.com\/de\/wp-json\/wp\/v2\/product_brand?post=31044"},{"taxonomy":"product_cat","embeddable":true,"href":"https:\/\/myspainfood.com\/de\/wp-json\/wp\/v2\/product_cat?post=31044"},{"taxonomy":"product_tag","embeddable":true,"href":"https:\/\/myspainfood.com\/de\/wp-json\/wp\/v2\/product_tag?post=31044"}],"curies":[{"name":"wp","href":"https:\/\/api.w.org\/{rel}","templated":true}]}}