{"id":31476,"date":"2025-04-10T12:08:39","date_gmt":"2025-04-10T10:08:39","guid":{"rendered":"https:\/\/myspainfood.com\/producto\/cruceiro-de-ferreiros-albarino\/"},"modified":"2025-04-10T12:08:39","modified_gmt":"2025-04-10T10:08:39","slug":"cruceiro-de-ferreiros-albarino","status":"publish","type":"product","link":"https:\/\/myspainfood.com\/de\/producto\/cruceiro-de-ferreiros-albarino\/","title":{"rendered":"Cruceiro de Ferreiros Albari\u00f1o"},"content":{"rendered":"<p>Dieser klassische galicische Wein ist sauber und hell mit einer fast gr\u00fcnen Farbe. Aromen von Grapefruit singen \u00fcber einem blumigen Hintergrund mit einem Hauch von Mineralit\u00e4t. Er hat K\u00f6rper, eine gute Struktur und einen kr\u00e4ftigen Abgang, ein gro\u00dfartiger Wein f\u00fcr leichte Fischgerichte oder frischen K\u00e4se.  <\/p>\n<div>Wein aus den Rebsorten Albari\u00f1o, Godello und Loureiro, wurde bei den International Wine Awards 2017 mit der Silbermedaille in der Kategorie Wei\u00dfwein ausgezeichnet.<\/div>\n<p>Name\/Gebiet: Ixp Do Mi\u00f1o<\/p>\n","protected":false},"excerpt":{"rendered":"<p>Dieser klassische galicische Wein ist sauber und hell mit einer fast gr\u00fcnen Farbe. Aromen von Grapefruit singen \u00fcber einem blumigen Hintergrund mit einem Hauch von Mineralit\u00e4t. Er hat K\u00f6rper, eine gute Struktur und einen kr\u00e4ftigen Abgang, ein gro\u00dfartiger Wein f\u00fcr leichte Fischgerichte oder frischen K\u00e4se. Wein aus den Rebsorten Albari\u00f1o, Godello und Loureiro, wurde bei [&hellip;]<\/p>\n","protected":false},"featured_media":11448,"template":"","meta":{"_et_pb_use_builder":"","_et_pb_old_content":"","_et_gb_content_width":""},"product_brand":[1302],"product_cat":[4892,6275],"product_tag":[7026],"class_list":{"0":"post-31476","1":"product","2":"type-product","3":"status-publish","4":"has-post-thumbnail","6":"product_brand-galiciano","7":"product_cat-getranke","8":"product_cat-wein-de-2","9":"product_tag-albarino-de","11":"first","12":"instock","13":"taxable","14":"shipping-taxable","15":"purchasable","16":"product-type-variable"},"_links":{"self":[{"href":"https:\/\/myspainfood.com\/de\/wp-json\/wp\/v2\/product\/31476","targetHints":{"allow":["GET"]}}],"collection":[{"href":"https:\/\/myspainfood.com\/de\/wp-json\/wp\/v2\/product"}],"about":[{"href":"https:\/\/myspainfood.com\/de\/wp-json\/wp\/v2\/types\/product"}],"wp:featuredmedia":[{"embeddable":true,"href":"https:\/\/myspainfood.com\/de\/wp-json\/wp\/v2\/media\/11448"}],"wp:attachment":[{"href":"https:\/\/myspainfood.com\/de\/wp-json\/wp\/v2\/media?parent=31476"}],"wp:term":[{"taxonomy":"product_brand","embeddable":true,"href":"https:\/\/myspainfood.com\/de\/wp-json\/wp\/v2\/product_brand?post=31476"},{"taxonomy":"product_cat","embeddable":true,"href":"https:\/\/myspainfood.com\/de\/wp-json\/wp\/v2\/product_cat?post=31476"},{"taxonomy":"product_tag","embeddable":true,"href":"https:\/\/myspainfood.com\/de\/wp-json\/wp\/v2\/product_tag?post=31476"}],"curies":[{"name":"wp","href":"https:\/\/api.w.org\/{rel}","templated":true}]}}