{"id":31673,"date":"2025-04-10T12:09:08","date_gmt":"2025-04-10T10:09:08","guid":{"rendered":"https:\/\/myspainfood.com\/producto\/schafskaese-mit-rosmarin-el-gran-cardenal\/"},"modified":"2025-07-28T10:38:23","modified_gmt":"2025-07-28T08:38:23","slug":"schafskaese-mit-rosmarin-el-gran-cardenal","status":"publish","type":"product","link":"https:\/\/myspainfood.com\/de\/producto\/schafskaese-mit-rosmarin-el-gran-cardenal\/","title":{"rendered":"Schafsk\u00e4se mit Rosmarin El Gran Cardenal"},"content":{"rendered":"<div class=\"et_pb_blurb_container\">\n<div class=\"et_pb_blurb_container\">\n<h4 class=\"et_pb_module_header\">Schafe mit Rosmarin<\/h4>\n<div class=\"et_pb_blurb_description\">Rosmarin ist eine aromatische Pflanze, die typisch f\u00fcr den Mittelmeerraum ist. Sein Aroma impr\u00e4gniert unseren Castellano de Oveja-K\u00e4se und verleiht ihm einen sehr nuancierten Geruch und Geschmack und tr\u00e4gt au\u00dferdem zum Schutz des K\u00e4ses bei. <\/p>\n<p>In der Blumensprache ist der Rosmarin ein Symbol f\u00fcr guten Glauben und Offenheit.<\/p><\/div>\n<\/div>\n<\/div>\n","protected":false},"excerpt":{"rendered":"<p>Schafe mit Rosmarin Rosmarin ist eine aromatische Pflanze, die typisch f\u00fcr den Mittelmeerraum ist. Sein Aroma impr\u00e4gniert unseren Castellano de Oveja-K\u00e4se und verleiht ihm einen sehr nuancierten Geruch und Geschmack und tr\u00e4gt au\u00dferdem zum Schutz des K\u00e4ses bei. In der Blumensprache ist der Rosmarin ein Symbol f\u00fcr guten Glauben und Offenheit.<\/p>\n","protected":false},"featured_media":11682,"template":"","meta":{"_et_pb_use_builder":"","_et_pb_old_content":"","_et_gb_content_width":""},"product_brand":[1319],"product_cat":[2748,1856,2288],"product_tag":[],"class_list":{"0":"post-31673","1":"product","2":"type-product","3":"status-publish","4":"has-post-thumbnail","6":"product_brand-el-gran-cardenal","7":"product_cat-ausharten","8":"product_cat-kalt","9":"product_cat-kase-und-wurst","10":"product_shipping_class-kalter-versand","12":"first","13":"outofstock","14":"taxable","15":"shipping-taxable","16":"purchasable","17":"product-type-variable"},"_links":{"self":[{"href":"https:\/\/myspainfood.com\/de\/wp-json\/wp\/v2\/product\/31673","targetHints":{"allow":["GET"]}}],"collection":[{"href":"https:\/\/myspainfood.com\/de\/wp-json\/wp\/v2\/product"}],"about":[{"href":"https:\/\/myspainfood.com\/de\/wp-json\/wp\/v2\/types\/product"}],"wp:featuredmedia":[{"embeddable":true,"href":"https:\/\/myspainfood.com\/de\/wp-json\/wp\/v2\/media\/11682"}],"wp:attachment":[{"href":"https:\/\/myspainfood.com\/de\/wp-json\/wp\/v2\/media?parent=31673"}],"wp:term":[{"taxonomy":"product_brand","embeddable":true,"href":"https:\/\/myspainfood.com\/de\/wp-json\/wp\/v2\/product_brand?post=31673"},{"taxonomy":"product_cat","embeddable":true,"href":"https:\/\/myspainfood.com\/de\/wp-json\/wp\/v2\/product_cat?post=31673"},{"taxonomy":"product_tag","embeddable":true,"href":"https:\/\/myspainfood.com\/de\/wp-json\/wp\/v2\/product_tag?post=31673"}],"curies":[{"name":"wp","href":"https:\/\/api.w.org\/{rel}","templated":true}]}}