{"id":31792,"date":"2025-04-10T12:09:10","date_gmt":"2025-04-10T10:09:10","guid":{"rendered":"https:\/\/myspainfood.com\/producto\/ziegen-und-kuhkaese-mit-schwarzem-knoblauch-el-gran-cardenal\/"},"modified":"2026-03-13T13:08:40","modified_gmt":"2026-03-13T12:08:40","slug":"ziegen-und-kuhkaese-mit-schwarzem-knoblauch-el-gran-cardenal","status":"publish","type":"product","link":"https:\/\/myspainfood.com\/de\/producto\/ziegen-und-kuhkaese-mit-schwarzem-knoblauch-el-gran-cardenal\/","title":{"rendered":"Ziegen- und Kuhk\u00e4se mit schwarzem Knoblauch El Gran Cardenal"},"content":{"rendered":"<div class=\"et_pb_blurb_container\">\n<div class=\"et_pb_blurb_container\">\n<div class=\"et_pb_blurb_container\">\n<h4 class=\"et_pb_module_header\">Ziege mit schwarzem Knoblauch<\/h4>\n<div class=\"et_pb_blurb_description\">Cremiger K\u00e4se aus Ziegen- und Kuhmilch, mit Anteilen von schwarzem Knoblauch im Inneren. Dies verleiht ihm einen leicht s\u00fc\u00dfen Geschmack und antioxidative Eigenschaften. <\/p>\n<p>Ihm werden auch andere Eigenschaften zugeschrieben, wie die Verringerung des Krebsrisikos und die Verl\u00e4ngerung des Lebens. Wir sind uns sicher, dass das Ergebnis des Geschmacks von Ziegenmilch zusammen mit schwarzem Knoblauch eine angenehme \u00dcberraschung sein wird. <\/p><\/div>\n<\/div>\n<\/div>\n<\/div>\n","protected":false},"excerpt":{"rendered":"<p>Ziege mit schwarzem Knoblauch Cremiger K\u00e4se aus Ziegen- und Kuhmilch, mit Anteilen von schwarzem Knoblauch im Inneren. Dies verleiht ihm einen leicht s\u00fc\u00dfen Geschmack und antioxidative Eigenschaften. Ihm werden auch andere Eigenschaften zugeschrieben, wie die Verringerung des Krebsrisikos und die Verl\u00e4ngerung des Lebens. Wir sind uns sicher, dass das Ergebnis des Geschmacks von Ziegenmilch zusammen [&hellip;]<\/p>\n","protected":false},"featured_media":11745,"template":"","meta":{"_et_pb_use_builder":"","_et_pb_old_content":"","_et_gb_content_width":""},"product_brand":[1319],"product_cat":[2748,1856,2288],"product_tag":[],"class_list":{"0":"post-31792","1":"product","2":"type-product","3":"status-publish","4":"has-post-thumbnail","6":"product_brand-el-gran-cardenal","7":"product_cat-ausharten","8":"product_cat-kalt","9":"product_cat-kase-und-wurst","10":"product_shipping_class-kalter-versand","12":"first","13":"outofstock","14":"taxable","15":"shipping-taxable","16":"purchasable","17":"product-type-variable"},"_links":{"self":[{"href":"https:\/\/myspainfood.com\/de\/wp-json\/wp\/v2\/product\/31792","targetHints":{"allow":["GET"]}}],"collection":[{"href":"https:\/\/myspainfood.com\/de\/wp-json\/wp\/v2\/product"}],"about":[{"href":"https:\/\/myspainfood.com\/de\/wp-json\/wp\/v2\/types\/product"}],"wp:featuredmedia":[{"embeddable":true,"href":"https:\/\/myspainfood.com\/de\/wp-json\/wp\/v2\/media\/11745"}],"wp:attachment":[{"href":"https:\/\/myspainfood.com\/de\/wp-json\/wp\/v2\/media?parent=31792"}],"wp:term":[{"taxonomy":"product_brand","embeddable":true,"href":"https:\/\/myspainfood.com\/de\/wp-json\/wp\/v2\/product_brand?post=31792"},{"taxonomy":"product_cat","embeddable":true,"href":"https:\/\/myspainfood.com\/de\/wp-json\/wp\/v2\/product_cat?post=31792"},{"taxonomy":"product_tag","embeddable":true,"href":"https:\/\/myspainfood.com\/de\/wp-json\/wp\/v2\/product_tag?post=31792"}],"curies":[{"name":"wp","href":"https:\/\/api.w.org\/{rel}","templated":true}]}}