{"id":32091,"date":"2025-04-10T12:08:59","date_gmt":"2025-04-10T10:08:59","guid":{"rendered":"https:\/\/myspainfood.com\/producto\/m-jesus-de-la-hoz-monsalve-2024-verdejo\/"},"modified":"2025-04-10T12:08:59","modified_gmt":"2025-04-10T10:08:59","slug":"m-jesus-de-la-hoz-monsalve-2024-verdejo","status":"publish","type":"product","link":"https:\/\/myspainfood.com\/de\/producto\/m-jesus-de-la-hoz-monsalve-2024-verdejo\/","title":{"rendered":"M Jesus de La Hoz Monsalve 2024 Verdejo"},"content":{"rendered":"<div class=\"cs-blog-content\">\n<p>Dieser Wein wurde zu Ehren einer im Weinbau verankerten Familientradition benannt. Die Weinbereitungsanlagen sind mit der neuesten Technologie ausgestattet, um sicherzustellen, dass der Most nichts von seinem Sortencharakter verliert. Die G\u00e4rung in Edelstahltanks erm\u00f6glicht eine absolute Temperaturkontrolle, wobei die strengen Qualit\u00e4tskontrollen jedes Prozesses eingehalten werden. <\/p>\n<p><strong>Farbe:<\/strong> helles Strohgelb.<\/p>\n<p><strong>Aroma:<\/strong> ausdrucksstark, sortentypisch, frische Fr\u00fcchte.<\/p>\n<p><strong>Gaumen:<\/strong> schmackhaft, fruchtig, frisch, fleischig.<\/p>\n<\/div>\n<h1><span class=\"vintage\"> <\/span><\/h1>\n","protected":false},"excerpt":{"rendered":"<p>Dieser Wein wurde zu Ehren einer im Weinbau verankerten Familientradition benannt. Die Weinbereitungsanlagen sind mit der neuesten Technologie ausgestattet, um sicherzustellen, dass der Most nichts von seinem Sortencharakter verliert. Die G\u00e4rung in Edelstahltanks erm\u00f6glicht eine absolute Temperaturkontrolle, wobei die strengen Qualit\u00e4tskontrollen jedes Prozesses eingehalten werden. Farbe: helles Strohgelb. Aroma: ausdrucksstark, sortentypisch, frische Fr\u00fcchte. Gaumen: schmackhaft, [&hellip;]<\/p>\n","protected":false},"featured_media":11772,"template":"","meta":{"_et_pb_use_builder":"","_et_pb_old_content":"","_et_gb_content_width":""},"product_brand":[1140],"product_cat":[4892,5256],"product_tag":[7091,7092],"class_list":{"0":"post-32091","1":"product","2":"type-product","3":"status-publish","4":"has-post-thumbnail","6":"product_brand-ladera-de-los-obispos","7":"product_cat-getranke","8":"product_cat-wein-de","9":"product_tag-gotisch","10":"product_tag-rad","12":"first","13":"instock","14":"featured","15":"taxable","16":"shipping-taxable","17":"purchasable","18":"product-type-variable"},"_links":{"self":[{"href":"https:\/\/myspainfood.com\/de\/wp-json\/wp\/v2\/product\/32091","targetHints":{"allow":["GET"]}}],"collection":[{"href":"https:\/\/myspainfood.com\/de\/wp-json\/wp\/v2\/product"}],"about":[{"href":"https:\/\/myspainfood.com\/de\/wp-json\/wp\/v2\/types\/product"}],"wp:featuredmedia":[{"embeddable":true,"href":"https:\/\/myspainfood.com\/de\/wp-json\/wp\/v2\/media\/11772"}],"wp:attachment":[{"href":"https:\/\/myspainfood.com\/de\/wp-json\/wp\/v2\/media?parent=32091"}],"wp:term":[{"taxonomy":"product_brand","embeddable":true,"href":"https:\/\/myspainfood.com\/de\/wp-json\/wp\/v2\/product_brand?post=32091"},{"taxonomy":"product_cat","embeddable":true,"href":"https:\/\/myspainfood.com\/de\/wp-json\/wp\/v2\/product_cat?post=32091"},{"taxonomy":"product_tag","embeddable":true,"href":"https:\/\/myspainfood.com\/de\/wp-json\/wp\/v2\/product_tag?post=32091"}],"curies":[{"name":"wp","href":"https:\/\/api.w.org\/{rel}","templated":true}]}}