{"id":32620,"date":"2025-04-10T12:09:05","date_gmt":"2025-04-10T10:09:05","guid":{"rendered":"https:\/\/myspainfood.com\/producto\/natives-olivenoel-extra-valdezarza-5-liter-2\/"},"modified":"2026-01-29T12:11:04","modified_gmt":"2026-01-29T11:11:04","slug":"natives-olivenoel-extra-valdezarza-5-liter-2","status":"publish","type":"product","link":"https:\/\/myspainfood.com\/de\/producto\/natives-olivenoel-extra-valdezarza-5-liter-2\/","title":{"rendered":"Natives Oliven\u00f6l extra VALDEZARZA 5 Liter"},"content":{"rendered":"<p>Valdezarza Natives Oliven\u00f6l Extra 5l ist ein Natives Oliven\u00f6l Extra der h\u00f6chsten Kategorie, das direkt aus Oliven und nur durch mechanische Verfahren gewonnen wird.<\/p>\n<p>Valdezarza liegt im Herzen der Montes de Toledo (Spanien) und verf\u00fcgt \u00fcber ein integriertes \u00d6kosystem aus Olivenhainen und Natur.<\/p>\n<p>Der beste Olivensaft wird aus Oliven hergestellt: Natives Oliven\u00f6l Extra <a href=\"https:\/\/aceitesvaldezarza.com\/quienes-somos\/\" target=\"_blank\" rel=\"noopener noreferrer nofollow\">von VALDEZARZA<\/a>.<\/p>\n<p>Das Weingut Valdezarza befindet sich in der Gemeinde San Mart\u00edn de Montalb\u00e1n, die geographisch in die Montes de Toledo integriert ist.<\/p>\n<p>Mit einer Fl\u00e4che von 700 Hektar ist der gr\u00f6\u00dfte Teil dieses Landes gesch\u00fctzter mediterraner Wald und ein kontrolliertes \u00d6kosystem.<\/p>\n<p>Dieser Ort ist Teil des Projekts zur Wiederansiedlung des Iberischen Luchses und Sie k\u00f6nnen spektakul\u00e4re Bilder von mehreren Luchsen genie\u00dfen, die sich unter den Olivenb\u00e4umen ausruhen.<\/p>\n<p>Ihre Verpackungsanlage gibt ihnen eine gr\u00f6\u00dfere Kontrolle \u00fcber den gesamten Kreislauf vom Olivenbaum bis zur Verpackung.<\/p>\n<p>Dar\u00fcber hinaus hat dieses Unternehmen echte Forschungs-, Entwicklungs- und Implementierungsprojekte wie das Messor-Projekt.<\/p>\n<p>Wenn Sie <a href=\"https:\/\/latiendadesami.com\/categoria-producto\/aceite\/\" rel=\"noopener noreferrer nofollow\" target=\"_blank\">\u00d6l<\/a> kaufen m\u00f6chten, z\u00f6gern Sie nicht, einen Blick in unseren Online-Katalog zu werfen, um die gro\u00dfe Auswahl an Produkten zu sehen, die wir anbieten, wie z.B. Valdezarza Natives Oliven\u00f6l Extra 5l.<\/p>\n<p>Schreiben Sie uns, wenn Sie weitere Informationen zu einem unserer Lebensmittel w\u00fcnschen.<\/p>\n","protected":false},"excerpt":{"rendered":"<p>Valdezarza Natives Oliven\u00f6l Extra 5l ist ein Natives Oliven\u00f6l Extra der h\u00f6chsten Kategorie, das direkt aus Oliven und nur durch mechanische Verfahren gewonnen wird. Valdezarza liegt im Herzen der Montes de Toledo (Spanien) und verf\u00fcgt \u00fcber ein integriertes \u00d6kosystem aus Olivenhainen und Natur. Der beste Olivensaft wird aus Oliven hergestellt: Natives Oliven\u00f6l Extra von VALDEZARZA. [&hellip;]<\/p>\n","protected":false},"featured_media":11619,"template":"","meta":{"_et_pb_use_builder":"","_et_pb_old_content":"","_et_gb_content_width":""},"product_brand":[1221],"product_cat":[2566,2563],"product_tag":[2569],"class_list":{"0":"post-32620","1":"product","2":"type-product","3":"status-publish","4":"has-post-thumbnail","6":"product_brand-valdezarza","7":"product_cat-natives-olivenol-extra","8":"product_cat-ol","9":"product_tag-ol","11":"first","12":"outofstock","13":"featured","14":"taxable","15":"shipping-taxable","16":"purchasable","17":"product-type-simple"},"_links":{"self":[{"href":"https:\/\/myspainfood.com\/de\/wp-json\/wp\/v2\/product\/32620","targetHints":{"allow":["GET"]}}],"collection":[{"href":"https:\/\/myspainfood.com\/de\/wp-json\/wp\/v2\/product"}],"about":[{"href":"https:\/\/myspainfood.com\/de\/wp-json\/wp\/v2\/types\/product"}],"wp:featuredmedia":[{"embeddable":true,"href":"https:\/\/myspainfood.com\/de\/wp-json\/wp\/v2\/media\/11619"}],"wp:attachment":[{"href":"https:\/\/myspainfood.com\/de\/wp-json\/wp\/v2\/media?parent=32620"}],"wp:term":[{"taxonomy":"product_brand","embeddable":true,"href":"https:\/\/myspainfood.com\/de\/wp-json\/wp\/v2\/product_brand?post=32620"},{"taxonomy":"product_cat","embeddable":true,"href":"https:\/\/myspainfood.com\/de\/wp-json\/wp\/v2\/product_cat?post=32620"},{"taxonomy":"product_tag","embeddable":true,"href":"https:\/\/myspainfood.com\/de\/wp-json\/wp\/v2\/product_tag?post=32620"}],"curies":[{"name":"wp","href":"https:\/\/api.w.org\/{rel}","templated":true}]}}