{"id":32773,"date":"2025-04-10T12:09:07","date_gmt":"2025-04-10T10:09:07","guid":{"rendered":"https:\/\/myspainfood.com\/producto\/el-gran-cardenal-schafskaese-mit-olivenoel\/"},"modified":"2025-07-28T10:38:40","modified_gmt":"2025-07-28T08:38:40","slug":"el-gran-cardenal-schafskaese-mit-olivenoel","status":"publish","type":"product","link":"https:\/\/myspainfood.com\/de\/producto\/el-gran-cardenal-schafskaese-mit-olivenoel\/","title":{"rendered":"El Gran Cardenal Schafsk\u00e4se mit Oliven\u00f6l"},"content":{"rendered":"<div class=\"et_pb_blurb_container\">\n<div class=\"et_pb_blurb_container\">\n<h4 class=\"et_pb_module_header\">Schafe mit \u00d6l<\/h4>\n<div class=\"et_pb_blurb_description\">Unser kastilischer Schafsk\u00e4se, Gewinner von 4 internationalen Goldmedaillen, zusammen mit einem der Sch\u00e4tze der mediterranen Ern\u00e4hrung, dem Oliven\u00f6l.<\/p>\n<p>Daf\u00fcr verwenden wir unser eigenes \u00d6l, das von hundertj\u00e4hrigen Olivenb\u00e4umen stammt, die auf den Feldern angebaut werden, die San Isidro mit seiner Frau bewirtschaftete&#8230;<\/p><\/div>\n<\/div>\n<\/div>\n","protected":false},"excerpt":{"rendered":"<p>Schafe mit \u00d6l Unser kastilischer Schafsk\u00e4se, Gewinner von 4 internationalen Goldmedaillen, zusammen mit einem der Sch\u00e4tze der mediterranen Ern\u00e4hrung, dem Oliven\u00f6l. Daf\u00fcr verwenden wir unser eigenes \u00d6l, das von hundertj\u00e4hrigen Olivenb\u00e4umen stammt, die auf den Feldern angebaut werden, die San Isidro mit seiner Frau bewirtschaftete&#8230;<\/p>\n","protected":false},"featured_media":11673,"template":"","meta":{"_et_pb_use_builder":"","_et_pb_old_content":"","_et_gb_content_width":""},"product_brand":[1319],"product_cat":[2748,1856,2288],"product_tag":[],"class_list":{"0":"post-32773","1":"product","2":"type-product","3":"status-publish","4":"has-post-thumbnail","6":"product_brand-el-gran-cardenal","7":"product_cat-ausharten","8":"product_cat-kalt","9":"product_cat-kase-und-wurst","10":"product_shipping_class-kalter-versand","12":"first","13":"outofstock","14":"taxable","15":"shipping-taxable","16":"purchasable","17":"product-type-variable"},"_links":{"self":[{"href":"https:\/\/myspainfood.com\/de\/wp-json\/wp\/v2\/product\/32773","targetHints":{"allow":["GET"]}}],"collection":[{"href":"https:\/\/myspainfood.com\/de\/wp-json\/wp\/v2\/product"}],"about":[{"href":"https:\/\/myspainfood.com\/de\/wp-json\/wp\/v2\/types\/product"}],"wp:featuredmedia":[{"embeddable":true,"href":"https:\/\/myspainfood.com\/de\/wp-json\/wp\/v2\/media\/11673"}],"wp:attachment":[{"href":"https:\/\/myspainfood.com\/de\/wp-json\/wp\/v2\/media?parent=32773"}],"wp:term":[{"taxonomy":"product_brand","embeddable":true,"href":"https:\/\/myspainfood.com\/de\/wp-json\/wp\/v2\/product_brand?post=32773"},{"taxonomy":"product_cat","embeddable":true,"href":"https:\/\/myspainfood.com\/de\/wp-json\/wp\/v2\/product_cat?post=32773"},{"taxonomy":"product_tag","embeddable":true,"href":"https:\/\/myspainfood.com\/de\/wp-json\/wp\/v2\/product_tag?post=32773"}],"curies":[{"name":"wp","href":"https:\/\/api.w.org\/{rel}","templated":true}]}}