{"id":32836,"date":"2025-04-10T12:09:28","date_gmt":"2025-04-10T10:09:28","guid":{"rendered":"https:\/\/myspainfood.com\/producto\/spanischer-schafsrohmilchkaese-el-gran-cardenal\/"},"modified":"2025-07-28T13:04:24","modified_gmt":"2025-07-28T11:04:24","slug":"spanischer-schafsrohmilchkaese-el-gran-cardenal","status":"publish","type":"product","link":"https:\/\/myspainfood.com\/de\/producto\/spanischer-schafsrohmilchkaese-el-gran-cardenal\/","title":{"rendered":"Spanischer Schafsrohmilchk\u00e4se El Gran Cardenal"},"content":{"rendered":"<div class=\"et_pb_blurb_container\">\n<div class=\"et_pb_blurb_container\">\n<div class=\"et_pb_blurb_container\">\n<p class=\"et_pb_module_header\">Rohe Schafsmilch<\/p>\n<div class=\"et_pb_blurb_description\">Hergestellt aus ausgew\u00e4hlter Milch, die t\u00e4glich gesammelt wird, um Frische und Qualit\u00e4t zu gew\u00e4hrleisten, was einen besseren Geschmack und ein gro\u00dfartiges Aroma garantiert.<\/div>\n<\/div>\n<\/div>\n<\/div>\n","protected":false},"excerpt":{"rendered":"<p>Rohe Schafsmilch Hergestellt aus ausgew\u00e4hlter Milch, die t\u00e4glich gesammelt wird, um Frische und Qualit\u00e4t zu gew\u00e4hrleisten, was einen besseren Geschmack und ein gro\u00dfartiges Aroma garantiert.<\/p>\n","protected":false},"featured_media":12006,"template":"","meta":{"_et_pb_use_builder":"","_et_pb_old_content":"","_et_gb_content_width":""},"product_brand":[1319],"product_cat":[2748,1856,2288],"product_tag":[],"class_list":{"0":"post-32836","1":"product","2":"type-product","3":"status-publish","4":"has-post-thumbnail","6":"product_brand-el-gran-cardenal","7":"product_cat-ausharten","8":"product_cat-kalt","9":"product_cat-kase-und-wurst","10":"product_shipping_class-kalter-versand","12":"first","13":"outofstock","14":"taxable","15":"shipping-taxable","16":"purchasable","17":"product-type-variable"},"_links":{"self":[{"href":"https:\/\/myspainfood.com\/de\/wp-json\/wp\/v2\/product\/32836","targetHints":{"allow":["GET"]}}],"collection":[{"href":"https:\/\/myspainfood.com\/de\/wp-json\/wp\/v2\/product"}],"about":[{"href":"https:\/\/myspainfood.com\/de\/wp-json\/wp\/v2\/types\/product"}],"wp:featuredmedia":[{"embeddable":true,"href":"https:\/\/myspainfood.com\/de\/wp-json\/wp\/v2\/media\/12006"}],"wp:attachment":[{"href":"https:\/\/myspainfood.com\/de\/wp-json\/wp\/v2\/media?parent=32836"}],"wp:term":[{"taxonomy":"product_brand","embeddable":true,"href":"https:\/\/myspainfood.com\/de\/wp-json\/wp\/v2\/product_brand?post=32836"},{"taxonomy":"product_cat","embeddable":true,"href":"https:\/\/myspainfood.com\/de\/wp-json\/wp\/v2\/product_cat?post=32836"},{"taxonomy":"product_tag","embeddable":true,"href":"https:\/\/myspainfood.com\/de\/wp-json\/wp\/v2\/product_tag?post=32836"}],"curies":[{"name":"wp","href":"https:\/\/api.w.org\/{rel}","templated":true}]}}