{"id":32923,"date":"2025-04-10T12:09:07","date_gmt":"2025-04-10T10:09:07","guid":{"rendered":"https:\/\/myspainfood.com\/producto\/el-gran-cardenal-getrueffelter-schafskaese\/"},"modified":"2025-07-28T10:38:35","modified_gmt":"2025-07-28T08:38:35","slug":"el-gran-cardenal-getrueffelter-schafskaese","status":"publish","type":"product","link":"https:\/\/myspainfood.com\/de\/producto\/el-gran-cardenal-getrueffelter-schafskaese\/","title":{"rendered":"El Gran Cardenal Getr\u00fcffelter Schafsk\u00e4se"},"content":{"rendered":"<div class=\"et_pb_blurb_container\">\n<h4 class=\"et_pb_module_header\">Getr\u00fcffeltes Schaf<\/h4>\n<div class=\"et_pb_blurb_description\">\n<p>Der exklusivste unter unseren K\u00e4sen. Gewinner der Super Gold Medaille bei den internationalen World Cheese Awards 2016-17. <\/p>\n<p>Nur mit Schafsmilch von den besten Herden f\u00fcgen wir die Tr\u00fcffel von Beginn der Herstellung an hinzu. So koexistieren sie w\u00e4hrend der gesamten Reifung miteinander und sorgen f\u00fcr ein unverwechselbares Aroma und einen unverwechselbaren Geschmack, der die Essenz des kastilischen Schafsk\u00e4ses respektiert.<\/p>\n<\/div>\n<\/div>\n","protected":false},"excerpt":{"rendered":"<p>Getr\u00fcffeltes Schaf Der exklusivste unter unseren K\u00e4sen. Gewinner der Super Gold Medaille bei den internationalen World Cheese Awards 2016-17. Nur mit Schafsmilch von den besten Herden f\u00fcgen wir die Tr\u00fcffel von Beginn der Herstellung an hinzu. So koexistieren sie w\u00e4hrend der gesamten Reifung miteinander und sorgen f\u00fcr ein unverwechselbares Aroma und einen unverwechselbaren Geschmack, der [&hellip;]<\/p>\n","protected":false},"featured_media":11664,"template":"","meta":{"_et_pb_use_builder":"","_et_pb_old_content":"","_et_gb_content_width":""},"product_brand":[1319],"product_cat":[2748,1856,2288],"product_tag":[],"class_list":{"0":"post-32923","1":"product","2":"type-product","3":"status-publish","4":"has-post-thumbnail","6":"product_brand-el-gran-cardenal","7":"product_cat-ausharten","8":"product_cat-kalt","9":"product_cat-kase-und-wurst","10":"product_shipping_class-kalter-versand","12":"first","13":"outofstock","14":"taxable","15":"shipping-taxable","16":"purchasable","17":"product-type-variable"},"_links":{"self":[{"href":"https:\/\/myspainfood.com\/de\/wp-json\/wp\/v2\/product\/32923","targetHints":{"allow":["GET"]}}],"collection":[{"href":"https:\/\/myspainfood.com\/de\/wp-json\/wp\/v2\/product"}],"about":[{"href":"https:\/\/myspainfood.com\/de\/wp-json\/wp\/v2\/types\/product"}],"wp:featuredmedia":[{"embeddable":true,"href":"https:\/\/myspainfood.com\/de\/wp-json\/wp\/v2\/media\/11664"}],"wp:attachment":[{"href":"https:\/\/myspainfood.com\/de\/wp-json\/wp\/v2\/media?parent=32923"}],"wp:term":[{"taxonomy":"product_brand","embeddable":true,"href":"https:\/\/myspainfood.com\/de\/wp-json\/wp\/v2\/product_brand?post=32923"},{"taxonomy":"product_cat","embeddable":true,"href":"https:\/\/myspainfood.com\/de\/wp-json\/wp\/v2\/product_cat?post=32923"},{"taxonomy":"product_tag","embeddable":true,"href":"https:\/\/myspainfood.com\/de\/wp-json\/wp\/v2\/product_tag?post=32923"}],"curies":[{"name":"wp","href":"https:\/\/api.w.org\/{rel}","templated":true}]}}