{"id":33071,"date":"2025-04-10T12:09:23","date_gmt":"2025-04-10T10:09:23","guid":{"rendered":"https:\/\/myspainfood.com\/producto\/mini-kaesesterne-130-stueck\/"},"modified":"2025-06-24T13:42:43","modified_gmt":"2025-06-24T11:42:43","slug":"mini-kaesesterne-130-stueck","status":"publish","type":"product","link":"https:\/\/myspainfood.com\/de\/producto\/mini-kaesesterne-130-stueck\/","title":{"rendered":"Mini-K\u00e4sesterne 130 St\u00fcck"},"content":{"rendered":"<p>\u00d6l (85% Sonnenblumen\u00f6l, 15% Oliven\u00f6l), gef\u00fcllte Oliven, Sardellenfilet, halbgereifter K\u00e4se und roter Pfeffer.<\/p>\n","protected":false},"excerpt":{"rendered":"<p>\u00d6l (85% Sonnenblumen\u00f6l, 15% Oliven\u00f6l), gef\u00fcllte Oliven, Sardellenfilet, halbgereifter K\u00e4se und roter Pfeffer.<\/p>\n","protected":false},"featured_media":11943,"template":"","meta":{"_et_pb_use_builder":"","_et_pb_old_content":"","_et_gb_content_width":""},"product_brand":[1277],"product_cat":[1597,1856,2288,1633,1858,1857],"product_tag":[],"class_list":{"0":"post-33071","1":"product","2":"type-product","3":"status-publish","4":"has-post-thumbnail","6":"product_brand-bokeo","7":"product_cat-essiggurken","8":"product_cat-kalt","9":"product_cat-kase-und-wurst","10":"product_cat-oliven-de","11":"product_cat-pintxos-de","12":"product_cat-sardellen","13":"product_shipping_class-kalter-versand","15":"first","16":"outofstock","17":"taxable","18":"shipping-taxable","19":"purchasable","20":"product-type-simple"},"_links":{"self":[{"href":"https:\/\/myspainfood.com\/de\/wp-json\/wp\/v2\/product\/33071","targetHints":{"allow":["GET"]}}],"collection":[{"href":"https:\/\/myspainfood.com\/de\/wp-json\/wp\/v2\/product"}],"about":[{"href":"https:\/\/myspainfood.com\/de\/wp-json\/wp\/v2\/types\/product"}],"wp:featuredmedia":[{"embeddable":true,"href":"https:\/\/myspainfood.com\/de\/wp-json\/wp\/v2\/media\/11943"}],"wp:attachment":[{"href":"https:\/\/myspainfood.com\/de\/wp-json\/wp\/v2\/media?parent=33071"}],"wp:term":[{"taxonomy":"product_brand","embeddable":true,"href":"https:\/\/myspainfood.com\/de\/wp-json\/wp\/v2\/product_brand?post=33071"},{"taxonomy":"product_cat","embeddable":true,"href":"https:\/\/myspainfood.com\/de\/wp-json\/wp\/v2\/product_cat?post=33071"},{"taxonomy":"product_tag","embeddable":true,"href":"https:\/\/myspainfood.com\/de\/wp-json\/wp\/v2\/product_tag?post=33071"}],"curies":[{"name":"wp","href":"https:\/\/api.w.org\/{rel}","templated":true}]}}