{"id":33470,"date":"2025-04-10T12:10:14","date_gmt":"2025-04-10T10:10:14","guid":{"rendered":"https:\/\/myspainfood.com\/producto\/herzmuscheln-natur-45-65-areoso\/"},"modified":"2025-04-10T12:10:14","modified_gmt":"2025-04-10T10:10:14","slug":"herzmuscheln-natur-45-65-areoso","status":"publish","type":"product","link":"https:\/\/myspainfood.com\/de\/producto\/herzmuscheln-natur-45-65-areoso\/","title":{"rendered":"Herzmuscheln natur 45\/65 Areoso"},"content":{"rendered":"<p>Produkt: Herzmuscheln 45\/65 St\u00fcck.<\/p>\n<p>Zutaten: Herzmuschel, Wasser und Salz<\/p>\n<p>ZUBEREITUNGSPROZESS: Herzmuscheln werden auf \u00e4hnliche Weise wie Venusmuscheln zubereitet, auch wenn sie nicht so empfindlich sind wie Venusmuscheln. Das Verfahren ist wie folgt: Sie werden in Wasser gekocht, mit den richtigen hygienisch-sanit\u00e4ren Eigenschaften. Der gesamte Prozess des Sch\u00e4lens und Sortierens ist automatisiert. Dann werden sie erneut in hei\u00dfem Wasser gewaschen und anschlie\u00dfend verpackt. Dann wird die Abdeckfl\u00fcssigkeit hinzugef\u00fcgt, die in diesem Fall nat\u00fcrliches Wasser ist. Sie wird verschlossen und mit den f\u00fcr dieses Produkt charakteristischen und geeigneten Parametern sterilisiert. Danach ist es bereit f\u00fcr die Lagerung und den Verkauf.      <\/p>\n","protected":false},"excerpt":{"rendered":"<p>Produkt: Herzmuscheln 45\/65 St\u00fcck. Zutaten: Herzmuschel, Wasser und Salz ZUBEREITUNGSPROZESS: Herzmuscheln werden auf \u00e4hnliche Weise wie Venusmuscheln zubereitet, auch wenn sie nicht so empfindlich sind wie Venusmuscheln. Das Verfahren ist wie folgt: Sie werden in Wasser gekocht, mit den richtigen hygienisch-sanit\u00e4ren Eigenschaften. Der gesamte Prozess des Sch\u00e4lens und Sortierens ist automatisiert. Dann werden sie erneut [&hellip;]<\/p>\n","protected":false},"featured_media":12573,"template":"","meta":{"_et_pb_use_builder":"","_et_pb_old_content":"","_et_gb_content_width":""},"product_brand":[1358,1075],"product_cat":[5675,1948],"product_tag":[],"class_list":{"0":"post-33470","1":"product","2":"type-product","3":"status-publish","4":"has-post-thumbnail","6":"product_brand-areoso","7":"product_brand-oti","8":"product_cat-herzmuscheln","9":"product_cat-konserven","11":"first","12":"outofstock","13":"sale","14":"taxable","15":"shipping-taxable","16":"purchasable","17":"product-type-simple"},"_links":{"self":[{"href":"https:\/\/myspainfood.com\/de\/wp-json\/wp\/v2\/product\/33470","targetHints":{"allow":["GET"]}}],"collection":[{"href":"https:\/\/myspainfood.com\/de\/wp-json\/wp\/v2\/product"}],"about":[{"href":"https:\/\/myspainfood.com\/de\/wp-json\/wp\/v2\/types\/product"}],"wp:featuredmedia":[{"embeddable":true,"href":"https:\/\/myspainfood.com\/de\/wp-json\/wp\/v2\/media\/12573"}],"wp:attachment":[{"href":"https:\/\/myspainfood.com\/de\/wp-json\/wp\/v2\/media?parent=33470"}],"wp:term":[{"taxonomy":"product_brand","embeddable":true,"href":"https:\/\/myspainfood.com\/de\/wp-json\/wp\/v2\/product_brand?post=33470"},{"taxonomy":"product_cat","embeddable":true,"href":"https:\/\/myspainfood.com\/de\/wp-json\/wp\/v2\/product_cat?post=33470"},{"taxonomy":"product_tag","embeddable":true,"href":"https:\/\/myspainfood.com\/de\/wp-json\/wp\/v2\/product_tag?post=33470"}],"curies":[{"name":"wp","href":"https:\/\/api.w.org\/{rel}","templated":true}]}}