{"id":33823,"date":"2025-04-10T12:09:55","date_gmt":"2025-04-10T10:09:55","guid":{"rendered":"https:\/\/myspainfood.com\/producto\/filets-von-melva-de-andalucia-canutera-in-olivenoel\/"},"modified":"2025-04-10T12:09:55","modified_gmt":"2025-04-10T10:09:55","slug":"filets-von-melva-de-andalucia-canutera-in-olivenoel","status":"publish","type":"product","link":"https:\/\/myspainfood.com\/de\/producto\/filets-von-melva-de-andalucia-canutera-in-olivenoel\/","title":{"rendered":"Filets von Melva de Andalucia Canutera in Oliven\u00f6l"},"content":{"rendered":"<p>PESASUR verwendet w\u00e4hrend des Produktionsprozesses keine chemischen Produkte und die Erfahrung der Arbeitskr\u00e4fte, die seit Generationen Makrelenfilets verarbeiten, sorgt f\u00fcr die perfekte Sauberkeit des Fisches und eine hervorragende Pr\u00e4sentation der Filets in Gl\u00e4sern und Dosen aller Formate.<\/p>\n<h4>Die wichtigsten Vorteile von Dosenfutter<\/h4>\n<ol>\n<li>Sie bewahren alle ern\u00e4hrungsphysiologischen Eigenschaften der Lebensmittel selbst. Die Lebensmittel bewahren ihre Frische. <\/li>\n<li>Die verwendeten Lebensmittel sind gesund und eignen sich aufgrund ihres hohen Vitamin- und Proteingehalts f\u00fcr eine optimale Ern\u00e4hrung.<\/li>\n<li>Diese Produkte haben eine l\u00e4ngere Lebensdauer (typisch sind 2-5 Jahre).<\/li>\n<li>Die Konserven sind sehr einfach zu lagern, da ihre Verpackung leicht zu handhaben ist.<\/li>\n<\/ol>\n<p>Wenn Sie andalusische Makrele oder eine andere Art von <a href=\"https:\/\/latiendadesami.com\/categoria-producto\/conservas\/\" rel=\"noopener noreferrer nofollow\" target=\"_blank\">Dosenfutter<\/a> kaufen m\u00f6chten, z\u00f6gern Sie nicht, einen Blick in unseren Online-Katalog zu werfen, um die gro\u00dfe Auswahl an <a href=\"https:\/\/latiendadesami.com\/categoria-producto\/conservas\/atun-y-bonito\/\" target=\"_blank\" rel=\"noopener noreferrer nofollow\">Thunfisch<\/a> zu sehen, die wir anbieten.<\/p>\n<p>Schreiben Sie uns f\u00fcr weitere Informationen.<\/p>\n","protected":false},"excerpt":{"rendered":"<p>Oliven\u00f6l aus andalusischer Makrele<\/p>\n","protected":false},"featured_media":12510,"template":"","meta":{"_et_pb_use_builder":"","_et_pb_old_content":"","_et_gb_content_width":""},"product_brand":[1205],"product_cat":[1948,7483],"product_tag":[],"class_list":{"0":"post-33823","1":"product","2":"type-product","3":"status-publish","4":"has-post-thumbnail","6":"product_brand-pesasur","7":"product_cat-konserven","8":"product_cat-melva-de","10":"first","11":"outofstock","12":"taxable","13":"shipping-taxable","14":"product-type-variable"},"_links":{"self":[{"href":"https:\/\/myspainfood.com\/de\/wp-json\/wp\/v2\/product\/33823","targetHints":{"allow":["GET"]}}],"collection":[{"href":"https:\/\/myspainfood.com\/de\/wp-json\/wp\/v2\/product"}],"about":[{"href":"https:\/\/myspainfood.com\/de\/wp-json\/wp\/v2\/types\/product"}],"wp:featuredmedia":[{"embeddable":true,"href":"https:\/\/myspainfood.com\/de\/wp-json\/wp\/v2\/media\/12510"}],"wp:attachment":[{"href":"https:\/\/myspainfood.com\/de\/wp-json\/wp\/v2\/media?parent=33823"}],"wp:term":[{"taxonomy":"product_brand","embeddable":true,"href":"https:\/\/myspainfood.com\/de\/wp-json\/wp\/v2\/product_brand?post=33823"},{"taxonomy":"product_cat","embeddable":true,"href":"https:\/\/myspainfood.com\/de\/wp-json\/wp\/v2\/product_cat?post=33823"},{"taxonomy":"product_tag","embeddable":true,"href":"https:\/\/myspainfood.com\/de\/wp-json\/wp\/v2\/product_tag?post=33823"}],"curies":[{"name":"wp","href":"https:\/\/api.w.org\/{rel}","templated":true}]}}