{"id":33947,"date":"2025-04-10T12:10:21","date_gmt":"2025-04-10T10:10:21","guid":{"rendered":"https:\/\/myspainfood.com\/producto\/rasierklingenmuscheln-in-olivenoel-areoso-115-g\/"},"modified":"2025-04-10T12:10:21","modified_gmt":"2025-04-10T10:10:21","slug":"rasierklingenmuscheln-in-olivenoel-areoso-115-g","status":"publish","type":"product","link":"https:\/\/myspainfood.com\/de\/producto\/rasierklingenmuscheln-in-olivenoel-areoso-115-g\/","title":{"rendered":"Rasierklingenmuscheln in Oliven\u00f6l Areoso 115 g"},"content":{"rendered":"<p>Produkt: Rasierklingenmuscheln in Oliven\u00f6l<\/p>\n<p>Spezifikationen: Schwertmuscheln (Ensis arcuatus) aus den galicischen Rias, von homogener Gr\u00f6\u00dfe in Oliven\u00f6l. Gereinigt und von Hand in jeder Dose ausgew\u00e4hlt. <\/p>\n<p>Zutaten: Schwertmuscheln 56,5%, Oliven\u00f6l 43,5% und Salz.<\/p>\n<p>Der Produktionsprozess: Die in den galicischen Rias geernteten Venusmuscheln durchlaufen wie alle anderen Mollusken einen Reinigungsprozess, sobald sie die Fabrik erreichen. Sie werden in hygienisch einwandfreiem Wasser gekocht, ge\u00f6ffnet und dann von Hand gesch\u00e4lt, wobei darauf geachtet wird, dass sie nicht zerbrechen. Anschlie\u00dfend werden sie erneut in warmem Salzwasser gewaschen und verpackt. Anschlie\u00dfend werden sie mit Oliven\u00f6l bestrichen, um eine weiche Textur und einen intensiven Geschmack zu erhalten. Die Beh\u00e4lter werden verschlossen und mit den f\u00fcr dieses Produkt charakteristischen und geeigneten Parametern sterilisiert. So entsteht die perfekte Atmosph\u00e4re, um viele Jahre lang ohne jegliche Konservierungsstoffe oder k\u00fcnstliche Zus\u00e4tze haltbar zu sein. Danach ist es bereit f\u00fcr die Lagerung und den Verkauf.     <\/p>\n","protected":false},"excerpt":{"rendered":"<p>Produkt: Rasierklingenmuscheln in Oliven\u00f6l Spezifikationen: Schwertmuscheln (Ensis arcuatus) aus den galicischen Rias, von homogener Gr\u00f6\u00dfe in Oliven\u00f6l. Gereinigt und von Hand in jeder Dose ausgew\u00e4hlt. Zutaten: Schwertmuscheln 56,5%, Oliven\u00f6l 43,5% und Salz. Der Produktionsprozess: Die in den galicischen Rias geernteten Venusmuscheln durchlaufen wie alle anderen Mollusken einen Reinigungsprozess, sobald sie die Fabrik erreichen. Sie werden [&hellip;]<\/p>\n","protected":false},"featured_media":12897,"template":"","meta":{"_et_pb_use_builder":"","_et_pb_old_content":"","_et_gb_content_width":""},"product_brand":[1358],"product_cat":[1948,7635],"product_tag":[],"class_list":{"0":"post-33947","1":"product","2":"type-product","3":"status-publish","4":"has-post-thumbnail","6":"product_brand-areoso","7":"product_cat-konserven","8":"product_cat-rasierapparate","10":"first","11":"outofstock","12":"taxable","13":"shipping-taxable","14":"product-type-variable"},"_links":{"self":[{"href":"https:\/\/myspainfood.com\/de\/wp-json\/wp\/v2\/product\/33947","targetHints":{"allow":["GET"]}}],"collection":[{"href":"https:\/\/myspainfood.com\/de\/wp-json\/wp\/v2\/product"}],"about":[{"href":"https:\/\/myspainfood.com\/de\/wp-json\/wp\/v2\/types\/product"}],"wp:featuredmedia":[{"embeddable":true,"href":"https:\/\/myspainfood.com\/de\/wp-json\/wp\/v2\/media\/12897"}],"wp:attachment":[{"href":"https:\/\/myspainfood.com\/de\/wp-json\/wp\/v2\/media?parent=33947"}],"wp:term":[{"taxonomy":"product_brand","embeddable":true,"href":"https:\/\/myspainfood.com\/de\/wp-json\/wp\/v2\/product_brand?post=33947"},{"taxonomy":"product_cat","embeddable":true,"href":"https:\/\/myspainfood.com\/de\/wp-json\/wp\/v2\/product_cat?post=33947"},{"taxonomy":"product_tag","embeddable":true,"href":"https:\/\/myspainfood.com\/de\/wp-json\/wp\/v2\/product_tag?post=33947"}],"curies":[{"name":"wp","href":"https:\/\/api.w.org\/{rel}","templated":true}]}}