{"id":34096,"date":"2025-04-10T12:09:58","date_gmt":"2025-04-10T10:09:58","guid":{"rendered":"https:\/\/myspainfood.com\/producto\/banderillas-extra-wuerzig-chicon-900-gramm-packung-6-stueck\/"},"modified":"2026-01-25T10:10:33","modified_gmt":"2026-01-25T09:10:33","slug":"banderillas-extra-wuerzig-chicon-900-gramm-packung-6-stueck","status":"publish","type":"product","link":"https:\/\/myspainfood.com\/de\/producto\/banderillas-extra-wuerzig-chicon-900-gramm-packung-6-stueck\/","title":{"rendered":"Banderillas Extra (w\u00fcrzig) Chic\u00f3n 900 Gramm Packung 6 St\u00fcck"},"content":{"rendered":"<p>Banderillas extra picantes sind <a href=\"https:\/\/aceitunaschiconlebron.com\/catalogo\/banderillas-picantes\/\" target=\"_blank\" rel=\"noopener noreferrer nofollow\">Essiggurken<\/a>, die in vielen Ecken unseres Landes t\u00e4glich als Vorspeise gegessen werden.<\/p>\n<p>Die Mischung der Aromen der Zutaten, zusammen mit dem Hauch von Essig und der Sch\u00e4rfe des Chilis, verleiht dem Geschmack unserer pikanten Banderillas eine besondere Note.<\/p>\n<p>Die w\u00fcrzigen Banderillas bestehen normalerweise aus Gurken, Chili, Zwiebeln, Oliven und Paprika. Deshalb ist die Mischung dieser Aromen auch so exquisit. <\/p>\n<h3><strong>Vorteile von extra scharfen Banderillas<\/strong><\/h3>\n<p>Kennen Sie die Vorteile von w\u00fcrzigen Banderillas und Essiggurken im Allgemeinen? Hier ist eine Liste mit den wichtigsten davon: <\/p>\n<ul>\n<li>Reich an Probiotika.<\/li>\n<li>Sie f\u00f6rdern die Verdauung.<\/li>\n<li>Sie st\u00e4rken das Immunsystem.<\/li>\n<li>Sie reduzieren den Hei\u00dfhunger auf Zucker.<\/li>\n<li>G\u00fcnstig f\u00fcr die Gallenblase.<\/li>\n<\/ul>\n<p>&nbsp;<\/p>\n<p>Wenn Sie Oliven oder eine andere Art von <a href=\"https:\/\/latiendadesami.com\/categoria-producto\/encurtidos\/\" rel=\"noopener noreferrer nofollow\" target=\"_blank\">eingelegten Lebensmitteln<\/a> kaufen m\u00f6chten, z\u00f6gern Sie nicht, einen Blick in unseren Online-Katalog zu werfen, um die gro\u00dfe Auswahl an <a href=\"https:\/\/latiendadesami.com\/categoria-producto\/encurtidos\/aceitunas\/\" target=\"_blank\" rel=\"noopener noreferrer nofollow\">Oliven<\/a> zu sehen, die wir anbieten.<\/p>\n","protected":false},"excerpt":{"rendered":"<p>banderillas picante<\/p>\n<p>Abh\u00e4ngig von der Menge<\/p>\n","protected":false},"featured_media":12267,"template":"","meta":{"_et_pb_use_builder":"","_et_pb_old_content":"","_et_gb_content_width":""},"product_brand":[1036],"product_cat":[3123,2968],"product_tag":[1639,2076],"class_list":{"0":"post-34096","1":"product","2":"type-product","3":"status-publish","4":"has-post-thumbnail","6":"product_brand-chicon","7":"product_cat-essiggurken-de","8":"product_cat-groshandel","9":"product_tag-extra-de","10":"product_tag-pikant","12":"first","13":"instock","14":"taxable","15":"shipping-taxable","16":"purchasable","17":"product-type-variable"},"_links":{"self":[{"href":"https:\/\/myspainfood.com\/de\/wp-json\/wp\/v2\/product\/34096","targetHints":{"allow":["GET"]}}],"collection":[{"href":"https:\/\/myspainfood.com\/de\/wp-json\/wp\/v2\/product"}],"about":[{"href":"https:\/\/myspainfood.com\/de\/wp-json\/wp\/v2\/types\/product"}],"wp:featuredmedia":[{"embeddable":true,"href":"https:\/\/myspainfood.com\/de\/wp-json\/wp\/v2\/media\/12267"}],"wp:attachment":[{"href":"https:\/\/myspainfood.com\/de\/wp-json\/wp\/v2\/media?parent=34096"}],"wp:term":[{"taxonomy":"product_brand","embeddable":true,"href":"https:\/\/myspainfood.com\/de\/wp-json\/wp\/v2\/product_brand?post=34096"},{"taxonomy":"product_cat","embeddable":true,"href":"https:\/\/myspainfood.com\/de\/wp-json\/wp\/v2\/product_cat?post=34096"},{"taxonomy":"product_tag","embeddable":true,"href":"https:\/\/myspainfood.com\/de\/wp-json\/wp\/v2\/product_tag?post=34096"}],"curies":[{"name":"wp","href":"https:\/\/api.w.org\/{rel}","templated":true}]}}