{"id":34201,"date":"2025-04-10T12:09:58","date_gmt":"2025-04-10T10:09:58","guid":{"rendered":"https:\/\/myspainfood.com\/producto\/chicon-extra-oliven-gewuerzgurken-900-gramm-packung-6-stueck\/"},"modified":"2025-04-10T12:09:58","modified_gmt":"2025-04-10T10:09:58","slug":"chicon-extra-oliven-gewuerzgurken-900-gramm-packung-6-stueck","status":"publish","type":"product","link":"https:\/\/myspainfood.com\/de\/producto\/chicon-extra-oliven-gewuerzgurken-900-gramm-packung-6-stueck\/","title":{"rendered":"Chic\u00f3n Extra Oliven Gew\u00fcrzgurken 900 Gramm Packung 6 St\u00fcck"},"content":{"rendered":"<p><a href=\"https:\/\/aceitunaschiconlebron.com\/\" target=\"_blank\" rel=\"noopener noreferrer nofollow\">Chic\u00f3n<\/a> Extra Gew\u00fcrzgurken werden in Antequera, Malaga, hergestellt.<\/p>\n<p>Sie werden nach dem traditionellen Rezept und auf traditionelle Weise zubereitet.<\/p>\n<p>Es sind extra kleine, zarte Gurken mit dieser leichten und appetitlichen Essignote.<\/p>\n<p>Die Mischung der Aromen der Zutaten zusammen mit dem Hauch von Essig verleiht ihm einen besonderen Geschmack, der sehr angenehm f\u00fcr den Gaumen ist.<\/p>\n<p>Essiggurken sind ein Snack, der das Immunsystem st\u00e4rkt, d.h. sie unterst\u00fctzen die Abwehrkr\u00e4fte und die allgemeine Gesundheit.<\/p>\n<h3><strong>Vorteile von Extra Cornichons<\/strong><\/h3>\n<p>Kennen Sie die Vorteile von Essiggurken im Allgemeinen? Hier ist eine Liste mit den wichtigsten davon: <\/p>\n<ul>\n<li>Reich an Probiotika.<\/li>\n<li>Sie f\u00f6rdern die Verdauung.<\/li>\n<li>Sie st\u00e4rken das Immunsystem.<\/li>\n<li>Sie reduzieren den Hei\u00dfhunger auf Zucker.<\/li>\n<li>G\u00fcnstig f\u00fcr die Gallenblase.<\/li>\n<\/ul>\n<p>Wenn Sie Oliven oder eine andere Art von <a href=\"https:\/\/latiendadesami.com\/categoria-producto\/encurtidos\/\" rel=\"noopener noreferrer nofollow\" target=\"_blank\">eingelegten Lebensmitteln<\/a> kaufen m\u00f6chten, z\u00f6gern Sie nicht, einen Blick in unseren Online-Katalog zu werfen, um die gro\u00dfe Auswahl an <a href=\"https:\/\/latiendadesami.com\/categoria-producto\/encurtidos\/pepinillos\/\" target=\"_blank\" rel=\"noopener noreferrer nofollow\">Oliven<\/a> zu sehen, die wir anbieten.<\/p>\n","protected":false},"excerpt":{"rendered":"<p>Chic\u00f3n Extra Gew\u00fcrzgurken werden in Antequera, Malaga, hergestellt. Sie werden nach dem traditionellen Rezept und auf traditionelle Weise zubereitet. Es sind extra kleine, zarte Gurken mit dieser leichten und appetitlichen Essignote. Die Mischung der Aromen der Zutaten zusammen mit dem Hauch von Essig verleiht ihm einen besonderen Geschmack, der sehr angenehm f\u00fcr den Gaumen ist. [&hellip;]<\/p>\n","protected":false},"featured_media":7065,"template":"","meta":{"_et_pb_use_builder":"","_et_pb_old_content":"","_et_gb_content_width":""},"product_brand":[1036],"product_cat":[3123,2968],"product_tag":[1639],"class_list":{"0":"post-34201","1":"product","2":"type-product","3":"status-publish","4":"has-post-thumbnail","6":"product_brand-chicon","7":"product_cat-essiggurken-de","8":"product_cat-groshandel","9":"product_tag-extra-de","11":"first","12":"outofstock","13":"taxable","14":"shipping-taxable","15":"purchasable","16":"product-type-variable"},"_links":{"self":[{"href":"https:\/\/myspainfood.com\/de\/wp-json\/wp\/v2\/product\/34201","targetHints":{"allow":["GET"]}}],"collection":[{"href":"https:\/\/myspainfood.com\/de\/wp-json\/wp\/v2\/product"}],"about":[{"href":"https:\/\/myspainfood.com\/de\/wp-json\/wp\/v2\/types\/product"}],"wp:featuredmedia":[{"embeddable":true,"href":"https:\/\/myspainfood.com\/de\/wp-json\/wp\/v2\/media\/7065"}],"wp:attachment":[{"href":"https:\/\/myspainfood.com\/de\/wp-json\/wp\/v2\/media?parent=34201"}],"wp:term":[{"taxonomy":"product_brand","embeddable":true,"href":"https:\/\/myspainfood.com\/de\/wp-json\/wp\/v2\/product_brand?post=34201"},{"taxonomy":"product_cat","embeddable":true,"href":"https:\/\/myspainfood.com\/de\/wp-json\/wp\/v2\/product_cat?post=34201"},{"taxonomy":"product_tag","embeddable":true,"href":"https:\/\/myspainfood.com\/de\/wp-json\/wp\/v2\/product_tag?post=34201"}],"curies":[{"name":"wp","href":"https:\/\/api.w.org\/{rel}","templated":true}]}}