{"id":34312,"date":"2025-04-10T12:10:12","date_gmt":"2025-04-10T10:10:12","guid":{"rendered":"https:\/\/myspainfood.com\/producto\/norwegischer-raeucherlachs-port-faroe-600-g-2\/"},"modified":"2025-09-02T10:46:40","modified_gmt":"2025-09-02T08:46:40","slug":"norwegischer-raeucherlachs-port-faroe-600-g-2","status":"publish","type":"product","link":"https:\/\/myspainfood.com\/de\/producto\/norwegischer-raeucherlachs-port-faroe-600-g-2\/","title":{"rendered":"Norwegischer R\u00e4ucherlachs Port Faroe 600 g"},"content":{"rendered":"<p>Das R\u00e4uchern ist eine Technik zur Haltbarmachung von Lebensmitteln.<\/p>\n<p> Dabei werden die Lebensmittel einer Rauchquelle ausgesetzt, die aus harzarmen Holzfeuern stammt.<\/p>\n<p> Dieser Prozess ist neben der Haltbarmachung auch f\u00fcr den besonderen Rauchgeschmack verantwortlich.<\/p>\n<p> R\u00e4ucherlachs ist ein Lebensmittel, das durch die oben beschriebene R\u00e4ucherung gewonnen wird, die ihm eine l\u00e4ngere Haltbarkeit und einen anderen, charakteristischen Geschmack verleiht.<\/p>\n<p>&nbsp;<\/p>\n","protected":false},"excerpt":{"rendered":"<p>Das R\u00e4uchern ist eine Technik zur Haltbarmachung von Lebensmitteln. Dabei werden die Lebensmittel einer Rauchquelle ausgesetzt, die aus harzarmen Holzfeuern stammt. Dieser Prozess ist neben der Haltbarmachung auch f\u00fcr den besonderen Rauchgeschmack verantwortlich. R\u00e4ucherlachs ist ein Lebensmittel, das durch die oben beschriebene R\u00e4ucherung gewonnen wird, die ihm eine l\u00e4ngere Haltbarkeit und einen anderen, charakteristischen Geschmack [&hellip;]<\/p>\n","protected":false},"featured_media":12600,"template":"","meta":{"_et_pb_use_builder":"","_et_pb_old_content":"","_et_gb_content_width":""},"product_brand":[1361],"product_cat":[1856,7745,7744],"product_tag":[],"class_list":{"0":"post-34312","1":"product","2":"type-product","3":"status-publish","4":"has-post-thumbnail","6":"product_brand-ahumados-fernandez-molina","7":"product_cat-kalt","8":"product_cat-lachs","9":"product_cat-weihnachts-special","10":"product_shipping_class-kalter-versand","12":"first","13":"instock","14":"sale","15":"taxable","16":"shipping-taxable","17":"purchasable","18":"product-type-variable"},"_links":{"self":[{"href":"https:\/\/myspainfood.com\/de\/wp-json\/wp\/v2\/product\/34312","targetHints":{"allow":["GET"]}}],"collection":[{"href":"https:\/\/myspainfood.com\/de\/wp-json\/wp\/v2\/product"}],"about":[{"href":"https:\/\/myspainfood.com\/de\/wp-json\/wp\/v2\/types\/product"}],"wp:featuredmedia":[{"embeddable":true,"href":"https:\/\/myspainfood.com\/de\/wp-json\/wp\/v2\/media\/12600"}],"wp:attachment":[{"href":"https:\/\/myspainfood.com\/de\/wp-json\/wp\/v2\/media?parent=34312"}],"wp:term":[{"taxonomy":"product_brand","embeddable":true,"href":"https:\/\/myspainfood.com\/de\/wp-json\/wp\/v2\/product_brand?post=34312"},{"taxonomy":"product_cat","embeddable":true,"href":"https:\/\/myspainfood.com\/de\/wp-json\/wp\/v2\/product_cat?post=34312"},{"taxonomy":"product_tag","embeddable":true,"href":"https:\/\/myspainfood.com\/de\/wp-json\/wp\/v2\/product_tag?post=34312"}],"curies":[{"name":"wp","href":"https:\/\/api.w.org\/{rel}","templated":true}]}}