{"id":34720,"date":"2025-04-10T12:10:13","date_gmt":"2025-04-10T10:10:13","guid":{"rendered":"https:\/\/myspainfood.com\/producto\/flor-de-esgueva-viejo-kaese-32-kg\/"},"modified":"2025-08-12T09:53:56","modified_gmt":"2025-08-12T07:53:56","slug":"flor-de-esgueva-viejo-kaese-32-kg","status":"publish","type":"product","link":"https:\/\/myspainfood.com\/de\/producto\/flor-de-esgueva-viejo-kaese-32-kg\/","title":{"rendered":"Flor de Esgueva Viejo K\u00e4se 3,2 kg"},"content":{"rendered":"<div class=\"et_pb_blurb_container\">\n<div class=\"et_pb_blurb_container\">\n<h1 class=\"vc_custom_heading\">Blume von Esgueva Viejo<\/h1>\n<p class=\"vc_custom_heading us_custom_c587e30b\">Ausschlie\u00dflich aus roher Schafsmilch hergestellt und mindestens 7 Monate lang in der nat\u00fcrlichen Rinde gereift.<\/p>\n<div class=\"wpb_text_column us_custom_afe9a513\">\n<div class=\"wpb_wrapper\">\n<p>Dies ist Perfektion in Bezug auf Intensit\u00e4t und Textur. Er ist ein sehr geeigneter K\u00e4se f\u00fcr K\u00e4seliebhaber, die eine elastische und fast schmelzende Textur m\u00f6gen, ohne jedoch den reinen Schafsgeschmack und die Intensit\u00e4t im Mund zu verlieren. Er hat einen langen und anhaltenden Nachgeschmack, der noch einige Minuten lang ein angenehmes Gef\u00fchl hinterl\u00e4sst.  <\/p>\n<\/div>\n<\/div>\n<\/div>\n<\/div>\n","protected":false},"excerpt":{"rendered":"<p>Blume von Esgueva Viejo Ausschlie\u00dflich aus roher Schafsmilch hergestellt und mindestens 7 Monate lang in der nat\u00fcrlichen Rinde gereift. Dies ist Perfektion in Bezug auf Intensit\u00e4t und Textur. Er ist ein sehr geeigneter K\u00e4se f\u00fcr K\u00e4seliebhaber, die eine elastische und fast schmelzende Textur m\u00f6gen, ohne jedoch den reinen Schafsgeschmack und die Intensit\u00e4t im Mund zu [&hellip;]<\/p>\n","protected":false},"featured_media":12654,"template":"","meta":{"_et_pb_use_builder":"","_et_pb_old_content":"","_et_gb_content_width":""},"product_brand":[1367],"product_cat":[2748,1856,2288],"product_tag":[],"class_list":{"0":"post-34720","1":"product","2":"type-product","3":"status-publish","4":"has-post-thumbnail","6":"product_brand-flor-de-esgueva","7":"product_cat-ausharten","8":"product_cat-kalt","9":"product_cat-kase-und-wurst","10":"product_shipping_class-kalter-versand","12":"first","13":"outofstock","14":"taxable","15":"shipping-taxable","16":"purchasable","17":"product-type-variable"},"_links":{"self":[{"href":"https:\/\/myspainfood.com\/de\/wp-json\/wp\/v2\/product\/34720","targetHints":{"allow":["GET"]}}],"collection":[{"href":"https:\/\/myspainfood.com\/de\/wp-json\/wp\/v2\/product"}],"about":[{"href":"https:\/\/myspainfood.com\/de\/wp-json\/wp\/v2\/types\/product"}],"wp:featuredmedia":[{"embeddable":true,"href":"https:\/\/myspainfood.com\/de\/wp-json\/wp\/v2\/media\/12654"}],"wp:attachment":[{"href":"https:\/\/myspainfood.com\/de\/wp-json\/wp\/v2\/media?parent=34720"}],"wp:term":[{"taxonomy":"product_brand","embeddable":true,"href":"https:\/\/myspainfood.com\/de\/wp-json\/wp\/v2\/product_brand?post=34720"},{"taxonomy":"product_cat","embeddable":true,"href":"https:\/\/myspainfood.com\/de\/wp-json\/wp\/v2\/product_cat?post=34720"},{"taxonomy":"product_tag","embeddable":true,"href":"https:\/\/myspainfood.com\/de\/wp-json\/wp\/v2\/product_tag?post=34720"}],"curies":[{"name":"wp","href":"https:\/\/api.w.org\/{rel}","templated":true}]}}