{"id":36765,"date":"2025-04-10T12:11:40","date_gmt":"2025-04-10T10:11:40","guid":{"rendered":"https:\/\/myspainfood.com\/producto\/andalusische-gazpacho-mit-nativem-olivenoel-extra-arteoliva-1-liter\/"},"modified":"2026-01-29T12:31:47","modified_gmt":"2026-01-29T11:31:47","slug":"andalusische-gazpacho-mit-nativem-olivenoel-extra-arteoliva-1-liter","status":"publish","type":"product","link":"https:\/\/myspainfood.com\/de\/producto\/andalusische-gazpacho-mit-nativem-olivenoel-extra-arteoliva-1-liter\/","title":{"rendered":"Andalusische Gazpacho mit nativem Oliven\u00f6l extra ARTEOLIVA 1 Liter"},"content":{"rendered":"<p>Es handelt sich um ein Produkt, das getreu dem traditionellen Rezept der echten andalusischen Gazpacho hergestellt wird. Es enth\u00e4lt frisches Gem\u00fcse von h\u00f6chster Qualit\u00e4t wie Tomaten, Gurken, Paprika, Knoblauch, natives Oliven\u00f6l extra und Brot, Sherryessig, Wasser und Meersalz. Im Gegensatz zu anderen Produkten auf dem Markt enth\u00e4lt der Gazpacho &#8222;ArteOliva&#8220; mehr natives Oliven\u00f6l extra und Brot, das als wesentlicher Bestandteil des traditionellen Rezepts gilt.  <\/p>\n","protected":false},"excerpt":{"rendered":"<p>Es handelt sich um ein Produkt, das getreu dem traditionellen Rezept der echten andalusischen Gazpacho hergestellt wird. Es enth\u00e4lt frisches Gem\u00fcse von h\u00f6chster Qualit\u00e4t wie Tomaten, Gurken, Paprika, Knoblauch, natives Oliven\u00f6l extra und Brot, Sherryessig, Wasser und Meersalz. Im Gegensatz zu anderen Produkten auf dem Markt enth\u00e4lt der Gazpacho &#8222;ArteOliva&#8220; mehr natives Oliven\u00f6l extra und [&hellip;]<\/p>\n","protected":false},"featured_media":14085,"template":"","meta":{"_et_pb_use_builder":"","_et_pb_old_content":"","_et_gb_content_width":""},"product_brand":[1457],"product_cat":[4892,1948,2566],"product_tag":[],"class_list":{"0":"post-36765","1":"product","2":"type-product","3":"status-publish","4":"has-post-thumbnail","6":"product_brand-arteoliva","7":"product_cat-getranke","8":"product_cat-konserven","9":"product_cat-natives-olivenol-extra","11":"first","12":"outofstock","13":"taxable","14":"shipping-taxable","15":"product-type-variable"},"_links":{"self":[{"href":"https:\/\/myspainfood.com\/de\/wp-json\/wp\/v2\/product\/36765","targetHints":{"allow":["GET"]}}],"collection":[{"href":"https:\/\/myspainfood.com\/de\/wp-json\/wp\/v2\/product"}],"about":[{"href":"https:\/\/myspainfood.com\/de\/wp-json\/wp\/v2\/types\/product"}],"wp:featuredmedia":[{"embeddable":true,"href":"https:\/\/myspainfood.com\/de\/wp-json\/wp\/v2\/media\/14085"}],"wp:attachment":[{"href":"https:\/\/myspainfood.com\/de\/wp-json\/wp\/v2\/media?parent=36765"}],"wp:term":[{"taxonomy":"product_brand","embeddable":true,"href":"https:\/\/myspainfood.com\/de\/wp-json\/wp\/v2\/product_brand?post=36765"},{"taxonomy":"product_cat","embeddable":true,"href":"https:\/\/myspainfood.com\/de\/wp-json\/wp\/v2\/product_cat?post=36765"},{"taxonomy":"product_tag","embeddable":true,"href":"https:\/\/myspainfood.com\/de\/wp-json\/wp\/v2\/product_tag?post=36765"}],"curies":[{"name":"wp","href":"https:\/\/api.w.org\/{rel}","templated":true}]}}