{"id":36768,"date":"2025-04-10T12:16:18","date_gmt":"2025-04-10T10:16:18","guid":{"rendered":"https:\/\/myspainfood.com\/producto\/sardinen-in-sonnenblumenoel-rias-baixas-855-g\/"},"modified":"2026-01-30T14:37:05","modified_gmt":"2026-01-30T13:37:05","slug":"sardinen-in-sonnenblumenoel-rias-baixas-855-g","status":"publish","type":"product","link":"https:\/\/myspainfood.com\/de\/producto\/sardinen-in-sonnenblumenoel-rias-baixas-855-g\/","title":{"rendered":"Sardinen in Sonnenblumen\u00f6l - Rias Baixas - 855 g"},"content":{"rendered":"<h3><strong>Sardinen in Sonnenblumen\u00f6l - R\u00edas Baixas - 855 g<\/strong><\/h3>\n<p>Die <strong>Sardinen in Sonnenblumen\u00f6l aus R\u00edas Baixas<\/strong> werden sorgf\u00e4ltig ausgew\u00e4hlt und verpackt, um ihre Frische und ihr nat\u00fcrliches Aroma zu bewahren, so dass Sie ihr ganzes Aroma genie\u00dfen k\u00f6nnen. Sie sind ideal f\u00fcr Salate, Vorspeisen oder traditionelle Rezepte und zeichnen sich durch ihre zarte Textur und ihren exquisiten Geschmack im Mund aus. <\/p>\n<p>Z\u00f6gern Sie nicht und g\u00f6nnen Sie sich die besten Sardinen. Entdecken Sie unsere Auswahl an <a href=\"https:\/\/latiendadesami.com\/categoria-producto\/conservas\/\" target=\"_blank\" rel=\"noopener noreferrer nofollow\"><b>Dosenfutter<\/b> <\/a>  <\/p>\n<h4><strong>Warum sie w\u00e4hlen<\/strong><\/h4>\n<ul>\n<li><strong>Garantierte Herkunft!<\/strong>  Gefangen in den sauberen und reichen Gew\u00e4ssern des Atlantiks, in den R\u00edas Baixas von Galicien.<\/li>\n<li><strong>Hochwertiges Sonnenblumen\u00f6l, das dem<\/strong>Geschmack Geschmeidigkeit und Ausgewogenheit <strong>verleiht<\/strong>.<\/li>\n<li><strong>Format<\/strong>: 855 g Dose, ideal f\u00fcr Familien oder besondere Anl\u00e4sse.<\/li>\n<\/ul>\n","protected":false},"excerpt":{"rendered":"<p>Sardinen in Sonnenblumen\u00f6l - R\u00edas Baixas - 855 g Die Sardinen in Sonnenblumen\u00f6l aus R\u00edas Baixas werden sorgf\u00e4ltig ausgew\u00e4hlt und verpackt, um ihre Frische und ihr nat\u00fcrliches Aroma zu bewahren, so dass Sie ihr ganzes Aroma genie\u00dfen k\u00f6nnen. Sie sind ideal f\u00fcr Salate, Vorspeisen oder traditionelle Rezepte und zeichnen sich durch ihre zarte Textur und [&hellip;]<\/p>\n","protected":false},"featured_media":15543,"template":"","meta":{"_et_pb_use_builder":"","_et_pb_old_content":"","_et_gb_content_width":""},"product_brand":[],"product_cat":[1948],"product_tag":[],"class_list":{"0":"post-36768","1":"product","2":"type-product","3":"status-publish","4":"has-post-thumbnail","6":"product_cat-konserven","8":"first","9":"outofstock","10":"taxable","11":"shipping-taxable","12":"product-type-variable"},"_links":{"self":[{"href":"https:\/\/myspainfood.com\/de\/wp-json\/wp\/v2\/product\/36768","targetHints":{"allow":["GET"]}}],"collection":[{"href":"https:\/\/myspainfood.com\/de\/wp-json\/wp\/v2\/product"}],"about":[{"href":"https:\/\/myspainfood.com\/de\/wp-json\/wp\/v2\/types\/product"}],"wp:featuredmedia":[{"embeddable":true,"href":"https:\/\/myspainfood.com\/de\/wp-json\/wp\/v2\/media\/15543"}],"wp:attachment":[{"href":"https:\/\/myspainfood.com\/de\/wp-json\/wp\/v2\/media?parent=36768"}],"wp:term":[{"taxonomy":"product_brand","embeddable":true,"href":"https:\/\/myspainfood.com\/de\/wp-json\/wp\/v2\/product_brand?post=36768"},{"taxonomy":"product_cat","embeddable":true,"href":"https:\/\/myspainfood.com\/de\/wp-json\/wp\/v2\/product_cat?post=36768"},{"taxonomy":"product_tag","embeddable":true,"href":"https:\/\/myspainfood.com\/de\/wp-json\/wp\/v2\/product_tag?post=36768"}],"curies":[{"name":"wp","href":"https:\/\/api.w.org\/{rel}","templated":true}]}}