{"id":37495,"date":"2025-04-10T12:05:45","date_gmt":"2025-04-10T10:05:45","guid":{"rendered":"https:\/\/myspainfood.com\/producto\/ruehrei-45-kg\/"},"modified":"2025-04-10T12:05:45","modified_gmt":"2025-04-10T10:05:45","slug":"ruehrei-45-kg","status":"publish","type":"product","link":"https:\/\/myspainfood.com\/de\/producto\/ruehrei-45-kg\/","title":{"rendered":"R\u00fchrei 4,5 kg"},"content":{"rendered":"<p>Diese 4,5 kg eingelegte Gurken in Wasser, Salz und Essig enthalten Oliven, Zwiebeln und Gew\u00fcrzgurken.<\/p>\n<p>Diese <a href=\"https:\/\/www.google.com\/search?q=revuelto+aceitunas+s%C3%A1ngar&amp;sxsrf=APq-WBt1wkTZta0IAEDoueZPBxEuaY8Dtw:1644308614563&amp;source=lnms&amp;tbm=isch&amp;sa=X&amp;ved=2ahUKEwjouvz21u_1AhVV_rsIHacjBd0Q_AUoAXoECAEQAw&amp;biw=1577&amp;bih=780&amp;dpr=1\" target=\"_blank\" rel=\"noopener noreferrer nofollow\">Kombination<\/a> aus Oliven und Essiggurken sorgt f\u00fcr einen unschlagbaren Geschmack in Ihren Tapas oder Vorspeisen.<\/p>\n<p>Er ist eine sehr gesunde Erg\u00e4nzung zu unserer traditionellen, nahrhaften mediterranen Ern\u00e4hrung.<\/p>\n<p>In Spanien finden wir Oliven, Gurken, Almagro-Auberginen, Karotten, Zwiebeln, ganz traditionell Kapern, Knoblauch oder sogar eine Mischung daraus.<\/p>\n<p>Sie werden oft als Tapas zu Bier serviert (nicht zu Wein, da sie Essig enthalten).<\/p>\n<p>Essiggurken haben sich von einer uralten Technik zur Konservierung von Lebensmitteln auf der ganzen Welt zu einer der beliebtesten Tapas oder Vorspeisen in der spanischen Gastronomie entwickelt.<\/p>\n<h3><strong>Vorteile von R\u00fchrei 4.5kg<\/strong><\/h3>\n<p>Wussten Sie schon, welche Vorteile 4,5 kg R\u00fchrei und Essiggurken im Allgemeinen haben? Hier ist eine Liste mit den wichtigsten davon: <\/p>\n<ul>\n<li>Reich an Probiotika.<\/li>\n<li>Sie f\u00f6rdern die Verdauung.<\/li>\n<li>Sie st\u00e4rken das Immunsystem.<\/li>\n<li>Sie reduzieren den Hei\u00dfhunger auf Zucker.<\/li>\n<li>G\u00fcnstig f\u00fcr die Gallenblase.<\/li>\n<\/ul>\n<p>&nbsp;<\/p>\n<p>Wenn Sie Oliven oder eine andere Art von <a href=\"https:\/\/latiendadesami.com\/categoria-producto\/encurtidos\/\" rel=\"noopener noreferrer nofollow\" target=\"_blank\">Gurken<\/a> kaufen m\u00f6chten, z\u00f6gern Sie nicht, einen Blick in unseren Online-Katalog zu werfen, um die gro\u00dfe Auswahl an <a href=\"https:\/\/latiendadesami.com\/categoria-producto\/encurtidos\/aceitunas\/\" target=\"_blank\" rel=\"noopener noreferrer nofollow\">Oliven<\/a> oder Revuelto 4.5kg zu sehen, die wir haben.<\/p>\n<p>Schreiben Sie uns f\u00fcr weitere Informationen.<\/p>\n","protected":false},"excerpt":{"rendered":"<p>Diese 4,5 kg eingelegte Gurken in Wasser, Salz und Essig enthalten Oliven, Zwiebeln und Gew\u00fcrzgurken. Diese Kombination aus Oliven und Essiggurken sorgt f\u00fcr einen unschlagbaren Geschmack in Ihren Tapas oder Vorspeisen. Er ist eine sehr gesunde Erg\u00e4nzung zu unserer traditionellen, nahrhaften mediterranen Ern\u00e4hrung. In Spanien finden wir Oliven, Gurken, Almagro-Auberginen, Karotten, Zwiebeln, ganz traditionell Kapern, [&hellip;]<\/p>\n","protected":false},"featured_media":7758,"template":"","meta":{"_et_pb_use_builder":"","_et_pb_old_content":"","_et_gb_content_width":""},"product_brand":[1069],"product_cat":[1597,1638,1633],"product_tag":[8140],"class_list":{"0":"post-37495","1":"product","2":"type-product","3":"status-publish","4":"has-post-thumbnail","6":"product_brand-sangar","7":"product_cat-essiggurken","8":"product_cat-gewurzgurken","9":"product_cat-oliven-de","10":"product_tag-ruhrei","12":"first","13":"outofstock","14":"taxable","15":"shipping-taxable","16":"purchasable","17":"product-type-simple"},"_links":{"self":[{"href":"https:\/\/myspainfood.com\/de\/wp-json\/wp\/v2\/product\/37495","targetHints":{"allow":["GET"]}}],"collection":[{"href":"https:\/\/myspainfood.com\/de\/wp-json\/wp\/v2\/product"}],"about":[{"href":"https:\/\/myspainfood.com\/de\/wp-json\/wp\/v2\/types\/product"}],"wp:featuredmedia":[{"embeddable":true,"href":"https:\/\/myspainfood.com\/de\/wp-json\/wp\/v2\/media\/7758"}],"wp:attachment":[{"href":"https:\/\/myspainfood.com\/de\/wp-json\/wp\/v2\/media?parent=37495"}],"wp:term":[{"taxonomy":"product_brand","embeddable":true,"href":"https:\/\/myspainfood.com\/de\/wp-json\/wp\/v2\/product_brand?post=37495"},{"taxonomy":"product_cat","embeddable":true,"href":"https:\/\/myspainfood.com\/de\/wp-json\/wp\/v2\/product_cat?post=37495"},{"taxonomy":"product_tag","embeddable":true,"href":"https:\/\/myspainfood.com\/de\/wp-json\/wp\/v2\/product_tag?post=37495"}],"curies":[{"name":"wp","href":"https:\/\/api.w.org\/{rel}","templated":true}]}}