{"id":37513,"date":"2025-04-10T12:05:09","date_gmt":"2025-04-10T10:05:09","guid":{"rendered":"https:\/\/myspainfood.com\/producto\/weisser-knoblauch-900-gr-chicon\/"},"modified":"2026-03-22T18:06:06","modified_gmt":"2026-03-22T17:06:06","slug":"weisser-knoblauch-900-gr-chicon","status":"publish","type":"product","link":"https:\/\/myspainfood.com\/de\/producto\/weisser-knoblauch-900-gr-chicon\/","title":{"rendered":"Wei\u00dfer Knoblauch 900 gr Chic\u00f3n"},"content":{"rendered":"<p><strong>Wei\u00dfer Knoblauch in \u00d6l<\/strong>, gesch\u00e4lt, verarbeitet und ger\u00e4uchert, um seinen nat\u00fcrlichen Geschmack zu mildern und gleichzeitig seine urspr\u00fcnglichen Eigenschaften zu bewahren.<\/p>\n<p>Knoblauch in \u00d6l ist eine Delikatesse f\u00fcr den Gaumen, entweder als Vorspeise oder als Beilage zu Ihren besten Gerichten.<\/p>\n<h3><strong>Vorteile von wei\u00dfem <a href=\"https:\/\/aceitunaschiconlebron.com\/catalogo\/ajos-en-aceite\/\" target=\"_blank\" rel=\"noopener noreferrer nofollow\">Knoblauch\u00f6l<\/a><\/strong><\/h3>\n<p>Wissen Sie, was die wichtigsten Vorteile von Knoblauch in \u00d6l als Pickles sind? Nun, neben vielen anderen Eigenschaften sind sie reich an Probiotika, st\u00e4rken das Immunsystem und f\u00f6rdern sogar die Verdauung. <\/p>\n<p>Essiggurken haben sich von einer uralten Technik zur Konservierung von Lebensmitteln auf der ganzen Welt zu einer der beliebtesten Tapas oder Snacks in der spanischen Gastronomie entwickelt. Neben unserem k\u00f6stlichen <strong>Knoblauch in \u00d6l<\/strong> finden Sie in unserem Online-Katalog auch andere Arten von Essiggurken wie Kapern, s\u00fc\u00dfe Banderillas oder pikante Banderillas. <\/p>\n<h3><strong>Eigenschaften Eingelegter Knoblauch<\/strong><\/h3>\n<p>Es hat <strong>antibiotische Eigenschaften<\/strong>. Knoblauch\u00f6l t\u00f6tet eine Vielzahl von Mikroben, wie Viren, Bakterien, Pilze und Parasiten. <\/p>\n<p>Er <strong>wirkt abschwellend<\/strong>, ist eine Quelle f\u00fcr Vitamin C, Enzyme und Mineralien, die die Abwehrkr\u00e4fte und die Immunit\u00e4t des K\u00f6rpers st\u00e4rken.<\/p>\n<p><strong>Knoblauch in \u00d6l sch\u00fctzt unser Herz<\/strong> vor kardiovaskul\u00e4ren Problemen wie Herzinfarkt und Atherosklerose.<\/p>\n<p>Eine weitere <strong>Eigenschaft von eingelegtem Knoblauch<\/strong> ist, dass er den Cholesterinspiegel senkt, da er in der Lage ist, die Triglyceride und das Gesamtcholesterin im Blut m\u00e4\u00dfig zu senken, was die Arterienablagerungen reduzieren kann.<\/p>\n<p>Kurz gesagt, Knoblauch in \u00d6l oder <a href=\"https:\/\/latiendadesami.com\/categoria-producto\/encurtidos\/\" target=\"_blank\" rel=\"noopener noreferrer nofollow\">eingelegter<\/a> Knoblauch hat zahlreiche Eigenschaften und Vorteile f\u00fcr die menschliche Gesundheit.<\/p>\n","protected":false},"excerpt":{"rendered":"<p>Wei\u00dfer Knoblauch in \u00d6l, gesch\u00e4lt, verarbeitet und ger\u00e4uchert, um seinen nat\u00fcrlichen Geschmack zu mildern und gleichzeitig seine urspr\u00fcnglichen Eigenschaften zu bewahren. Knoblauch in \u00d6l ist eine Delikatesse f\u00fcr den Gaumen, entweder als Vorspeise oder als Beilage zu Ihren besten Gerichten. Vorteile von wei\u00dfem Knoblauch\u00f6l Wissen Sie, was die wichtigsten Vorteile von Knoblauch in \u00d6l als [&hellip;]<\/p>\n","protected":false},"featured_media":7218,"template":"","meta":{"_et_pb_use_builder":"","_et_pb_old_content":"","_et_gb_content_width":""},"product_brand":[1036],"product_cat":[1597,1599],"product_tag":[1601,4182],"class_list":{"0":"post-37513","1":"product","2":"type-product","3":"status-publish","4":"has-post-thumbnail","6":"product_brand-chicon","7":"product_cat-essiggurken","8":"product_cat-knoblauch","9":"product_tag-knoblauch","10":"product_tag-weis","12":"first","13":"instock","14":"taxable","15":"shipping-taxable","16":"purchasable","17":"product-type-variable"},"_links":{"self":[{"href":"https:\/\/myspainfood.com\/de\/wp-json\/wp\/v2\/product\/37513","targetHints":{"allow":["GET"]}}],"collection":[{"href":"https:\/\/myspainfood.com\/de\/wp-json\/wp\/v2\/product"}],"about":[{"href":"https:\/\/myspainfood.com\/de\/wp-json\/wp\/v2\/types\/product"}],"wp:featuredmedia":[{"embeddable":true,"href":"https:\/\/myspainfood.com\/de\/wp-json\/wp\/v2\/media\/7218"}],"wp:attachment":[{"href":"https:\/\/myspainfood.com\/de\/wp-json\/wp\/v2\/media?parent=37513"}],"wp:term":[{"taxonomy":"product_brand","embeddable":true,"href":"https:\/\/myspainfood.com\/de\/wp-json\/wp\/v2\/product_brand?post=37513"},{"taxonomy":"product_cat","embeddable":true,"href":"https:\/\/myspainfood.com\/de\/wp-json\/wp\/v2\/product_cat?post=37513"},{"taxonomy":"product_tag","embeddable":true,"href":"https:\/\/myspainfood.com\/de\/wp-json\/wp\/v2\/product_tag?post=37513"}],"curies":[{"name":"wp","href":"https:\/\/api.w.org\/{rel}","templated":true}]}}