{"id":37522,"date":"2025-04-10T12:05:09","date_gmt":"2025-04-10T10:05:09","guid":{"rendered":"https:\/\/myspainfood.com\/producto\/obregon-partei\/"},"modified":"2025-04-10T12:05:09","modified_gmt":"2025-04-10T10:05:09","slug":"obregon-partei","status":"publish","type":"product","link":"https:\/\/myspainfood.com\/de\/producto\/obregon-partei\/","title":{"rendered":"Obreg\u00f3n Partei"},"content":{"rendered":"<p>Die Chic\u00f3n Lebr\u00f3n Oliven werden in Antequera (M\u00e1laga) hergestellt, gew\u00fcrzt und verpackt. Sie werden von Hand geerntet und sind bekannt f\u00fcr ihre Qualit\u00e4t und ihren unvergleichlichen Geschmack.<\/p>\n","protected":false},"excerpt":{"rendered":"<p>Oliven Obregon geteilt<\/p>\n","protected":false},"featured_media":7164,"template":"","meta":{"_et_pb_use_builder":"","_et_pb_old_content":"","_et_gb_content_width":""},"product_brand":[1036],"product_cat":[1597,1633],"product_tag":[8142,8143],"class_list":{"0":"post-37522","1":"product","2":"type-product","3":"status-publish","4":"has-post-thumbnail","6":"product_brand-chicon","7":"product_cat-essiggurken","8":"product_cat-oliven-de","9":"product_tag-obregon-de","10":"product_tag-party-de","12":"first","13":"outofstock","14":"taxable","15":"shipping-taxable","16":"product-type-variable"},"_links":{"self":[{"href":"https:\/\/myspainfood.com\/de\/wp-json\/wp\/v2\/product\/37522","targetHints":{"allow":["GET"]}}],"collection":[{"href":"https:\/\/myspainfood.com\/de\/wp-json\/wp\/v2\/product"}],"about":[{"href":"https:\/\/myspainfood.com\/de\/wp-json\/wp\/v2\/types\/product"}],"wp:featuredmedia":[{"embeddable":true,"href":"https:\/\/myspainfood.com\/de\/wp-json\/wp\/v2\/media\/7164"}],"wp:attachment":[{"href":"https:\/\/myspainfood.com\/de\/wp-json\/wp\/v2\/media?parent=37522"}],"wp:term":[{"taxonomy":"product_brand","embeddable":true,"href":"https:\/\/myspainfood.com\/de\/wp-json\/wp\/v2\/product_brand?post=37522"},{"taxonomy":"product_cat","embeddable":true,"href":"https:\/\/myspainfood.com\/de\/wp-json\/wp\/v2\/product_cat?post=37522"},{"taxonomy":"product_tag","embeddable":true,"href":"https:\/\/myspainfood.com\/de\/wp-json\/wp\/v2\/product_tag?post=37522"}],"curies":[{"name":"wp","href":"https:\/\/api.w.org\/{rel}","templated":true}]}}