{"id":37536,"date":"2025-04-10T12:08:44","date_gmt":"2025-04-10T10:08:44","guid":{"rendered":"https:\/\/myspainfood.com\/producto\/flachs-oktopus-60-einheiten\/"},"modified":"2026-04-24T07:39:59","modified_gmt":"2026-04-24T05:39:59","slug":"flachs-oktopus-60-einheiten","status":"publish","type":"product","link":"https:\/\/myspainfood.com\/de\/producto\/flachs-oktopus-60-einheiten\/","title":{"rendered":"Flachs Oktopus 60 Einheiten"},"content":{"rendered":"<p>\u00d6l (85% Sonnenblumen\u00f6l, 15% Oliven\u00f6l), Tintenfisch, gef\u00fcllte Oliven mit Sardellen, rote Paprika, Gurken und Zwiebeln.<\/p>\n","protected":false},"excerpt":{"rendered":"<p>\u00d6l (85% Sonnenblumen\u00f6l, 15% Oliven\u00f6l), Tintenfisch, gef\u00fcllte Oliven mit Sardellen, rote Paprika, Gurken und Zwiebeln.<\/p>\n","protected":false},"featured_media":11286,"template":"","meta":{"_et_pb_use_builder":"","_et_pb_old_content":"","_et_gb_content_width":""},"product_brand":[],"product_cat":[1597,1638,1856,8145,1633,1858,1857],"product_tag":[],"class_list":{"0":"post-37536","1":"product","2":"type-product","3":"status-publish","4":"has-post-thumbnail","6":"product_cat-essiggurken","7":"product_cat-gewurzgurken","8":"product_cat-kalt","9":"product_cat-oktopus","10":"product_cat-oliven-de","11":"product_cat-pintxos-de","12":"product_cat-sardellen","13":"product_shipping_class-kalter-versand","15":"first","16":"outofstock","17":"taxable","18":"shipping-taxable","19":"purchasable","20":"product-type-simple"},"_links":{"self":[{"href":"https:\/\/myspainfood.com\/de\/wp-json\/wp\/v2\/product\/37536","targetHints":{"allow":["GET"]}}],"collection":[{"href":"https:\/\/myspainfood.com\/de\/wp-json\/wp\/v2\/product"}],"about":[{"href":"https:\/\/myspainfood.com\/de\/wp-json\/wp\/v2\/types\/product"}],"wp:featuredmedia":[{"embeddable":true,"href":"https:\/\/myspainfood.com\/de\/wp-json\/wp\/v2\/media\/11286"}],"wp:attachment":[{"href":"https:\/\/myspainfood.com\/de\/wp-json\/wp\/v2\/media?parent=37536"}],"wp:term":[{"taxonomy":"product_brand","embeddable":true,"href":"https:\/\/myspainfood.com\/de\/wp-json\/wp\/v2\/product_brand?post=37536"},{"taxonomy":"product_cat","embeddable":true,"href":"https:\/\/myspainfood.com\/de\/wp-json\/wp\/v2\/product_cat?post=37536"},{"taxonomy":"product_tag","embeddable":true,"href":"https:\/\/myspainfood.com\/de\/wp-json\/wp\/v2\/product_tag?post=37536"}],"curies":[{"name":"wp","href":"https:\/\/api.w.org\/{rel}","templated":true}]}}