{"id":37582,"date":"2025-04-10T12:08:46","date_gmt":"2025-04-10T10:08:46","guid":{"rendered":"https:\/\/myspainfood.com\/producto\/dreifache-anchovis-55-stueck\/"},"modified":"2026-04-24T07:38:45","modified_gmt":"2026-04-24T05:38:45","slug":"dreifache-anchovis-55-stueck","status":"publish","type":"product","link":"https:\/\/myspainfood.com\/de\/producto\/dreifache-anchovis-55-stueck\/","title":{"rendered":"Dreifache Anchovis 55 St\u00fcck"},"content":{"rendered":"<p>\u00d6l (85% Sonnenblumen\u00f6l, 15% Oliven\u00f6l), gef\u00fcllte Oliven <strong>mit Sardellen<\/strong>,<strong> Sardellen<\/strong> in Essig und Piparra.<\/p>\n","protected":false},"excerpt":{"rendered":"<p>\u00d6l (85% Sonnenblumen\u00f6l, 15% Oliven\u00f6l), gef\u00fcllte Oliven mit Sardellen, Sardellen in Essig und Piparra.<\/p>\n","protected":false},"featured_media":11340,"template":"","meta":{"_et_pb_use_builder":"","_et_pb_old_content":"","_et_gb_content_width":""},"product_brand":[],"product_cat":[1597,1856,1633,1858,1893,1857],"product_tag":[],"class_list":{"0":"post-37582","1":"product","2":"type-product","3":"status-publish","4":"has-post-thumbnail","6":"product_cat-essiggurken","7":"product_cat-kalt","8":"product_cat-oliven-de","9":"product_cat-pintxos-de","10":"product_cat-sardellen-de","11":"product_cat-sardellen","12":"product_shipping_class-kalter-versand","14":"first","15":"instock","16":"taxable","17":"shipping-taxable","18":"purchasable","19":"product-type-simple"},"_links":{"self":[{"href":"https:\/\/myspainfood.com\/de\/wp-json\/wp\/v2\/product\/37582","targetHints":{"allow":["GET"]}}],"collection":[{"href":"https:\/\/myspainfood.com\/de\/wp-json\/wp\/v2\/product"}],"about":[{"href":"https:\/\/myspainfood.com\/de\/wp-json\/wp\/v2\/types\/product"}],"wp:featuredmedia":[{"embeddable":true,"href":"https:\/\/myspainfood.com\/de\/wp-json\/wp\/v2\/media\/11340"}],"wp:attachment":[{"href":"https:\/\/myspainfood.com\/de\/wp-json\/wp\/v2\/media?parent=37582"}],"wp:term":[{"taxonomy":"product_brand","embeddable":true,"href":"https:\/\/myspainfood.com\/de\/wp-json\/wp\/v2\/product_brand?post=37582"},{"taxonomy":"product_cat","embeddable":true,"href":"https:\/\/myspainfood.com\/de\/wp-json\/wp\/v2\/product_cat?post=37582"},{"taxonomy":"product_tag","embeddable":true,"href":"https:\/\/myspainfood.com\/de\/wp-json\/wp\/v2\/product_tag?post=37582"}],"curies":[{"name":"wp","href":"https:\/\/api.w.org\/{rel}","templated":true}]}}