{"id":37893,"date":"2025-04-10T12:10:39","date_gmt":"2025-04-10T10:10:39","guid":{"rendered":"https:\/\/myspainfood.com\/producto\/aubergine-gehackt-almagro-45-kg-roh\/"},"modified":"2025-04-10T12:10:39","modified_gmt":"2025-04-10T10:10:39","slug":"aubergine-gehackt-almagro-45-kg-roh","status":"publish","type":"product","link":"https:\/\/myspainfood.com\/de\/producto\/aubergine-gehackt-almagro-45-kg-roh\/","title":{"rendered":"Aubergine, gehackt Almagro 4,5 kg roh"},"content":{"rendered":"<p>Die gehackten Auberginen von Almagro sind ein traditionelles Produkt aus der Region Campo de Calatrava, im Herzen von La <a href=\"https:\/\/www.laencajera.es\/berenjenas-de-almagro\" target=\"_blank\" rel=\"noopener noreferrer nofollow\">Mancha<\/a>.<\/p>\n<p>Ein Produkt mit gesch\u00fctzter geografischer Angabe, das zu einem gastronomischen Bezugspunkt geworden ist, ob als Aperitif, in warmen oder kalten Gerichten.<\/p>\n<p>Zutaten: Aubergine &#8222;De Almagro&#8220;, Wasser, Salz, Weinessig, Pfeffer, Fenchel, nat\u00fcrliche Gew\u00fcrze (Knoblauch, K\u00fcmmel, Paprika, Oliven\u00f6l), Geschmacksverst\u00e4rker (E-621), S\u00e4uerungsmittel (E-330), Konservierungsmittel (E-270, E-211, E-202E-223), Antioxidationsmittel (E-300) und nat\u00fcrliche Aromen.<\/p>\n<p>An einem k\u00fchlen, trockenen Ort zwischen 3\u00baC und 10\u00baC aufbewahren.<\/p>\n<p>Sch\u00fctzen Sie es vor Sonnenlicht und starken Ger\u00fcchen.<\/p>\n<p>Aubergine von Almagro, nach dem \u00d6ffnen der Packung k\u00fchl lagern und innerhalb von 30 Tagen verbrauchen.<\/p>\n<p>Wenn Sie Oliven oder eine andere Art von <a href=\"https:\/\/latiendadesami.com\/categoria-producto\/encurtidos\/\" rel=\"noopener noreferrer nofollow\" target=\"_blank\">Essiggurken<\/a> kaufen m\u00f6chten, z\u00f6gern Sie nicht, einen Blick in unseren Online-Katalog zu werfen, um die gro\u00dfe Auswahl an <a href=\"https:\/\/latiendadesami.com\/categoria-producto\/encurtidos\/berenjenas\/\" target=\"_blank\" rel=\"noopener noreferrer nofollow\">Auberginen<\/a> zu sehen, die wir anbieten.<\/p>\n<p>Bei der Marke handelt es sich um La Encajonera, ein 1990 gegr\u00fcndetes Familienunternehmen mit Sitz im Herzen von La Mancha, in der Stadt ALMAGRO in der Provinz Ciudad Real.<\/p>\n<p>Der Herstellungsprozess seiner Produkte beginnt im gleichen Anbaugebiet, wo das beste Qualit\u00e4tsprodukt ausgew\u00e4hlt wird.<\/p>\n<p>Die Fabrik ist mit der modernsten Technologie ausgestattet und bewahrt gleichzeitig die Tradition und das Know-how ihrer Handwerker.<\/p>\n","protected":false},"excerpt":{"rendered":"<p>Die gehackten Auberginen von Almagro sind ein traditionelles Produkt aus der Region Campo de Calatrava, im Herzen von La Mancha. Ein Produkt mit gesch\u00fctzter geografischer Angabe, das zu einem gastronomischen Bezugspunkt geworden ist, ob als Aperitif, in warmen oder kalten Gerichten. Zutaten: Aubergine &#8222;De Almagro&#8220;, Wasser, Salz, Weinessig, Pfeffer, Fenchel, nat\u00fcrliche Gew\u00fcrze (Knoblauch, K\u00fcmmel, Paprika, [&hellip;]<\/p>\n","protected":false},"featured_media":13014,"template":"","meta":{"_et_pb_use_builder":"","_et_pb_old_content":"","_et_gb_content_width":""},"product_brand":[1057],"product_cat":[2118,1597],"product_tag":[2119],"class_list":{"0":"post-37893","1":"product","2":"type-product","3":"status-publish","4":"has-post-thumbnail","6":"product_brand-la-encajera","7":"product_cat-auberginen","8":"product_cat-essiggurken","9":"product_tag-alinada-de","11":"first","12":"instock","13":"taxable","14":"shipping-taxable","15":"purchasable","16":"product-type-simple"},"_links":{"self":[{"href":"https:\/\/myspainfood.com\/de\/wp-json\/wp\/v2\/product\/37893","targetHints":{"allow":["GET"]}}],"collection":[{"href":"https:\/\/myspainfood.com\/de\/wp-json\/wp\/v2\/product"}],"about":[{"href":"https:\/\/myspainfood.com\/de\/wp-json\/wp\/v2\/types\/product"}],"wp:featuredmedia":[{"embeddable":true,"href":"https:\/\/myspainfood.com\/de\/wp-json\/wp\/v2\/media\/13014"}],"wp:attachment":[{"href":"https:\/\/myspainfood.com\/de\/wp-json\/wp\/v2\/media?parent=37893"}],"wp:term":[{"taxonomy":"product_brand","embeddable":true,"href":"https:\/\/myspainfood.com\/de\/wp-json\/wp\/v2\/product_brand?post=37893"},{"taxonomy":"product_cat","embeddable":true,"href":"https:\/\/myspainfood.com\/de\/wp-json\/wp\/v2\/product_cat?post=37893"},{"taxonomy":"product_tag","embeddable":true,"href":"https:\/\/myspainfood.com\/de\/wp-json\/wp\/v2\/product_tag?post=37893"}],"curies":[{"name":"wp","href":"https:\/\/api.w.org\/{rel}","templated":true}]}}