{"id":37914,"date":"2025-04-10T12:10:07","date_gmt":"2025-04-10T10:10:07","guid":{"rendered":"https:\/\/myspainfood.com\/producto\/assortierte-iberische-pasteten-gourmet-cazorla\/"},"modified":"2025-04-10T12:10:07","modified_gmt":"2025-04-10T10:10:07","slug":"assortierte-iberische-pasteten-gourmet-cazorla","status":"publish","type":"product","link":"https:\/\/myspainfood.com\/de\/producto\/assortierte-iberische-pasteten-gourmet-cazorla\/","title":{"rendered":"Assortierte iberische Pasteten Gourmet Cazorla"},"content":{"rendered":"<p>Diese Schachtel enth\u00e4lt 6 unserer traditionellen Gourmet Cazorla Pasteten.<\/p>\n<p> Das perfekte Geschenk f\u00fcr Ihre Lieben&#8230; zum Geburtstag, zu Weihnachten, als Dankesch\u00f6n f\u00fcr eine Leistung oder einfach nur so, und auch f\u00fcr Sie, weil Sie es verdient haben.<\/p>\n","protected":false},"excerpt":{"rendered":"<p>Diese Schachtel enth\u00e4lt 6 unserer traditionellen Gourmet Cazorla Pasteten. Das perfekte Geschenk f\u00fcr Ihre Lieben&#8230; zum Geburtstag, zu Weihnachten, als Dankesch\u00f6n f\u00fcr eine Leistung oder einfach nur so, und auch f\u00fcr Sie, weil Sie es verdient haben.<\/p>\n","protected":false},"featured_media":12384,"template":"","meta":{"_et_pb_use_builder":"","_et_pb_old_content":"","_et_gb_content_width":""},"product_brand":[],"product_cat":[1948,8191],"product_tag":[],"class_list":{"0":"post-37914","1":"product","2":"type-product","3":"status-publish","4":"has-post-thumbnail","6":"product_cat-konserven","7":"product_cat-pastete-de","9":"first","10":"instock","11":"taxable","12":"shipping-taxable","13":"purchasable","14":"product-type-simple"},"_links":{"self":[{"href":"https:\/\/myspainfood.com\/de\/wp-json\/wp\/v2\/product\/37914","targetHints":{"allow":["GET"]}}],"collection":[{"href":"https:\/\/myspainfood.com\/de\/wp-json\/wp\/v2\/product"}],"about":[{"href":"https:\/\/myspainfood.com\/de\/wp-json\/wp\/v2\/types\/product"}],"wp:featuredmedia":[{"embeddable":true,"href":"https:\/\/myspainfood.com\/de\/wp-json\/wp\/v2\/media\/12384"}],"wp:attachment":[{"href":"https:\/\/myspainfood.com\/de\/wp-json\/wp\/v2\/media?parent=37914"}],"wp:term":[{"taxonomy":"product_brand","embeddable":true,"href":"https:\/\/myspainfood.com\/de\/wp-json\/wp\/v2\/product_brand?post=37914"},{"taxonomy":"product_cat","embeddable":true,"href":"https:\/\/myspainfood.com\/de\/wp-json\/wp\/v2\/product_cat?post=37914"},{"taxonomy":"product_tag","embeddable":true,"href":"https:\/\/myspainfood.com\/de\/wp-json\/wp\/v2\/product_tag?post=37914"}],"curies":[{"name":"wp","href":"https:\/\/api.w.org\/{rel}","templated":true}]}}